{"id":21755,"date":"2026-01-27T09:23:24","date_gmt":"2026-01-27T09:23:24","guid":{"rendered":"https:\/\/aronica.ch\/?post_type=product&#038;p=21755"},"modified":"2026-04-09T15:08:34","modified_gmt":"2026-04-09T15:08:34","slug":"leng-aronie-molle-500-ml","status":"publish","type":"product","link":"https:\/\/aronica.ch\/sq\/produkt\/leng-aronie-molle-500-ml\/","title":{"rendered":"L\u00ebng Aronie &#038; Moll\u00eb 500 ml"},"content":{"rendered":"<p data-start=\"86\" data-end=\"181\">Kombinimi i aronis\u00eb me moll\u00ebn krijon nj\u00eb pije me shije t\u00eb balancuar dhe arom\u00eb natyrale frutash.<\/p>\n<p data-start=\"183\" data-end=\"281\">Ky l\u00ebng prodhohet nga fruta dhe nuk p\u00ebrmban sheqer t\u00eb shtuar, ngjyrues artificial\u00eb apo konservues.<\/p>\n<p data-start=\"283\" data-end=\"312\"><strong data-start=\"283\" data-end=\"312\">Karakteristikat kryesore:<\/strong><\/p>\n<ul data-start=\"314\" data-end=\"537\">\n<li data-section-id=\"10c98tj\" data-start=\"314\" data-end=\"359\">P\u00ebrmban antioksidant\u00eb natyral\u00eb nga frutat<\/li>\n<li data-section-id=\"1u6bp5c\" data-start=\"360\" data-end=\"417\">Pjes\u00eb e nj\u00eb ushqyerjeje t\u00eb balancuar dhe t\u00eb larmishme<\/li>\n<li data-section-id=\"46mmio\" data-start=\"418\" data-end=\"467\">Shije e balancuar nd\u00ebrmjet aronis\u00eb dhe moll\u00ebs<\/li>\n<li data-section-id=\"a6c7bw\" data-start=\"468\" data-end=\"513\">Pa konservues dhe pa ngjyrues artificial\u00eb<\/li>\n<li data-section-id=\"12o7huf\" data-start=\"514\" data-end=\"537\">Pa sheqer t\u00eb shtuar<\/li>\n<\/ul>\n<p data-start=\"539\" data-end=\"561\"><strong data-start=\"539\" data-end=\"552\">Paketimi:<\/strong> 500 ml<\/p>\n<p data-start=\"563\" data-end=\"714\"><strong data-start=\"563\" data-end=\"576\">P\u00ebrb\u00ebrja:<\/strong> Uj\u00eb i filtruar 85 %, l\u00ebng natyral fruti aronis\u00eb 8 %, ekstrakt \u00e7aji t\u00eb zi 1.4 %, ekstrakt mente 0.5 %, sheqer 5 % dhe acid citrik 0.1 %.<\/p>\n<p data-start=\"716\" data-end=\"769\"><strong data-start=\"716\" data-end=\"739\">Afati i p\u00ebrdorimit:<\/strong> 2 vite nga data e prodhimit<\/p>\n<p data-start=\"771\" data-end=\"826\"><strong data-start=\"771\" data-end=\"791\">Paketimi (cop\u00eb):<\/strong> 12<\/p>\n<p data-start=\"771\" data-end=\"826\"><strong data-start=\"797\" data-end=\"821\">Paketime p\u00ebr palet\u00eb:<\/strong> 88<\/p>\n<p data-start=\"828\" data-end=\"1080\">Pas hapjes, ruajeni n\u00eb frigorifer dhe konsumojeni brenda 2\u20133 dit\u00ebve. I paketuar n\u00eb ambalazh miq\u00ebsor me mjedisin dhe t\u00eb sigurt p\u00ebr konsum. Pije natyrale dhe freskuese nga aronia dhe menta, me shije t\u00eb balancuar dhe efekt freskues, perfekte p\u00ebr \u00e7do rast.<\/p>\n","protected":false},"excerpt":{"rendered":"<p>Kombinimi i aronis\u00eb me moll\u00eb sjell nj\u00eb pije me shije t\u00eb balancuar dhe arom\u00eb natyrale frutash. Ky l\u00ebng \u00ebsht\u00eb i p\u00ebrgatitur nga fruta dhe nuk p\u00ebrmban sheqer t\u00eb shtuar, ngjyrues apo konservues artificial\u00eb.<\/p>\n","protected":false},"featured_media":21754,"template":"","meta":{"_acf_changed":false},"product_brand":[],"product_cat":[158],"product_tag":[],"class_list":{"0":"post-21755","1":"product","2":"type-product","3":"status-publish","4":"has-post-thumbnail","6":"product_cat-lengje","8":"first","9":"instock","10":"shipping-taxable","11":"purchasable","12":"product-type-variable","13":"has-default-attributes"},"acf":[],"yoast_head":"<!-- This site is optimized with the Yoast SEO plugin v27.4 - https:\/\/yoast.com\/product\/yoast-seo-wordpress\/ -->\n<title>L\u00ebng Aronie &amp; Moll\u00eb 500 ml - Aronica<\/title>\n<meta name=\"robots\" content=\"index, follow, max-snippet:-1, max-image-preview:large, max-video-preview:-1\" \/>\n<link rel=\"canonical\" href=\"https:\/\/aronica.ch\/sq\/produkt\/leng-aronie-molle-500-ml\/\" \/>\n<meta property=\"og:locale\" content=\"sq_AL\" \/>\n<meta property=\"og:type\" content=\"article\" \/>\n<meta property=\"og:title\" content=\"L\u00ebng Aronie &amp; Moll\u00eb 500 ml - Aronica\" \/>\n<meta property=\"og:description\" content=\"Kombinimi i aronis\u00eb me moll\u00eb sjell nj\u00eb pije me shije t\u00eb balancuar dhe arom\u00eb natyrale frutash. Ky l\u00ebng \u00ebsht\u00eb i p\u00ebrgatitur nga fruta dhe nuk p\u00ebrmban sheqer t\u00eb shtuar, ngjyrues apo konservues artificial\u00eb.\" \/>\n<meta property=\"og:url\" content=\"https:\/\/aronica.ch\/sq\/produkt\/leng-aronie-molle-500-ml\/\" \/>\n<meta property=\"og:site_name\" content=\"Aronica\" \/>\n<meta property=\"article:modified_time\" content=\"2026-04-09T15:08:34+00:00\" \/>\n<meta property=\"og:image\" content=\"https:\/\/aronica.ch\/wp-content\/uploads\/2026\/01\/Apple-a5-1.png\" \/>\n\t<meta property=\"og:image:width\" content=\"750\" \/>\n\t<meta property=\"og:image:height\" content=\"750\" \/>\n\t<meta property=\"og:image:type\" content=\"image\/png\" \/>\n<meta name=\"twitter:card\" content=\"summary_large_image\" \/>\n<meta name=\"twitter:label1\" content=\"Est. reading time\" \/>\n\t<meta name=\"twitter:data1\" content=\"2 minuta\" \/>\n<script type=\"application\/ld+json\" class=\"yoast-schema-graph\">{\"@context\":\"https:\\\/\\\/schema.org\",\"@graph\":[{\"@type\":\"WebPage\",\"@id\":\"https:\\\/\\\/aronica.ch\\\/sq\\\/produkt\\\/leng-aronie-molle-500-ml\\\/\",\"url\":\"https:\\\/\\\/aronica.ch\\\/sq\\\/produkt\\\/leng-aronie-molle-500-ml\\\/\",\"name\":\"L\u00ebng Aronie & Moll\u00eb 500 ml - Aronica\",\"isPartOf\":{\"@id\":\"https:\\\/\\\/aronica.ch\\\/sq\\\/#website\"},\"primaryImageOfPage\":{\"@id\":\"https:\\\/\\\/aronica.ch\\\/sq\\\/produkt\\\/leng-aronie-molle-500-ml\\\/#primaryimage\"},\"image\":{\"@id\":\"https:\\\/\\\/aronica.ch\\\/sq\\\/produkt\\\/leng-aronie-molle-500-ml\\\/#primaryimage\"},\"thumbnailUrl\":\"https:\\\/\\\/aronica.ch\\\/wp-content\\\/uploads\\\/2026\\\/01\\\/Apple-a5-1.png\",\"datePublished\":\"2026-01-27T09:23:24+00:00\",\"dateModified\":\"2026-04-09T15:08:34+00:00\",\"breadcrumb\":{\"@id\":\"https:\\\/\\\/aronica.ch\\\/sq\\\/produkt\\\/leng-aronie-molle-500-ml\\\/#breadcrumb\"},\"inLanguage\":\"sq\",\"potentialAction\":[{\"@type\":\"ReadAction\",\"target\":[\"https:\\\/\\\/aronica.ch\\\/sq\\\/produkt\\\/leng-aronie-molle-500-ml\\\/\"]}]},{\"@type\":\"ImageObject\",\"inLanguage\":\"sq\",\"@id\":\"https:\\\/\\\/aronica.ch\\\/sq\\\/produkt\\\/leng-aronie-molle-500-ml\\\/#primaryimage\",\"url\":\"https:\\\/\\\/aronica.ch\\\/wp-content\\\/uploads\\\/2026\\\/01\\\/Apple-a5-1.png\",\"contentUrl\":\"https:\\\/\\\/aronica.ch\\\/wp-content\\\/uploads\\\/2026\\\/01\\\/Apple-a5-1.png\",\"width\":750,\"height\":750},{\"@type\":\"BreadcrumbList\",\"@id\":\"https:\\\/\\\/aronica.ch\\\/sq\\\/produkt\\\/leng-aronie-molle-500-ml\\\/#breadcrumb\",\"itemListElement\":[{\"@type\":\"ListItem\",\"position\":1,\"name\":\"Start\",\"item\":\"https:\\\/\\\/aronica.ch\\\/sq\\\/\"},{\"@type\":\"ListItem\",\"position\":2,\"name\":\"Products\",\"item\":\"https:\\\/\\\/aronica.ch\\\/products\\\/\"},{\"@type\":\"ListItem\",\"position\":3,\"name\":\"L\u00ebng Aronie &#038; Moll\u00eb 500 ml\"}]},{\"@type\":\"WebSite\",\"@id\":\"https:\\\/\\\/aronica.ch\\\/sq\\\/#website\",\"url\":\"https:\\\/\\\/aronica.ch\\\/sq\\\/\",\"name\":\"Aronica\",\"description\":\"Startseite\",\"potentialAction\":[{\"@type\":\"SearchAction\",\"target\":{\"@type\":\"EntryPoint\",\"urlTemplate\":\"https:\\\/\\\/aronica.ch\\\/sq\\\/?s={search_term_string}\"},\"query-input\":{\"@type\":\"PropertyValueSpecification\",\"valueRequired\":true,\"valueName\":\"search_term_string\"}}],\"inLanguage\":\"sq\"}]}<\/script>\n<!-- \/ Yoast SEO plugin. -->","yoast_head_json":{"title":"L\u00ebng Aronie & Moll\u00eb 500 ml - Aronica","robots":{"index":"index","follow":"follow","max-snippet":"max-snippet:-1","max-image-preview":"max-image-preview:large","max-video-preview":"max-video-preview:-1"},"canonical":"https:\/\/aronica.ch\/sq\/produkt\/leng-aronie-molle-500-ml\/","og_locale":"sq_AL","og_type":"article","og_title":"L\u00ebng Aronie & Moll\u00eb 500 ml - Aronica","og_description":"Kombinimi i aronis\u00eb me moll\u00eb sjell nj\u00eb pije me shije t\u00eb balancuar dhe arom\u00eb natyrale frutash. Ky l\u00ebng \u00ebsht\u00eb i p\u00ebrgatitur nga fruta dhe nuk p\u00ebrmban sheqer t\u00eb shtuar, ngjyrues apo konservues artificial\u00eb.","og_url":"https:\/\/aronica.ch\/sq\/produkt\/leng-aronie-molle-500-ml\/","og_site_name":"Aronica","article_modified_time":"2026-04-09T15:08:34+00:00","og_image":[{"width":750,"height":750,"url":"https:\/\/aronica.ch\/wp-content\/uploads\/2026\/01\/Apple-a5-1.png","type":"image\/png"}],"twitter_card":"summary_large_image","twitter_misc":{"Est. reading time":"2 minuta"},"schema":{"@context":"https:\/\/schema.org","@graph":[{"@type":"WebPage","@id":"https:\/\/aronica.ch\/sq\/produkt\/leng-aronie-molle-500-ml\/","url":"https:\/\/aronica.ch\/sq\/produkt\/leng-aronie-molle-500-ml\/","name":"L\u00ebng Aronie & Moll\u00eb 500 ml - Aronica","isPartOf":{"@id":"https:\/\/aronica.ch\/sq\/#website"},"primaryImageOfPage":{"@id":"https:\/\/aronica.ch\/sq\/produkt\/leng-aronie-molle-500-ml\/#primaryimage"},"image":{"@id":"https:\/\/aronica.ch\/sq\/produkt\/leng-aronie-molle-500-ml\/#primaryimage"},"thumbnailUrl":"https:\/\/aronica.ch\/wp-content\/uploads\/2026\/01\/Apple-a5-1.png","datePublished":"2026-01-27T09:23:24+00:00","dateModified":"2026-04-09T15:08:34+00:00","breadcrumb":{"@id":"https:\/\/aronica.ch\/sq\/produkt\/leng-aronie-molle-500-ml\/#breadcrumb"},"inLanguage":"sq","potentialAction":[{"@type":"ReadAction","target":["https:\/\/aronica.ch\/sq\/produkt\/leng-aronie-molle-500-ml\/"]}]},{"@type":"ImageObject","inLanguage":"sq","@id":"https:\/\/aronica.ch\/sq\/produkt\/leng-aronie-molle-500-ml\/#primaryimage","url":"https:\/\/aronica.ch\/wp-content\/uploads\/2026\/01\/Apple-a5-1.png","contentUrl":"https:\/\/aronica.ch\/wp-content\/uploads\/2026\/01\/Apple-a5-1.png","width":750,"height":750},{"@type":"BreadcrumbList","@id":"https:\/\/aronica.ch\/sq\/produkt\/leng-aronie-molle-500-ml\/#breadcrumb","itemListElement":[{"@type":"ListItem","position":1,"name":"Start","item":"https:\/\/aronica.ch\/sq\/"},{"@type":"ListItem","position":2,"name":"Products","item":"https:\/\/aronica.ch\/products\/"},{"@type":"ListItem","position":3,"name":"L\u00ebng Aronie &#038; Moll\u00eb 500 ml"}]},{"@type":"WebSite","@id":"https:\/\/aronica.ch\/sq\/#website","url":"https:\/\/aronica.ch\/sq\/","name":"Aronica","description":"Startseite","potentialAction":[{"@type":"SearchAction","target":{"@type":"EntryPoint","urlTemplate":"https:\/\/aronica.ch\/sq\/?s={search_term_string}"},"query-input":{"@type":"PropertyValueSpecification","valueRequired":true,"valueName":"search_term_string"}}],"inLanguage":"sq"}]}},"_links":{"self":[{"href":"https:\/\/aronica.ch\/sq\/wp-json\/wp\/v2\/product\/21755","targetHints":{"allow":["GET"]}}],"collection":[{"href":"https:\/\/aronica.ch\/sq\/wp-json\/wp\/v2\/product"}],"about":[{"href":"https:\/\/aronica.ch\/sq\/wp-json\/wp\/v2\/types\/product"}],"wp:featuredmedia":[{"embeddable":true,"href":"https:\/\/aronica.ch\/sq\/wp-json\/wp\/v2\/media\/21754"}],"wp:attachment":[{"href":"https:\/\/aronica.ch\/sq\/wp-json\/wp\/v2\/media?parent=21755"}],"wp:term":[{"taxonomy":"product_brand","embeddable":true,"href":"https:\/\/aronica.ch\/sq\/wp-json\/wp\/v2\/product_brand?post=21755"},{"taxonomy":"product_cat","embeddable":true,"href":"https:\/\/aronica.ch\/sq\/wp-json\/wp\/v2\/product_cat?post=21755"},{"taxonomy":"product_tag","embeddable":true,"href":"https:\/\/aronica.ch\/sq\/wp-json\/wp\/v2\/product_tag?post=21755"}],"curies":[{"name":"wp","href":"https:\/\/api.w.org\/{rel}","templated":true}]}}