{"id":21189,"date":"2026-01-27T10:06:18","date_gmt":"2026-01-27T10:06:18","guid":{"rendered":"https:\/\/aronica.ch\/product\/arotea-zimt-500-ml\/"},"modified":"2026-04-09T15:21:43","modified_gmt":"2026-04-09T15:21:43","slug":"arotea-kanelle-500-ml","status":"publish","type":"product","link":"https:\/\/aronica.ch\/sq\/produkt\/arotea-kanelle-500-ml\/","title":{"rendered":"Arotea Kanell\u00eb 500 ml"},"content":{"rendered":"<p data-start=\"86\" data-end=\"258\">Nj\u00eb kombinim i aronis\u00eb me arom\u00ebn karakteristike t\u00eb kanell\u00ebs, q\u00eb krijon nj\u00eb pije me shije t\u00eb ve\u00e7ant\u00eb dhe nj\u00eb arom\u00eb t\u00eb ngroht\u00eb. Ideale p\u00ebr t\u2019u shijuar n\u00eb \u00e7do moment t\u00eb dit\u00ebs.<\/p>\n<p data-start=\"260\" data-end=\"423\"><strong data-start=\"260\" data-end=\"275\">P\u00ebrb\u00ebr\u00ebsit:<\/strong> Uj\u00eb i filtruar 86 %, l\u00ebng natyral fruti aronis\u00eb 6 %, ekstrakt \u00e7aji t\u00eb zi 1.5 %, sheqer 5.5 %, acid citrik 0.5 % dhe arom\u00eb natyrale kanelle 0.5 %.<\/p>\n<p data-start=\"425\" data-end=\"478\"><strong data-start=\"425\" data-end=\"448\">Afati i p\u00ebrdorimit:<\/strong> 2 vite nga data e prodhimit<\/p>\n<p data-start=\"480\" data-end=\"535\"><strong data-start=\"480\" data-end=\"500\">Paketimi (cop\u00eb):<\/strong> 12<\/p>\n<p data-start=\"480\" data-end=\"535\"><strong data-start=\"506\" data-end=\"530\">Paketime p\u00ebr palet\u00eb:<\/strong> 88<\/p>\n<p data-start=\"537\" data-end=\"607\">Pas hapjes, ruajeni n\u00eb frigorifer dhe konsumojeni brenda 2\u20133 dit\u00ebve.<\/p>\n<p data-start=\"609\" data-end=\"727\">Pije natyrale dhe freskuese nga aronia dhe kanella, me shije t\u00eb balancuar dhe efekt gjall\u00ebrues. Ideale p\u00ebr \u00e7do moment.<\/p>\n","protected":false},"excerpt":{"rendered":"<p>Nj\u00eb kombinim i aronis\u00eb me arom\u00ebn karakteristike t\u00eb kanell\u00ebs, q\u00eb krijon nj\u00eb pije me shije t\u00eb ve\u00e7ant\u00eb dhe arom\u00eb t\u00eb ngroht\u00eb. Ideale p\u00ebr t\u2019u shijuar n\u00eb \u00e7do moment t\u00eb dit\u00ebs.<\/p>\n","protected":false},"featured_media":21187,"template":"","meta":{"_acf_changed":false},"product_brand":[],"product_cat":[157],"product_tag":[],"class_list":{"0":"post-21189","1":"product","2":"type-product","3":"status-publish","4":"has-post-thumbnail","6":"product_cat-arotea","8":"first","9":"instock","10":"shipping-taxable","11":"purchasable","12":"product-type-variable","13":"has-default-attributes"},"acf":[],"yoast_head":"<!-- This site is optimized with the Yoast SEO plugin v27.4 - https:\/\/yoast.com\/product\/yoast-seo-wordpress\/ -->\n<title>Arotea Kanell\u00eb 500 ml - Aronica<\/title>\n<meta name=\"robots\" content=\"index, follow, max-snippet:-1, max-image-preview:large, max-video-preview:-1\" \/>\n<link rel=\"canonical\" href=\"https:\/\/aronica.ch\/sq\/produkt\/arotea-kanelle-500-ml\/\" \/>\n<meta property=\"og:locale\" content=\"sq_AL\" \/>\n<meta property=\"og:type\" content=\"article\" \/>\n<meta property=\"og:title\" content=\"Arotea Kanell\u00eb 500 ml - Aronica\" \/>\n<meta property=\"og:description\" content=\"Nj\u00eb kombinim i aronis\u00eb me arom\u00ebn karakteristike t\u00eb kanell\u00ebs, q\u00eb krijon nj\u00eb pije me shije t\u00eb ve\u00e7ant\u00eb dhe arom\u00eb t\u00eb ngroht\u00eb. Ideale p\u00ebr t\u2019u shijuar n\u00eb \u00e7do moment t\u00eb dit\u00ebs.\" \/>\n<meta property=\"og:url\" content=\"https:\/\/aronica.ch\/sq\/produkt\/arotea-kanelle-500-ml\/\" \/>\n<meta property=\"og:site_name\" content=\"Aronica\" \/>\n<meta property=\"article:modified_time\" content=\"2026-04-09T15:21:43+00:00\" \/>\n<meta property=\"og:image\" content=\"https:\/\/aronica.ch\/wp-content\/uploads\/2026\/01\/Cinamon5.png\" \/>\n\t<meta property=\"og:image:width\" content=\"750\" \/>\n\t<meta property=\"og:image:height\" content=\"750\" \/>\n\t<meta property=\"og:image:type\" content=\"image\/png\" \/>\n<meta name=\"twitter:card\" content=\"summary_large_image\" \/>\n<meta name=\"twitter:label1\" content=\"Est. reading time\" \/>\n\t<meta name=\"twitter:data1\" content=\"1 minut\u00eb\" \/>\n<script type=\"application\/ld+json\" class=\"yoast-schema-graph\">{\"@context\":\"https:\\\/\\\/schema.org\",\"@graph\":[{\"@type\":\"WebPage\",\"@id\":\"https:\\\/\\\/aronica.ch\\\/sq\\\/produkt\\\/arotea-kanelle-500-ml\\\/\",\"url\":\"https:\\\/\\\/aronica.ch\\\/sq\\\/produkt\\\/arotea-kanelle-500-ml\\\/\",\"name\":\"Arotea Kanell\u00eb 500 ml - Aronica\",\"isPartOf\":{\"@id\":\"https:\\\/\\\/aronica.ch\\\/sq\\\/#website\"},\"primaryImageOfPage\":{\"@id\":\"https:\\\/\\\/aronica.ch\\\/sq\\\/produkt\\\/arotea-kanelle-500-ml\\\/#primaryimage\"},\"image\":{\"@id\":\"https:\\\/\\\/aronica.ch\\\/sq\\\/produkt\\\/arotea-kanelle-500-ml\\\/#primaryimage\"},\"thumbnailUrl\":\"https:\\\/\\\/aronica.ch\\\/wp-content\\\/uploads\\\/2026\\\/01\\\/Cinamon5.png\",\"datePublished\":\"2026-01-27T10:06:18+00:00\",\"dateModified\":\"2026-04-09T15:21:43+00:00\",\"breadcrumb\":{\"@id\":\"https:\\\/\\\/aronica.ch\\\/sq\\\/produkt\\\/arotea-kanelle-500-ml\\\/#breadcrumb\"},\"inLanguage\":\"sq\",\"potentialAction\":[{\"@type\":\"ReadAction\",\"target\":[\"https:\\\/\\\/aronica.ch\\\/sq\\\/produkt\\\/arotea-kanelle-500-ml\\\/\"]}]},{\"@type\":\"ImageObject\",\"inLanguage\":\"sq\",\"@id\":\"https:\\\/\\\/aronica.ch\\\/sq\\\/produkt\\\/arotea-kanelle-500-ml\\\/#primaryimage\",\"url\":\"https:\\\/\\\/aronica.ch\\\/wp-content\\\/uploads\\\/2026\\\/01\\\/Cinamon5.png\",\"contentUrl\":\"https:\\\/\\\/aronica.ch\\\/wp-content\\\/uploads\\\/2026\\\/01\\\/Cinamon5.png\",\"width\":750,\"height\":750},{\"@type\":\"BreadcrumbList\",\"@id\":\"https:\\\/\\\/aronica.ch\\\/sq\\\/produkt\\\/arotea-kanelle-500-ml\\\/#breadcrumb\",\"itemListElement\":[{\"@type\":\"ListItem\",\"position\":1,\"name\":\"Start\",\"item\":\"https:\\\/\\\/aronica.ch\\\/sq\\\/\"},{\"@type\":\"ListItem\",\"position\":2,\"name\":\"Products\",\"item\":\"https:\\\/\\\/aronica.ch\\\/products\\\/\"},{\"@type\":\"ListItem\",\"position\":3,\"name\":\"Arotea Kanell\u00eb 500 ml\"}]},{\"@type\":\"WebSite\",\"@id\":\"https:\\\/\\\/aronica.ch\\\/sq\\\/#website\",\"url\":\"https:\\\/\\\/aronica.ch\\\/sq\\\/\",\"name\":\"Aronica\",\"description\":\"Startseite\",\"potentialAction\":[{\"@type\":\"SearchAction\",\"target\":{\"@type\":\"EntryPoint\",\"urlTemplate\":\"https:\\\/\\\/aronica.ch\\\/sq\\\/?s={search_term_string}\"},\"query-input\":{\"@type\":\"PropertyValueSpecification\",\"valueRequired\":true,\"valueName\":\"search_term_string\"}}],\"inLanguage\":\"sq\"}]}<\/script>\n<!-- \/ Yoast SEO plugin. -->","yoast_head_json":{"title":"Arotea Kanell\u00eb 500 ml - Aronica","robots":{"index":"index","follow":"follow","max-snippet":"max-snippet:-1","max-image-preview":"max-image-preview:large","max-video-preview":"max-video-preview:-1"},"canonical":"https:\/\/aronica.ch\/sq\/produkt\/arotea-kanelle-500-ml\/","og_locale":"sq_AL","og_type":"article","og_title":"Arotea Kanell\u00eb 500 ml - Aronica","og_description":"Nj\u00eb kombinim i aronis\u00eb me arom\u00ebn karakteristike t\u00eb kanell\u00ebs, q\u00eb krijon nj\u00eb pije me shije t\u00eb ve\u00e7ant\u00eb dhe arom\u00eb t\u00eb ngroht\u00eb. Ideale p\u00ebr t\u2019u shijuar n\u00eb \u00e7do moment t\u00eb dit\u00ebs.","og_url":"https:\/\/aronica.ch\/sq\/produkt\/arotea-kanelle-500-ml\/","og_site_name":"Aronica","article_modified_time":"2026-04-09T15:21:43+00:00","og_image":[{"width":750,"height":750,"url":"https:\/\/aronica.ch\/wp-content\/uploads\/2026\/01\/Cinamon5.png","type":"image\/png"}],"twitter_card":"summary_large_image","twitter_misc":{"Est. reading time":"1 minut\u00eb"},"schema":{"@context":"https:\/\/schema.org","@graph":[{"@type":"WebPage","@id":"https:\/\/aronica.ch\/sq\/produkt\/arotea-kanelle-500-ml\/","url":"https:\/\/aronica.ch\/sq\/produkt\/arotea-kanelle-500-ml\/","name":"Arotea Kanell\u00eb 500 ml - Aronica","isPartOf":{"@id":"https:\/\/aronica.ch\/sq\/#website"},"primaryImageOfPage":{"@id":"https:\/\/aronica.ch\/sq\/produkt\/arotea-kanelle-500-ml\/#primaryimage"},"image":{"@id":"https:\/\/aronica.ch\/sq\/produkt\/arotea-kanelle-500-ml\/#primaryimage"},"thumbnailUrl":"https:\/\/aronica.ch\/wp-content\/uploads\/2026\/01\/Cinamon5.png","datePublished":"2026-01-27T10:06:18+00:00","dateModified":"2026-04-09T15:21:43+00:00","breadcrumb":{"@id":"https:\/\/aronica.ch\/sq\/produkt\/arotea-kanelle-500-ml\/#breadcrumb"},"inLanguage":"sq","potentialAction":[{"@type":"ReadAction","target":["https:\/\/aronica.ch\/sq\/produkt\/arotea-kanelle-500-ml\/"]}]},{"@type":"ImageObject","inLanguage":"sq","@id":"https:\/\/aronica.ch\/sq\/produkt\/arotea-kanelle-500-ml\/#primaryimage","url":"https:\/\/aronica.ch\/wp-content\/uploads\/2026\/01\/Cinamon5.png","contentUrl":"https:\/\/aronica.ch\/wp-content\/uploads\/2026\/01\/Cinamon5.png","width":750,"height":750},{"@type":"BreadcrumbList","@id":"https:\/\/aronica.ch\/sq\/produkt\/arotea-kanelle-500-ml\/#breadcrumb","itemListElement":[{"@type":"ListItem","position":1,"name":"Start","item":"https:\/\/aronica.ch\/sq\/"},{"@type":"ListItem","position":2,"name":"Products","item":"https:\/\/aronica.ch\/products\/"},{"@type":"ListItem","position":3,"name":"Arotea Kanell\u00eb 500 ml"}]},{"@type":"WebSite","@id":"https:\/\/aronica.ch\/sq\/#website","url":"https:\/\/aronica.ch\/sq\/","name":"Aronica","description":"Startseite","potentialAction":[{"@type":"SearchAction","target":{"@type":"EntryPoint","urlTemplate":"https:\/\/aronica.ch\/sq\/?s={search_term_string}"},"query-input":{"@type":"PropertyValueSpecification","valueRequired":true,"valueName":"search_term_string"}}],"inLanguage":"sq"}]}},"_links":{"self":[{"href":"https:\/\/aronica.ch\/sq\/wp-json\/wp\/v2\/product\/21189","targetHints":{"allow":["GET"]}}],"collection":[{"href":"https:\/\/aronica.ch\/sq\/wp-json\/wp\/v2\/product"}],"about":[{"href":"https:\/\/aronica.ch\/sq\/wp-json\/wp\/v2\/types\/product"}],"wp:featuredmedia":[{"embeddable":true,"href":"https:\/\/aronica.ch\/sq\/wp-json\/wp\/v2\/media\/21187"}],"wp:attachment":[{"href":"https:\/\/aronica.ch\/sq\/wp-json\/wp\/v2\/media?parent=21189"}],"wp:term":[{"taxonomy":"product_brand","embeddable":true,"href":"https:\/\/aronica.ch\/sq\/wp-json\/wp\/v2\/product_brand?post=21189"},{"taxonomy":"product_cat","embeddable":true,"href":"https:\/\/aronica.ch\/sq\/wp-json\/wp\/v2\/product_cat?post=21189"},{"taxonomy":"product_tag","embeddable":true,"href":"https:\/\/aronica.ch\/sq\/wp-json\/wp\/v2\/product_tag?post=21189"}],"curies":[{"name":"wp","href":"https:\/\/api.w.org\/{rel}","templated":true}]}}