{"id":21172,"date":"2026-01-30T10:14:40","date_gmt":"2026-01-30T10:14:40","guid":{"rendered":"https:\/\/aronica.ch\/product\/orangen-aronia-konfituere\/"},"modified":"2026-04-10T08:44:12","modified_gmt":"2026-04-10T08:44:12","slug":"recel-aronie-portokall-220-gr","status":"publish","type":"product","link":"https:\/\/aronica.ch\/sq\/produkt\/recel-aronie-portokall-220-gr\/","title":{"rendered":"Re\u00e7el Aronie Portokall 220 gr"},"content":{"rendered":"<p data-start=\"86\" data-end=\"317\">Nj\u00eb kombinim aromatik i fuqis\u00eb s\u00eb aronis\u00eb me freskin\u00eb dhe notat agrume t\u00eb portokallit. Nj\u00eb shije e pasur dhe harmonike q\u00eb p\u00ebrshtatet n\u00eb m\u00ebnyr\u00eb perfekte me petulla, m\u00fcsli, por edhe si p\u00ebrb\u00ebr\u00ebs n\u00eb receta gastronomike m\u00eb t\u00eb avancuara.<\/p>\n<p data-start=\"319\" data-end=\"334\"><strong data-start=\"319\" data-end=\"334\">P\u00ebrfitimet:<\/strong><\/p>\n<ul data-start=\"336\" data-end=\"495\">\n<li data-section-id=\"14g4p69\" data-start=\"336\" data-end=\"395\">Shije e balancuar nd\u00ebrmjet frutave t\u00eb kuqe dhe agrumeve<\/li>\n<li data-section-id=\"16lxgzx\" data-start=\"396\" data-end=\"451\">Portokalli siguron vitamin\u00eb C dhe nj\u00eb nuanc\u00eb verore<\/li>\n<li data-section-id=\"1w7bnv0\" data-start=\"452\" data-end=\"495\">Pa konservues \u2013 vet\u00ebm p\u00ebrb\u00ebr\u00ebs natyral\u00eb<\/li>\n<\/ul>\n<p data-start=\"497\" data-end=\"515\"><strong data-start=\"497\" data-end=\"507\">Pesha:<\/strong> 220 g<\/p>\n<p data-start=\"497\" data-end=\"515\"><strong data-start=\"517\" data-end=\"537\">Paketimi (cop\u00eb):<\/strong> 12<\/p>\n<p data-start=\"517\" data-end=\"572\"><strong data-start=\"543\" data-end=\"567\">Paketime p\u00ebr palet\u00eb:<\/strong> 88<\/p>\n","protected":false},"excerpt":{"rendered":"<p>Nj\u00eb kombinim aromatik i aronis\u00eb me freskin\u00eb dhe notat agrume t\u00eb portokallit. Shija e pasur dhe harmonike e b\u00ebn k\u00ebt\u00eb produkt t\u00eb p\u00ebrshtatsh\u00ebm p\u00ebr petulla, drith\u00ebra, ose si p\u00ebrb\u00ebr\u00ebs n\u00eb receta t\u00eb ndryshme gastronomike.<\/p>\n","protected":false},"featured_media":21170,"template":"","meta":{"_acf_changed":false},"product_brand":[],"product_cat":[155],"product_tag":[],"class_list":{"0":"post-21172","1":"product","2":"type-product","3":"status-publish","4":"has-post-thumbnail","6":"product_cat-recel","8":"first","9":"instock","10":"shipping-taxable","11":"purchasable","12":"product-type-variable","13":"has-default-attributes"},"acf":[],"yoast_head":"<!-- This site is optimized with the Yoast SEO plugin v27.4 - https:\/\/yoast.com\/product\/yoast-seo-wordpress\/ -->\n<title>Re\u00e7el Aronie Portokall 220 gr - Aronica<\/title>\n<meta name=\"robots\" content=\"index, follow, max-snippet:-1, max-image-preview:large, max-video-preview:-1\" \/>\n<link rel=\"canonical\" href=\"https:\/\/aronica.ch\/sq\/produkt\/recel-aronie-portokall-220-gr\/\" \/>\n<meta property=\"og:locale\" content=\"sq_AL\" \/>\n<meta property=\"og:type\" content=\"article\" \/>\n<meta property=\"og:title\" content=\"Re\u00e7el Aronie Portokall 220 gr - Aronica\" \/>\n<meta property=\"og:description\" content=\"Nj\u00eb kombinim aromatik i aronis\u00eb me freskin\u00eb dhe notat agrume t\u00eb portokallit. Shija e pasur dhe harmonike e b\u00ebn k\u00ebt\u00eb produkt t\u00eb p\u00ebrshtatsh\u00ebm p\u00ebr petulla, drith\u00ebra, ose si p\u00ebrb\u00ebr\u00ebs n\u00eb receta t\u00eb ndryshme gastronomike.\" \/>\n<meta property=\"og:url\" content=\"https:\/\/aronica.ch\/sq\/produkt\/recel-aronie-portokall-220-gr\/\" \/>\n<meta property=\"og:site_name\" content=\"Aronica\" \/>\n<meta property=\"article:modified_time\" content=\"2026-04-10T08:44:12+00:00\" \/>\n<meta property=\"og:image\" content=\"https:\/\/aronica.ch\/wp-content\/uploads\/2026\/01\/Orange-jam-1.png\" \/>\n\t<meta property=\"og:image:width\" content=\"750\" \/>\n\t<meta property=\"og:image:height\" content=\"750\" \/>\n\t<meta property=\"og:image:type\" content=\"image\/png\" \/>\n<meta name=\"twitter:card\" content=\"summary_large_image\" \/>\n<meta name=\"twitter:label1\" content=\"Est. reading time\" \/>\n\t<meta name=\"twitter:data1\" content=\"1 minut\u00eb\" \/>\n<script type=\"application\/ld+json\" class=\"yoast-schema-graph\">{\"@context\":\"https:\\\/\\\/schema.org\",\"@graph\":[{\"@type\":\"WebPage\",\"@id\":\"https:\\\/\\\/aronica.ch\\\/sq\\\/produkt\\\/recel-aronie-portokall-220-gr\\\/\",\"url\":\"https:\\\/\\\/aronica.ch\\\/sq\\\/produkt\\\/recel-aronie-portokall-220-gr\\\/\",\"name\":\"Re\u00e7el Aronie Portokall 220 gr - Aronica\",\"isPartOf\":{\"@id\":\"https:\\\/\\\/aronica.ch\\\/sq\\\/#website\"},\"primaryImageOfPage\":{\"@id\":\"https:\\\/\\\/aronica.ch\\\/sq\\\/produkt\\\/recel-aronie-portokall-220-gr\\\/#primaryimage\"},\"image\":{\"@id\":\"https:\\\/\\\/aronica.ch\\\/sq\\\/produkt\\\/recel-aronie-portokall-220-gr\\\/#primaryimage\"},\"thumbnailUrl\":\"https:\\\/\\\/aronica.ch\\\/wp-content\\\/uploads\\\/2026\\\/01\\\/Orange-jam-1.png\",\"datePublished\":\"2026-01-30T10:14:40+00:00\",\"dateModified\":\"2026-04-10T08:44:12+00:00\",\"breadcrumb\":{\"@id\":\"https:\\\/\\\/aronica.ch\\\/sq\\\/produkt\\\/recel-aronie-portokall-220-gr\\\/#breadcrumb\"},\"inLanguage\":\"sq\",\"potentialAction\":[{\"@type\":\"ReadAction\",\"target\":[\"https:\\\/\\\/aronica.ch\\\/sq\\\/produkt\\\/recel-aronie-portokall-220-gr\\\/\"]}]},{\"@type\":\"ImageObject\",\"inLanguage\":\"sq\",\"@id\":\"https:\\\/\\\/aronica.ch\\\/sq\\\/produkt\\\/recel-aronie-portokall-220-gr\\\/#primaryimage\",\"url\":\"https:\\\/\\\/aronica.ch\\\/wp-content\\\/uploads\\\/2026\\\/01\\\/Orange-jam-1.png\",\"contentUrl\":\"https:\\\/\\\/aronica.ch\\\/wp-content\\\/uploads\\\/2026\\\/01\\\/Orange-jam-1.png\",\"width\":750,\"height\":750},{\"@type\":\"BreadcrumbList\",\"@id\":\"https:\\\/\\\/aronica.ch\\\/sq\\\/produkt\\\/recel-aronie-portokall-220-gr\\\/#breadcrumb\",\"itemListElement\":[{\"@type\":\"ListItem\",\"position\":1,\"name\":\"Start\",\"item\":\"https:\\\/\\\/aronica.ch\\\/sq\\\/\"},{\"@type\":\"ListItem\",\"position\":2,\"name\":\"Products\",\"item\":\"https:\\\/\\\/aronica.ch\\\/products\\\/\"},{\"@type\":\"ListItem\",\"position\":3,\"name\":\"Re\u00e7el Aronie Portokall 220 gr\"}]},{\"@type\":\"WebSite\",\"@id\":\"https:\\\/\\\/aronica.ch\\\/sq\\\/#website\",\"url\":\"https:\\\/\\\/aronica.ch\\\/sq\\\/\",\"name\":\"Aronica\",\"description\":\"Startseite\",\"potentialAction\":[{\"@type\":\"SearchAction\",\"target\":{\"@type\":\"EntryPoint\",\"urlTemplate\":\"https:\\\/\\\/aronica.ch\\\/sq\\\/?s={search_term_string}\"},\"query-input\":{\"@type\":\"PropertyValueSpecification\",\"valueRequired\":true,\"valueName\":\"search_term_string\"}}],\"inLanguage\":\"sq\"}]}<\/script>\n<!-- \/ Yoast SEO plugin. -->","yoast_head_json":{"title":"Re\u00e7el Aronie Portokall 220 gr - Aronica","robots":{"index":"index","follow":"follow","max-snippet":"max-snippet:-1","max-image-preview":"max-image-preview:large","max-video-preview":"max-video-preview:-1"},"canonical":"https:\/\/aronica.ch\/sq\/produkt\/recel-aronie-portokall-220-gr\/","og_locale":"sq_AL","og_type":"article","og_title":"Re\u00e7el Aronie Portokall 220 gr - Aronica","og_description":"Nj\u00eb kombinim aromatik i aronis\u00eb me freskin\u00eb dhe notat agrume t\u00eb portokallit. Shija e pasur dhe harmonike e b\u00ebn k\u00ebt\u00eb produkt t\u00eb p\u00ebrshtatsh\u00ebm p\u00ebr petulla, drith\u00ebra, ose si p\u00ebrb\u00ebr\u00ebs n\u00eb receta t\u00eb ndryshme gastronomike.","og_url":"https:\/\/aronica.ch\/sq\/produkt\/recel-aronie-portokall-220-gr\/","og_site_name":"Aronica","article_modified_time":"2026-04-10T08:44:12+00:00","og_image":[{"width":750,"height":750,"url":"https:\/\/aronica.ch\/wp-content\/uploads\/2026\/01\/Orange-jam-1.png","type":"image\/png"}],"twitter_card":"summary_large_image","twitter_misc":{"Est. reading time":"1 minut\u00eb"},"schema":{"@context":"https:\/\/schema.org","@graph":[{"@type":"WebPage","@id":"https:\/\/aronica.ch\/sq\/produkt\/recel-aronie-portokall-220-gr\/","url":"https:\/\/aronica.ch\/sq\/produkt\/recel-aronie-portokall-220-gr\/","name":"Re\u00e7el Aronie Portokall 220 gr - Aronica","isPartOf":{"@id":"https:\/\/aronica.ch\/sq\/#website"},"primaryImageOfPage":{"@id":"https:\/\/aronica.ch\/sq\/produkt\/recel-aronie-portokall-220-gr\/#primaryimage"},"image":{"@id":"https:\/\/aronica.ch\/sq\/produkt\/recel-aronie-portokall-220-gr\/#primaryimage"},"thumbnailUrl":"https:\/\/aronica.ch\/wp-content\/uploads\/2026\/01\/Orange-jam-1.png","datePublished":"2026-01-30T10:14:40+00:00","dateModified":"2026-04-10T08:44:12+00:00","breadcrumb":{"@id":"https:\/\/aronica.ch\/sq\/produkt\/recel-aronie-portokall-220-gr\/#breadcrumb"},"inLanguage":"sq","potentialAction":[{"@type":"ReadAction","target":["https:\/\/aronica.ch\/sq\/produkt\/recel-aronie-portokall-220-gr\/"]}]},{"@type":"ImageObject","inLanguage":"sq","@id":"https:\/\/aronica.ch\/sq\/produkt\/recel-aronie-portokall-220-gr\/#primaryimage","url":"https:\/\/aronica.ch\/wp-content\/uploads\/2026\/01\/Orange-jam-1.png","contentUrl":"https:\/\/aronica.ch\/wp-content\/uploads\/2026\/01\/Orange-jam-1.png","width":750,"height":750},{"@type":"BreadcrumbList","@id":"https:\/\/aronica.ch\/sq\/produkt\/recel-aronie-portokall-220-gr\/#breadcrumb","itemListElement":[{"@type":"ListItem","position":1,"name":"Start","item":"https:\/\/aronica.ch\/sq\/"},{"@type":"ListItem","position":2,"name":"Products","item":"https:\/\/aronica.ch\/products\/"},{"@type":"ListItem","position":3,"name":"Re\u00e7el Aronie Portokall 220 gr"}]},{"@type":"WebSite","@id":"https:\/\/aronica.ch\/sq\/#website","url":"https:\/\/aronica.ch\/sq\/","name":"Aronica","description":"Startseite","potentialAction":[{"@type":"SearchAction","target":{"@type":"EntryPoint","urlTemplate":"https:\/\/aronica.ch\/sq\/?s={search_term_string}"},"query-input":{"@type":"PropertyValueSpecification","valueRequired":true,"valueName":"search_term_string"}}],"inLanguage":"sq"}]}},"_links":{"self":[{"href":"https:\/\/aronica.ch\/sq\/wp-json\/wp\/v2\/product\/21172","targetHints":{"allow":["GET"]}}],"collection":[{"href":"https:\/\/aronica.ch\/sq\/wp-json\/wp\/v2\/product"}],"about":[{"href":"https:\/\/aronica.ch\/sq\/wp-json\/wp\/v2\/types\/product"}],"wp:featuredmedia":[{"embeddable":true,"href":"https:\/\/aronica.ch\/sq\/wp-json\/wp\/v2\/media\/21170"}],"wp:attachment":[{"href":"https:\/\/aronica.ch\/sq\/wp-json\/wp\/v2\/media?parent=21172"}],"wp:term":[{"taxonomy":"product_brand","embeddable":true,"href":"https:\/\/aronica.ch\/sq\/wp-json\/wp\/v2\/product_brand?post=21172"},{"taxonomy":"product_cat","embeddable":true,"href":"https:\/\/aronica.ch\/sq\/wp-json\/wp\/v2\/product_cat?post=21172"},{"taxonomy":"product_tag","embeddable":true,"href":"https:\/\/aronica.ch\/sq\/wp-json\/wp\/v2\/product_tag?post=21172"}],"curies":[{"name":"wp","href":"https:\/\/api.w.org\/{rel}","templated":true}]}}