{"id":21169,"date":"2026-01-30T10:16:01","date_gmt":"2026-01-30T10:16:01","guid":{"rendered":"https:\/\/aronica.ch\/product\/aronia-cinnamon-konfituere\/"},"modified":"2026-04-10T08:44:34","modified_gmt":"2026-04-10T08:44:34","slug":"recel-aronie-kanelle-220-gr","status":"publish","type":"product","link":"https:\/\/aronica.ch\/sq\/produkt\/recel-aronie-kanelle-220-gr\/","title":{"rendered":"Re\u00e7el Aronie Kanell\u00eb 220 gr"},"content":{"rendered":"<p data-start=\"86\" data-end=\"250\">Ky re\u00e7el kombinon shijen e aronis\u00eb me arom\u00ebn e kanell\u00ebs, duke krijuar nj\u00eb p\u00ebrvoj\u00eb t\u00eb ve\u00e7ant\u00eb shijeje. Ideal p\u00ebr buk\u00eb, biskota ose si p\u00ebrb\u00ebr\u00ebs n\u00eb receta t\u00eb ndryshme.<\/p>\n<p data-start=\"252\" data-end=\"270\"><strong data-start=\"252\" data-end=\"262\">Pesha:<\/strong> 220 g<\/p>\n<p data-start=\"272\" data-end=\"327\"><strong data-start=\"272\" data-end=\"292\">Paketimi (cop\u00eb):<\/strong> 12<\/p>\n<p data-start=\"272\" data-end=\"327\"><strong data-start=\"298\" data-end=\"322\">Paketime p\u00ebr palet\u00eb:<\/strong> 88<\/p>\n","protected":false},"excerpt":{"rendered":"<p>Ky re\u00e7el kombinon shijen e aronis\u00eb me arom\u00ebn e kanell\u00ebs, duke krijuar nj\u00eb p\u00ebrvoj\u00eb t\u00eb ve\u00e7ant\u00eb shijeje. Ideale p\u00ebr<br \/>\nbuk\u00eb, biskota ose si p\u00ebrb\u00ebr\u00ebs n\u00eb receta t\u00eb ndryshme.<\/p>\n","protected":false},"featured_media":21167,"template":"","meta":{"_acf_changed":false},"product_brand":[],"product_cat":[155],"product_tag":[],"class_list":{"0":"post-21169","1":"product","2":"type-product","3":"status-publish","4":"has-post-thumbnail","6":"product_cat-recel","8":"first","9":"instock","10":"shipping-taxable","11":"purchasable","12":"product-type-variable","13":"has-default-attributes"},"acf":[],"yoast_head":"<!-- This site is optimized with the Yoast SEO plugin v27.4 - https:\/\/yoast.com\/product\/yoast-seo-wordpress\/ -->\n<title>Re\u00e7el Aronie Kanell\u00eb 220 gr - Aronica<\/title>\n<meta name=\"robots\" content=\"index, follow, max-snippet:-1, max-image-preview:large, max-video-preview:-1\" \/>\n<link rel=\"canonical\" href=\"https:\/\/aronica.ch\/sq\/produkt\/recel-aronie-kanelle-220-gr\/\" \/>\n<meta property=\"og:locale\" content=\"sq_AL\" \/>\n<meta property=\"og:type\" content=\"article\" \/>\n<meta property=\"og:title\" content=\"Re\u00e7el Aronie Kanell\u00eb 220 gr - Aronica\" \/>\n<meta property=\"og:description\" content=\"Ky re\u00e7el kombinon shijen e aronis\u00eb me arom\u00ebn e kanell\u00ebs, duke krijuar nj\u00eb p\u00ebrvoj\u00eb t\u00eb ve\u00e7ant\u00eb shijeje. Ideale p\u00ebr buk\u00eb, biskota ose si p\u00ebrb\u00ebr\u00ebs n\u00eb receta t\u00eb ndryshme.\" \/>\n<meta property=\"og:url\" content=\"https:\/\/aronica.ch\/sq\/produkt\/recel-aronie-kanelle-220-gr\/\" \/>\n<meta property=\"og:site_name\" content=\"Aronica\" \/>\n<meta property=\"article:modified_time\" content=\"2026-04-10T08:44:34+00:00\" \/>\n<meta property=\"og:image\" content=\"https:\/\/aronica.ch\/wp-content\/uploads\/2026\/01\/Cinamon-jam-1.png\" \/>\n\t<meta property=\"og:image:width\" content=\"750\" \/>\n\t<meta property=\"og:image:height\" content=\"750\" \/>\n\t<meta property=\"og:image:type\" content=\"image\/png\" \/>\n<meta name=\"twitter:card\" content=\"summary_large_image\" \/>\n<meta name=\"twitter:label1\" content=\"Est. reading time\" \/>\n\t<meta name=\"twitter:data1\" content=\"1 minut\u00eb\" \/>\n<script type=\"application\/ld+json\" class=\"yoast-schema-graph\">{\"@context\":\"https:\\\/\\\/schema.org\",\"@graph\":[{\"@type\":\"WebPage\",\"@id\":\"https:\\\/\\\/aronica.ch\\\/sq\\\/produkt\\\/recel-aronie-kanelle-220-gr\\\/\",\"url\":\"https:\\\/\\\/aronica.ch\\\/sq\\\/produkt\\\/recel-aronie-kanelle-220-gr\\\/\",\"name\":\"Re\u00e7el Aronie Kanell\u00eb 220 gr - Aronica\",\"isPartOf\":{\"@id\":\"https:\\\/\\\/aronica.ch\\\/sq\\\/#website\"},\"primaryImageOfPage\":{\"@id\":\"https:\\\/\\\/aronica.ch\\\/sq\\\/produkt\\\/recel-aronie-kanelle-220-gr\\\/#primaryimage\"},\"image\":{\"@id\":\"https:\\\/\\\/aronica.ch\\\/sq\\\/produkt\\\/recel-aronie-kanelle-220-gr\\\/#primaryimage\"},\"thumbnailUrl\":\"https:\\\/\\\/aronica.ch\\\/wp-content\\\/uploads\\\/2026\\\/01\\\/Cinamon-jam-1.png\",\"datePublished\":\"2026-01-30T10:16:01+00:00\",\"dateModified\":\"2026-04-10T08:44:34+00:00\",\"breadcrumb\":{\"@id\":\"https:\\\/\\\/aronica.ch\\\/sq\\\/produkt\\\/recel-aronie-kanelle-220-gr\\\/#breadcrumb\"},\"inLanguage\":\"sq\",\"potentialAction\":[{\"@type\":\"ReadAction\",\"target\":[\"https:\\\/\\\/aronica.ch\\\/sq\\\/produkt\\\/recel-aronie-kanelle-220-gr\\\/\"]}]},{\"@type\":\"ImageObject\",\"inLanguage\":\"sq\",\"@id\":\"https:\\\/\\\/aronica.ch\\\/sq\\\/produkt\\\/recel-aronie-kanelle-220-gr\\\/#primaryimage\",\"url\":\"https:\\\/\\\/aronica.ch\\\/wp-content\\\/uploads\\\/2026\\\/01\\\/Cinamon-jam-1.png\",\"contentUrl\":\"https:\\\/\\\/aronica.ch\\\/wp-content\\\/uploads\\\/2026\\\/01\\\/Cinamon-jam-1.png\",\"width\":750,\"height\":750},{\"@type\":\"BreadcrumbList\",\"@id\":\"https:\\\/\\\/aronica.ch\\\/sq\\\/produkt\\\/recel-aronie-kanelle-220-gr\\\/#breadcrumb\",\"itemListElement\":[{\"@type\":\"ListItem\",\"position\":1,\"name\":\"Start\",\"item\":\"https:\\\/\\\/aronica.ch\\\/sq\\\/\"},{\"@type\":\"ListItem\",\"position\":2,\"name\":\"Products\",\"item\":\"https:\\\/\\\/aronica.ch\\\/products\\\/\"},{\"@type\":\"ListItem\",\"position\":3,\"name\":\"Re\u00e7el Aronie Kanell\u00eb 220 gr\"}]},{\"@type\":\"WebSite\",\"@id\":\"https:\\\/\\\/aronica.ch\\\/sq\\\/#website\",\"url\":\"https:\\\/\\\/aronica.ch\\\/sq\\\/\",\"name\":\"Aronica\",\"description\":\"Startseite\",\"potentialAction\":[{\"@type\":\"SearchAction\",\"target\":{\"@type\":\"EntryPoint\",\"urlTemplate\":\"https:\\\/\\\/aronica.ch\\\/sq\\\/?s={search_term_string}\"},\"query-input\":{\"@type\":\"PropertyValueSpecification\",\"valueRequired\":true,\"valueName\":\"search_term_string\"}}],\"inLanguage\":\"sq\"}]}<\/script>\n<!-- \/ Yoast SEO plugin. -->","yoast_head_json":{"title":"Re\u00e7el Aronie Kanell\u00eb 220 gr - Aronica","robots":{"index":"index","follow":"follow","max-snippet":"max-snippet:-1","max-image-preview":"max-image-preview:large","max-video-preview":"max-video-preview:-1"},"canonical":"https:\/\/aronica.ch\/sq\/produkt\/recel-aronie-kanelle-220-gr\/","og_locale":"sq_AL","og_type":"article","og_title":"Re\u00e7el Aronie Kanell\u00eb 220 gr - Aronica","og_description":"Ky re\u00e7el kombinon shijen e aronis\u00eb me arom\u00ebn e kanell\u00ebs, duke krijuar nj\u00eb p\u00ebrvoj\u00eb t\u00eb ve\u00e7ant\u00eb shijeje. Ideale p\u00ebr buk\u00eb, biskota ose si p\u00ebrb\u00ebr\u00ebs n\u00eb receta t\u00eb ndryshme.","og_url":"https:\/\/aronica.ch\/sq\/produkt\/recel-aronie-kanelle-220-gr\/","og_site_name":"Aronica","article_modified_time":"2026-04-10T08:44:34+00:00","og_image":[{"width":750,"height":750,"url":"https:\/\/aronica.ch\/wp-content\/uploads\/2026\/01\/Cinamon-jam-1.png","type":"image\/png"}],"twitter_card":"summary_large_image","twitter_misc":{"Est. reading time":"1 minut\u00eb"},"schema":{"@context":"https:\/\/schema.org","@graph":[{"@type":"WebPage","@id":"https:\/\/aronica.ch\/sq\/produkt\/recel-aronie-kanelle-220-gr\/","url":"https:\/\/aronica.ch\/sq\/produkt\/recel-aronie-kanelle-220-gr\/","name":"Re\u00e7el Aronie Kanell\u00eb 220 gr - Aronica","isPartOf":{"@id":"https:\/\/aronica.ch\/sq\/#website"},"primaryImageOfPage":{"@id":"https:\/\/aronica.ch\/sq\/produkt\/recel-aronie-kanelle-220-gr\/#primaryimage"},"image":{"@id":"https:\/\/aronica.ch\/sq\/produkt\/recel-aronie-kanelle-220-gr\/#primaryimage"},"thumbnailUrl":"https:\/\/aronica.ch\/wp-content\/uploads\/2026\/01\/Cinamon-jam-1.png","datePublished":"2026-01-30T10:16:01+00:00","dateModified":"2026-04-10T08:44:34+00:00","breadcrumb":{"@id":"https:\/\/aronica.ch\/sq\/produkt\/recel-aronie-kanelle-220-gr\/#breadcrumb"},"inLanguage":"sq","potentialAction":[{"@type":"ReadAction","target":["https:\/\/aronica.ch\/sq\/produkt\/recel-aronie-kanelle-220-gr\/"]}]},{"@type":"ImageObject","inLanguage":"sq","@id":"https:\/\/aronica.ch\/sq\/produkt\/recel-aronie-kanelle-220-gr\/#primaryimage","url":"https:\/\/aronica.ch\/wp-content\/uploads\/2026\/01\/Cinamon-jam-1.png","contentUrl":"https:\/\/aronica.ch\/wp-content\/uploads\/2026\/01\/Cinamon-jam-1.png","width":750,"height":750},{"@type":"BreadcrumbList","@id":"https:\/\/aronica.ch\/sq\/produkt\/recel-aronie-kanelle-220-gr\/#breadcrumb","itemListElement":[{"@type":"ListItem","position":1,"name":"Start","item":"https:\/\/aronica.ch\/sq\/"},{"@type":"ListItem","position":2,"name":"Products","item":"https:\/\/aronica.ch\/products\/"},{"@type":"ListItem","position":3,"name":"Re\u00e7el Aronie Kanell\u00eb 220 gr"}]},{"@type":"WebSite","@id":"https:\/\/aronica.ch\/sq\/#website","url":"https:\/\/aronica.ch\/sq\/","name":"Aronica","description":"Startseite","potentialAction":[{"@type":"SearchAction","target":{"@type":"EntryPoint","urlTemplate":"https:\/\/aronica.ch\/sq\/?s={search_term_string}"},"query-input":{"@type":"PropertyValueSpecification","valueRequired":true,"valueName":"search_term_string"}}],"inLanguage":"sq"}]}},"_links":{"self":[{"href":"https:\/\/aronica.ch\/sq\/wp-json\/wp\/v2\/product\/21169","targetHints":{"allow":["GET"]}}],"collection":[{"href":"https:\/\/aronica.ch\/sq\/wp-json\/wp\/v2\/product"}],"about":[{"href":"https:\/\/aronica.ch\/sq\/wp-json\/wp\/v2\/types\/product"}],"wp:featuredmedia":[{"embeddable":true,"href":"https:\/\/aronica.ch\/sq\/wp-json\/wp\/v2\/media\/21167"}],"wp:attachment":[{"href":"https:\/\/aronica.ch\/sq\/wp-json\/wp\/v2\/media?parent=21169"}],"wp:term":[{"taxonomy":"product_brand","embeddable":true,"href":"https:\/\/aronica.ch\/sq\/wp-json\/wp\/v2\/product_brand?post=21169"},{"taxonomy":"product_cat","embeddable":true,"href":"https:\/\/aronica.ch\/sq\/wp-json\/wp\/v2\/product_cat?post=21169"},{"taxonomy":"product_tag","embeddable":true,"href":"https:\/\/aronica.ch\/sq\/wp-json\/wp\/v2\/product_tag?post=21169"}],"curies":[{"name":"wp","href":"https:\/\/api.w.org\/{rel}","templated":true}]}}