{"id":21162,"date":"2026-01-30T10:19:39","date_gmt":"2026-01-30T10:19:39","guid":{"rendered":"https:\/\/aronica.ch\/product\/aronia-minz-tee\/"},"modified":"2026-04-10T08:59:11","modified_gmt":"2026-04-10T08:59:11","slug":"aronia-minz-tee","status":"publish","type":"product","link":"https:\/\/aronica.ch\/sq\/produkt\/aronia-minz-tee\/","title":{"rendered":"\u00c7aj Aronie &#038; Menta 40 gr"},"content":{"rendered":"<p data-start=\"796\" data-end=\"917\">\u00c7aj natyral me aroni dhe mente, me arom\u00eb t\u00eb fresk\u00ebt dhe shije t\u00eb but\u00eb frutore. Mund t\u00eb konsumohet i ngroht\u00eb ose i ftoht\u00eb.<\/p>\n<p data-start=\"919\" data-end=\"933\"><strong data-start=\"919\" data-end=\"933\">P\u00ebrb\u00ebr\u00ebsit<\/strong><\/p>\n<ul data-start=\"935\" data-end=\"969\">\n<li data-section-id=\"1hvujzm\" data-start=\"935\" data-end=\"952\">Aroni e thar\u00eb<\/li>\n<li data-section-id=\"1y0jg4u\" data-start=\"953\" data-end=\"969\">Gjethe mente<\/li>\n<\/ul>\n<p data-start=\"971\" data-end=\"985\"><strong data-start=\"971\" data-end=\"985\">P\u00ebrgatitja<\/strong><\/p>\n<p data-start=\"987\" data-end=\"1071\">Vendosni nj\u00eb filt\u00ebr n\u00eb 200\u2013250 ml uj\u00eb t\u00eb val\u00eb dhe l\u00ebreni t\u00eb q\u00ebndroj\u00eb p\u00ebr 5\u20137 minuta.<\/p>\n<p data-start=\"1073\" data-end=\"1090\"><strong data-start=\"1073\" data-end=\"1083\">Pesha:<\/strong> 40 g<\/p>\n<p data-start=\"1092\" data-end=\"1147\"><strong data-start=\"1092\" data-end=\"1112\">Paketimi (cop\u00eb):<\/strong> 16<\/p>\n<p data-start=\"1092\" data-end=\"1147\"><strong data-start=\"1118\" data-end=\"1142\">Paketime p\u00ebr palet\u00eb:<\/strong> 66<\/p>\n<p data-start=\"1149\" data-end=\"1228\"><strong data-start=\"1149\" data-end=\"1174\">\u00c7aj aronie dhe mente:<\/strong> 60 % fruta t\u00eb thata t\u00eb aronis\u00eb dhe 40 % gjethe mente.<\/p>\n<p data-start=\"1230\" data-end=\"1283\"><strong data-start=\"1230\" data-end=\"1253\">Afati i p\u00ebrdorimit:<\/strong> 2 vite nga data e prodhimit<\/p>\n<p data-start=\"1285\" data-end=\"1519\">Ky \u00e7aj unik ofron nj\u00eb p\u00ebrvoj\u00eb relaksuese duke kombinuar vetit\u00eb e fuqishme antioksiduese t\u00eb aronis\u00eb me efektet freskuese dhe qet\u00ebsuese t\u00eb ment\u00ebs. Nj\u00eb zgjedhje ideale p\u00ebr t\u2019u shijuar si i ngroht\u00eb ashtu edhe i ftoht\u00eb \u2013 \u00e7do dit\u00eb t\u00eb vitit.<\/p>\n","protected":false},"excerpt":{"rendered":"<p>Shijoje kombinimin perfekt t\u00eb aronis\u00eb s\u00eb pasur me antioksidant\u00eb dhe freskis\u00eb natyrale t\u00eb ment\u00ebs! Ky \u00e7aj 100% natyral ofron nj\u00eb shije t\u00eb but\u00eb, freskuese dhe qet\u00ebsuese, duke qen\u00eb ideal p\u00ebr \u00e7do moment t\u00eb dit\u00ebs. \u00c7aji i Aronis\u00eb &amp; mentes relakson trupin, ndihmon tretjen dhe jep ndjesi t\u00eb leht\u00eb freskie. Mund ta konsumoni t\u00eb ngroht\u00eb ose t\u00eb ftoht\u00eb \u2013 Perfekt p\u00ebr \u00e7do stin\u00eb!<\/p>\n","protected":false},"featured_media":21160,"template":"","meta":{"_acf_changed":false},"product_brand":[],"product_cat":[150],"product_tag":[],"class_list":{"0":"post-21162","1":"product","2":"type-product","3":"status-publish","4":"has-post-thumbnail","6":"product_cat-cajra","8":"first","9":"instock","10":"shipping-taxable","11":"purchasable","12":"product-type-variable","13":"has-default-attributes"},"acf":[],"yoast_head":"<!-- This site is optimized with the Yoast SEO plugin v27.4 - https:\/\/yoast.com\/product\/yoast-seo-wordpress\/ -->\n<title>\u00c7aj Aronie &amp; Menta 40 gr - Aronica<\/title>\n<meta name=\"robots\" content=\"index, follow, max-snippet:-1, max-image-preview:large, max-video-preview:-1\" \/>\n<link rel=\"canonical\" href=\"https:\/\/aronica.ch\/sq\/produkt\/aronia-minz-tee\/\" \/>\n<meta property=\"og:locale\" content=\"sq_AL\" \/>\n<meta property=\"og:type\" content=\"article\" \/>\n<meta property=\"og:title\" content=\"\u00c7aj Aronie &amp; Menta 40 gr - Aronica\" \/>\n<meta property=\"og:description\" content=\"Shijoje kombinimin perfekt t\u00eb aronis\u00eb s\u00eb pasur me antioksidant\u00eb dhe freskis\u00eb natyrale t\u00eb ment\u00ebs! Ky \u00e7aj 100% natyral ofron nj\u00eb shije t\u00eb but\u00eb, freskuese dhe qet\u00ebsuese, duke qen\u00eb ideal p\u00ebr \u00e7do moment t\u00eb dit\u00ebs. \u00c7aji i Aronis\u00eb &amp; mentes relakson trupin, ndihmon tretjen dhe jep ndjesi t\u00eb leht\u00eb freskie. Mund ta konsumoni t\u00eb ngroht\u00eb ose t\u00eb ftoht\u00eb \u2013 Perfekt p\u00ebr \u00e7do stin\u00eb!\" \/>\n<meta property=\"og:url\" content=\"https:\/\/aronica.ch\/sq\/produkt\/aronia-minz-tee\/\" \/>\n<meta property=\"og:site_name\" content=\"Aronica\" \/>\n<meta property=\"article:modified_time\" content=\"2026-04-10T08:59:11+00:00\" \/>\n<meta property=\"og:image\" content=\"https:\/\/aronica.ch\/wp-content\/uploads\/2026\/01\/Mint-tea.png\" \/>\n\t<meta property=\"og:image:width\" content=\"500\" \/>\n\t<meta property=\"og:image:height\" content=\"500\" \/>\n\t<meta property=\"og:image:type\" content=\"image\/png\" \/>\n<meta name=\"twitter:card\" content=\"summary_large_image\" \/>\n<meta name=\"twitter:label1\" content=\"Est. reading time\" \/>\n\t<meta name=\"twitter:data1\" content=\"1 minut\u00eb\" \/>\n<script type=\"application\/ld+json\" class=\"yoast-schema-graph\">{\"@context\":\"https:\\\/\\\/schema.org\",\"@graph\":[{\"@type\":\"WebPage\",\"@id\":\"https:\\\/\\\/aronica.ch\\\/sq\\\/produkt\\\/aronia-minz-tee\\\/\",\"url\":\"https:\\\/\\\/aronica.ch\\\/sq\\\/produkt\\\/aronia-minz-tee\\\/\",\"name\":\"\u00c7aj Aronie & Menta 40 gr - Aronica\",\"isPartOf\":{\"@id\":\"https:\\\/\\\/aronica.ch\\\/sq\\\/#website\"},\"primaryImageOfPage\":{\"@id\":\"https:\\\/\\\/aronica.ch\\\/sq\\\/produkt\\\/aronia-minz-tee\\\/#primaryimage\"},\"image\":{\"@id\":\"https:\\\/\\\/aronica.ch\\\/sq\\\/produkt\\\/aronia-minz-tee\\\/#primaryimage\"},\"thumbnailUrl\":\"https:\\\/\\\/aronica.ch\\\/wp-content\\\/uploads\\\/2026\\\/01\\\/Mint-tea.png\",\"datePublished\":\"2026-01-30T10:19:39+00:00\",\"dateModified\":\"2026-04-10T08:59:11+00:00\",\"breadcrumb\":{\"@id\":\"https:\\\/\\\/aronica.ch\\\/sq\\\/produkt\\\/aronia-minz-tee\\\/#breadcrumb\"},\"inLanguage\":\"sq\",\"potentialAction\":[{\"@type\":\"ReadAction\",\"target\":[\"https:\\\/\\\/aronica.ch\\\/sq\\\/produkt\\\/aronia-minz-tee\\\/\"]}]},{\"@type\":\"ImageObject\",\"inLanguage\":\"sq\",\"@id\":\"https:\\\/\\\/aronica.ch\\\/sq\\\/produkt\\\/aronia-minz-tee\\\/#primaryimage\",\"url\":\"https:\\\/\\\/aronica.ch\\\/wp-content\\\/uploads\\\/2026\\\/01\\\/Mint-tea.png\",\"contentUrl\":\"https:\\\/\\\/aronica.ch\\\/wp-content\\\/uploads\\\/2026\\\/01\\\/Mint-tea.png\",\"width\":500,\"height\":500},{\"@type\":\"BreadcrumbList\",\"@id\":\"https:\\\/\\\/aronica.ch\\\/sq\\\/produkt\\\/aronia-minz-tee\\\/#breadcrumb\",\"itemListElement\":[{\"@type\":\"ListItem\",\"position\":1,\"name\":\"Start\",\"item\":\"https:\\\/\\\/aronica.ch\\\/sq\\\/\"},{\"@type\":\"ListItem\",\"position\":2,\"name\":\"Products\",\"item\":\"https:\\\/\\\/aronica.ch\\\/products\\\/\"},{\"@type\":\"ListItem\",\"position\":3,\"name\":\"\u00c7aj Aronie &#038; Menta 40 gr\"}]},{\"@type\":\"WebSite\",\"@id\":\"https:\\\/\\\/aronica.ch\\\/sq\\\/#website\",\"url\":\"https:\\\/\\\/aronica.ch\\\/sq\\\/\",\"name\":\"Aronica\",\"description\":\"Startseite\",\"potentialAction\":[{\"@type\":\"SearchAction\",\"target\":{\"@type\":\"EntryPoint\",\"urlTemplate\":\"https:\\\/\\\/aronica.ch\\\/sq\\\/?s={search_term_string}\"},\"query-input\":{\"@type\":\"PropertyValueSpecification\",\"valueRequired\":true,\"valueName\":\"search_term_string\"}}],\"inLanguage\":\"sq\"}]}<\/script>\n<!-- \/ Yoast SEO plugin. -->","yoast_head_json":{"title":"\u00c7aj Aronie & Menta 40 gr - Aronica","robots":{"index":"index","follow":"follow","max-snippet":"max-snippet:-1","max-image-preview":"max-image-preview:large","max-video-preview":"max-video-preview:-1"},"canonical":"https:\/\/aronica.ch\/sq\/produkt\/aronia-minz-tee\/","og_locale":"sq_AL","og_type":"article","og_title":"\u00c7aj Aronie & Menta 40 gr - Aronica","og_description":"Shijoje kombinimin perfekt t\u00eb aronis\u00eb s\u00eb pasur me antioksidant\u00eb dhe freskis\u00eb natyrale t\u00eb ment\u00ebs! Ky \u00e7aj 100% natyral ofron nj\u00eb shije t\u00eb but\u00eb, freskuese dhe qet\u00ebsuese, duke qen\u00eb ideal p\u00ebr \u00e7do moment t\u00eb dit\u00ebs. \u00c7aji i Aronis\u00eb &amp; mentes relakson trupin, ndihmon tretjen dhe jep ndjesi t\u00eb leht\u00eb freskie. Mund ta konsumoni t\u00eb ngroht\u00eb ose t\u00eb ftoht\u00eb \u2013 Perfekt p\u00ebr \u00e7do stin\u00eb!","og_url":"https:\/\/aronica.ch\/sq\/produkt\/aronia-minz-tee\/","og_site_name":"Aronica","article_modified_time":"2026-04-10T08:59:11+00:00","og_image":[{"width":500,"height":500,"url":"https:\/\/aronica.ch\/wp-content\/uploads\/2026\/01\/Mint-tea.png","type":"image\/png"}],"twitter_card":"summary_large_image","twitter_misc":{"Est. reading time":"1 minut\u00eb"},"schema":{"@context":"https:\/\/schema.org","@graph":[{"@type":"WebPage","@id":"https:\/\/aronica.ch\/sq\/produkt\/aronia-minz-tee\/","url":"https:\/\/aronica.ch\/sq\/produkt\/aronia-minz-tee\/","name":"\u00c7aj Aronie & Menta 40 gr - Aronica","isPartOf":{"@id":"https:\/\/aronica.ch\/sq\/#website"},"primaryImageOfPage":{"@id":"https:\/\/aronica.ch\/sq\/produkt\/aronia-minz-tee\/#primaryimage"},"image":{"@id":"https:\/\/aronica.ch\/sq\/produkt\/aronia-minz-tee\/#primaryimage"},"thumbnailUrl":"https:\/\/aronica.ch\/wp-content\/uploads\/2026\/01\/Mint-tea.png","datePublished":"2026-01-30T10:19:39+00:00","dateModified":"2026-04-10T08:59:11+00:00","breadcrumb":{"@id":"https:\/\/aronica.ch\/sq\/produkt\/aronia-minz-tee\/#breadcrumb"},"inLanguage":"sq","potentialAction":[{"@type":"ReadAction","target":["https:\/\/aronica.ch\/sq\/produkt\/aronia-minz-tee\/"]}]},{"@type":"ImageObject","inLanguage":"sq","@id":"https:\/\/aronica.ch\/sq\/produkt\/aronia-minz-tee\/#primaryimage","url":"https:\/\/aronica.ch\/wp-content\/uploads\/2026\/01\/Mint-tea.png","contentUrl":"https:\/\/aronica.ch\/wp-content\/uploads\/2026\/01\/Mint-tea.png","width":500,"height":500},{"@type":"BreadcrumbList","@id":"https:\/\/aronica.ch\/sq\/produkt\/aronia-minz-tee\/#breadcrumb","itemListElement":[{"@type":"ListItem","position":1,"name":"Start","item":"https:\/\/aronica.ch\/sq\/"},{"@type":"ListItem","position":2,"name":"Products","item":"https:\/\/aronica.ch\/products\/"},{"@type":"ListItem","position":3,"name":"\u00c7aj Aronie &#038; Menta 40 gr"}]},{"@type":"WebSite","@id":"https:\/\/aronica.ch\/sq\/#website","url":"https:\/\/aronica.ch\/sq\/","name":"Aronica","description":"Startseite","potentialAction":[{"@type":"SearchAction","target":{"@type":"EntryPoint","urlTemplate":"https:\/\/aronica.ch\/sq\/?s={search_term_string}"},"query-input":{"@type":"PropertyValueSpecification","valueRequired":true,"valueName":"search_term_string"}}],"inLanguage":"sq"}]}},"_links":{"self":[{"href":"https:\/\/aronica.ch\/sq\/wp-json\/wp\/v2\/product\/21162","targetHints":{"allow":["GET"]}}],"collection":[{"href":"https:\/\/aronica.ch\/sq\/wp-json\/wp\/v2\/product"}],"about":[{"href":"https:\/\/aronica.ch\/sq\/wp-json\/wp\/v2\/types\/product"}],"wp:featuredmedia":[{"embeddable":true,"href":"https:\/\/aronica.ch\/sq\/wp-json\/wp\/v2\/media\/21160"}],"wp:attachment":[{"href":"https:\/\/aronica.ch\/sq\/wp-json\/wp\/v2\/media?parent=21162"}],"wp:term":[{"taxonomy":"product_brand","embeddable":true,"href":"https:\/\/aronica.ch\/sq\/wp-json\/wp\/v2\/product_brand?post=21162"},{"taxonomy":"product_cat","embeddable":true,"href":"https:\/\/aronica.ch\/sq\/wp-json\/wp\/v2\/product_cat?post=21162"},{"taxonomy":"product_tag","embeddable":true,"href":"https:\/\/aronica.ch\/sq\/wp-json\/wp\/v2\/product_tag?post=21162"}],"curies":[{"name":"wp","href":"https:\/\/api.w.org\/{rel}","templated":true}]}}