{"id":21156,"date":"2026-01-30T10:21:21","date_gmt":"2026-01-30T10:21:21","guid":{"rendered":"https:\/\/aronica.ch\/product\/aronia-hibiskus-apfel-tee\/"},"modified":"2026-04-09T15:35:37","modified_gmt":"2026-04-09T15:35:37","slug":"aronia-hibiskus-apfel-tee","status":"publish","type":"product","link":"https:\/\/aronica.ch\/sq\/produkt\/aronia-hibiskus-apfel-tee\/","title":{"rendered":"\u00c7aj Aronie Hibiskus &#038; Moll\u00eb 40 gr"},"content":{"rendered":"<p data-start=\"86\" data-end=\"308\">Nj\u00eb p\u00ebrzierje aromatike e aronis\u00eb, moll\u00ebs dhe hibiskusit q\u00eb ofron nj\u00eb shije frutore t\u00eb balancuar dhe nj\u00eb arom\u00eb t\u00eb k\u00ebndshme. Ky \u00e7aj mund t\u00eb konsumohet i ngroht\u00eb ose i ftoht\u00eb dhe \u00ebsht\u00eb i p\u00ebrshtatsh\u00ebm p\u00ebr \u00e7do moment t\u00eb dit\u00ebs.<\/p>\n<p data-start=\"310\" data-end=\"324\"><strong data-start=\"310\" data-end=\"324\">P\u00ebrb\u00ebr\u00ebsit<\/strong><\/p>\n<ul data-start=\"326\" data-end=\"374\">\n<li data-section-id=\"1hvujzm\" data-start=\"326\" data-end=\"343\">Aroni e thar\u00eb<\/li>\n<li data-section-id=\"7ao0d8\" data-start=\"344\" data-end=\"356\">Hibiskus<\/li>\n<li data-section-id=\"xir728\" data-start=\"357\" data-end=\"374\">Moll\u00eb e thar\u00eb<\/li>\n<\/ul>\n<p data-start=\"376\" data-end=\"395\"><strong data-start=\"376\" data-end=\"395\">Karakteristikat<\/strong><\/p>\n<ul data-start=\"397\" data-end=\"519\">\n<li data-section-id=\"1lj0huo\" data-start=\"397\" data-end=\"438\">Kombinim frutor me arom\u00eb t\u00eb balancuar<\/li>\n<li data-section-id=\"6ezc8\" data-start=\"439\" data-end=\"470\">Shije e leht\u00eb dhe freskuese<\/li>\n<li data-section-id=\"mhmlnq\" data-start=\"471\" data-end=\"519\">I p\u00ebrshtatsh\u00ebm p\u00ebr konsum gjat\u00eb gjith\u00eb dit\u00ebs<\/li>\n<\/ul>\n<p data-start=\"521\" data-end=\"534\"><strong data-start=\"521\" data-end=\"534\">P\u00ebrdorimi<\/strong><\/p>\n<p data-start=\"536\" data-end=\"661\">Vendosni nj\u00eb filt\u00ebr n\u00eb 200\u2013250 ml uj\u00eb t\u00eb val\u00eb<br data-start=\"581\" data-end=\"584\" \/>L\u00ebreni t\u00eb q\u00ebndroj\u00eb p\u00ebr 5\u20137 minuta<br data-start=\"617\" data-end=\"620\" \/>Sipas d\u00ebshir\u00ebs, shtoni limon ose mjalt\u00eb<\/p>\n<p data-start=\"663\" data-end=\"680\"><strong data-start=\"663\" data-end=\"673\">Pesha:<\/strong> 40 g<\/p>\n<p data-start=\"682\" data-end=\"737\"><strong data-start=\"682\" data-end=\"702\">Paketimi (cop\u00eb):<\/strong> 16<\/p>\n<p data-start=\"682\" data-end=\"737\"><strong data-start=\"708\" data-end=\"732\">Paketime p\u00ebr palet\u00eb:<\/strong> 66<\/p>\n<p data-start=\"739\" data-end=\"792\"><strong data-start=\"739\" data-end=\"762\">Afati i p\u00ebrdorimit:<\/strong> 2 vite nga data e prodhimit<\/p>\n<p data-start=\"939\" data-end=\"1047\"><strong data-start=\"939\" data-end=\"975\">\u00c7aj aronie, hibiskusi dhe molle:<\/strong> 60% fruta t\u00eb thata t\u00eb aronis\u00eb, 25% moll\u00eb e eg\u00ebr dhe 15% lule hibiskusi.<\/p>\n<p data-start=\"939\" data-end=\"1047\">Ky kombinim ka nj\u00eb efekt relaksues dhe nj\u00ebkoh\u00ebsisht gjall\u00ebrues, duke ofruar nj\u00eb balanc\u00eb t\u00eb shk\u00eblqyer midis shijes dhe p\u00ebrfitimeve sh\u00ebndet\u00ebsore.<\/p>\n","protected":false},"excerpt":{"rendered":"<p>Nj\u00eb p\u00ebrzierje aromatike e aronis\u00eb, moll\u00ebs dhe hibiskusit q\u00eb ofron nj\u00eb shije t\u00eb balancuar frutore dhe nj\u00eb arom\u00eb t\u00eb k\u00ebndshme. Ky \u00e7aj mund t\u00eb konsumohet i ngroht\u00eb ose i ftoht\u00eb dhe \u00ebsht\u00eb i p\u00ebrshtatsh\u00ebm p\u00ebr \u00e7do moment t\u00eb dit\u00ebs.<\/p>\n","protected":false},"featured_media":21154,"template":"","meta":{"_acf_changed":false},"product_brand":[],"product_cat":[150],"product_tag":[],"class_list":{"0":"post-21156","1":"product","2":"type-product","3":"status-publish","4":"has-post-thumbnail","6":"product_cat-cajra","8":"first","9":"instock","10":"shipping-taxable","11":"purchasable","12":"product-type-variable","13":"has-default-attributes"},"acf":[],"yoast_head":"<!-- This site is optimized with the Yoast SEO plugin v27.4 - https:\/\/yoast.com\/product\/yoast-seo-wordpress\/ -->\n<title>\u00c7aj Aronie Hibiskus &amp; Moll\u00eb 40 gr - Aronica<\/title>\n<meta name=\"robots\" content=\"index, follow, max-snippet:-1, max-image-preview:large, max-video-preview:-1\" \/>\n<link rel=\"canonical\" href=\"https:\/\/aronica.ch\/sq\/produkt\/aronia-hibiskus-apfel-tee\/\" \/>\n<meta property=\"og:locale\" content=\"sq_AL\" \/>\n<meta property=\"og:type\" content=\"article\" \/>\n<meta property=\"og:title\" content=\"\u00c7aj Aronie Hibiskus &amp; Moll\u00eb 40 gr - Aronica\" \/>\n<meta property=\"og:description\" content=\"Nj\u00eb p\u00ebrzierje aromatike e aronis\u00eb, moll\u00ebs dhe hibiskusit q\u00eb ofron nj\u00eb shije t\u00eb balancuar frutore dhe nj\u00eb arom\u00eb t\u00eb k\u00ebndshme. Ky \u00e7aj mund t\u00eb konsumohet i ngroht\u00eb ose i ftoht\u00eb dhe \u00ebsht\u00eb i p\u00ebrshtatsh\u00ebm p\u00ebr \u00e7do moment t\u00eb dit\u00ebs.\" \/>\n<meta property=\"og:url\" content=\"https:\/\/aronica.ch\/sq\/produkt\/aronia-hibiskus-apfel-tee\/\" \/>\n<meta property=\"og:site_name\" content=\"Aronica\" \/>\n<meta property=\"article:modified_time\" content=\"2026-04-09T15:35:37+00:00\" \/>\n<meta property=\"og:image\" content=\"https:\/\/aronica.ch\/wp-content\/uploads\/2026\/01\/Hibiskus-tea.png\" \/>\n\t<meta property=\"og:image:width\" content=\"500\" \/>\n\t<meta property=\"og:image:height\" content=\"500\" \/>\n\t<meta property=\"og:image:type\" content=\"image\/png\" \/>\n<meta name=\"twitter:card\" content=\"summary_large_image\" \/>\n<meta name=\"twitter:label1\" content=\"Est. reading time\" \/>\n\t<meta name=\"twitter:data1\" content=\"1 minut\u00eb\" \/>\n<script type=\"application\/ld+json\" class=\"yoast-schema-graph\">{\"@context\":\"https:\\\/\\\/schema.org\",\"@graph\":[{\"@type\":\"WebPage\",\"@id\":\"https:\\\/\\\/aronica.ch\\\/sq\\\/produkt\\\/aronia-hibiskus-apfel-tee\\\/\",\"url\":\"https:\\\/\\\/aronica.ch\\\/sq\\\/produkt\\\/aronia-hibiskus-apfel-tee\\\/\",\"name\":\"\u00c7aj Aronie Hibiskus & Moll\u00eb 40 gr - Aronica\",\"isPartOf\":{\"@id\":\"https:\\\/\\\/aronica.ch\\\/sq\\\/#website\"},\"primaryImageOfPage\":{\"@id\":\"https:\\\/\\\/aronica.ch\\\/sq\\\/produkt\\\/aronia-hibiskus-apfel-tee\\\/#primaryimage\"},\"image\":{\"@id\":\"https:\\\/\\\/aronica.ch\\\/sq\\\/produkt\\\/aronia-hibiskus-apfel-tee\\\/#primaryimage\"},\"thumbnailUrl\":\"https:\\\/\\\/aronica.ch\\\/wp-content\\\/uploads\\\/2026\\\/01\\\/Hibiskus-tea.png\",\"datePublished\":\"2026-01-30T10:21:21+00:00\",\"dateModified\":\"2026-04-09T15:35:37+00:00\",\"breadcrumb\":{\"@id\":\"https:\\\/\\\/aronica.ch\\\/sq\\\/produkt\\\/aronia-hibiskus-apfel-tee\\\/#breadcrumb\"},\"inLanguage\":\"sq\",\"potentialAction\":[{\"@type\":\"ReadAction\",\"target\":[\"https:\\\/\\\/aronica.ch\\\/sq\\\/produkt\\\/aronia-hibiskus-apfel-tee\\\/\"]}]},{\"@type\":\"ImageObject\",\"inLanguage\":\"sq\",\"@id\":\"https:\\\/\\\/aronica.ch\\\/sq\\\/produkt\\\/aronia-hibiskus-apfel-tee\\\/#primaryimage\",\"url\":\"https:\\\/\\\/aronica.ch\\\/wp-content\\\/uploads\\\/2026\\\/01\\\/Hibiskus-tea.png\",\"contentUrl\":\"https:\\\/\\\/aronica.ch\\\/wp-content\\\/uploads\\\/2026\\\/01\\\/Hibiskus-tea.png\",\"width\":500,\"height\":500},{\"@type\":\"BreadcrumbList\",\"@id\":\"https:\\\/\\\/aronica.ch\\\/sq\\\/produkt\\\/aronia-hibiskus-apfel-tee\\\/#breadcrumb\",\"itemListElement\":[{\"@type\":\"ListItem\",\"position\":1,\"name\":\"Start\",\"item\":\"https:\\\/\\\/aronica.ch\\\/sq\\\/\"},{\"@type\":\"ListItem\",\"position\":2,\"name\":\"Products\",\"item\":\"https:\\\/\\\/aronica.ch\\\/products\\\/\"},{\"@type\":\"ListItem\",\"position\":3,\"name\":\"\u00c7aj Aronie Hibiskus &#038; Moll\u00eb 40 gr\"}]},{\"@type\":\"WebSite\",\"@id\":\"https:\\\/\\\/aronica.ch\\\/sq\\\/#website\",\"url\":\"https:\\\/\\\/aronica.ch\\\/sq\\\/\",\"name\":\"Aronica\",\"description\":\"Startseite\",\"potentialAction\":[{\"@type\":\"SearchAction\",\"target\":{\"@type\":\"EntryPoint\",\"urlTemplate\":\"https:\\\/\\\/aronica.ch\\\/sq\\\/?s={search_term_string}\"},\"query-input\":{\"@type\":\"PropertyValueSpecification\",\"valueRequired\":true,\"valueName\":\"search_term_string\"}}],\"inLanguage\":\"sq\"}]}<\/script>\n<!-- \/ Yoast SEO plugin. -->","yoast_head_json":{"title":"\u00c7aj Aronie Hibiskus & Moll\u00eb 40 gr - Aronica","robots":{"index":"index","follow":"follow","max-snippet":"max-snippet:-1","max-image-preview":"max-image-preview:large","max-video-preview":"max-video-preview:-1"},"canonical":"https:\/\/aronica.ch\/sq\/produkt\/aronia-hibiskus-apfel-tee\/","og_locale":"sq_AL","og_type":"article","og_title":"\u00c7aj Aronie Hibiskus & Moll\u00eb 40 gr - Aronica","og_description":"Nj\u00eb p\u00ebrzierje aromatike e aronis\u00eb, moll\u00ebs dhe hibiskusit q\u00eb ofron nj\u00eb shije t\u00eb balancuar frutore dhe nj\u00eb arom\u00eb t\u00eb k\u00ebndshme. Ky \u00e7aj mund t\u00eb konsumohet i ngroht\u00eb ose i ftoht\u00eb dhe \u00ebsht\u00eb i p\u00ebrshtatsh\u00ebm p\u00ebr \u00e7do moment t\u00eb dit\u00ebs.","og_url":"https:\/\/aronica.ch\/sq\/produkt\/aronia-hibiskus-apfel-tee\/","og_site_name":"Aronica","article_modified_time":"2026-04-09T15:35:37+00:00","og_image":[{"width":500,"height":500,"url":"https:\/\/aronica.ch\/wp-content\/uploads\/2026\/01\/Hibiskus-tea.png","type":"image\/png"}],"twitter_card":"summary_large_image","twitter_misc":{"Est. reading time":"1 minut\u00eb"},"schema":{"@context":"https:\/\/schema.org","@graph":[{"@type":"WebPage","@id":"https:\/\/aronica.ch\/sq\/produkt\/aronia-hibiskus-apfel-tee\/","url":"https:\/\/aronica.ch\/sq\/produkt\/aronia-hibiskus-apfel-tee\/","name":"\u00c7aj Aronie Hibiskus & Moll\u00eb 40 gr - Aronica","isPartOf":{"@id":"https:\/\/aronica.ch\/sq\/#website"},"primaryImageOfPage":{"@id":"https:\/\/aronica.ch\/sq\/produkt\/aronia-hibiskus-apfel-tee\/#primaryimage"},"image":{"@id":"https:\/\/aronica.ch\/sq\/produkt\/aronia-hibiskus-apfel-tee\/#primaryimage"},"thumbnailUrl":"https:\/\/aronica.ch\/wp-content\/uploads\/2026\/01\/Hibiskus-tea.png","datePublished":"2026-01-30T10:21:21+00:00","dateModified":"2026-04-09T15:35:37+00:00","breadcrumb":{"@id":"https:\/\/aronica.ch\/sq\/produkt\/aronia-hibiskus-apfel-tee\/#breadcrumb"},"inLanguage":"sq","potentialAction":[{"@type":"ReadAction","target":["https:\/\/aronica.ch\/sq\/produkt\/aronia-hibiskus-apfel-tee\/"]}]},{"@type":"ImageObject","inLanguage":"sq","@id":"https:\/\/aronica.ch\/sq\/produkt\/aronia-hibiskus-apfel-tee\/#primaryimage","url":"https:\/\/aronica.ch\/wp-content\/uploads\/2026\/01\/Hibiskus-tea.png","contentUrl":"https:\/\/aronica.ch\/wp-content\/uploads\/2026\/01\/Hibiskus-tea.png","width":500,"height":500},{"@type":"BreadcrumbList","@id":"https:\/\/aronica.ch\/sq\/produkt\/aronia-hibiskus-apfel-tee\/#breadcrumb","itemListElement":[{"@type":"ListItem","position":1,"name":"Start","item":"https:\/\/aronica.ch\/sq\/"},{"@type":"ListItem","position":2,"name":"Products","item":"https:\/\/aronica.ch\/products\/"},{"@type":"ListItem","position":3,"name":"\u00c7aj Aronie Hibiskus &#038; Moll\u00eb 40 gr"}]},{"@type":"WebSite","@id":"https:\/\/aronica.ch\/sq\/#website","url":"https:\/\/aronica.ch\/sq\/","name":"Aronica","description":"Startseite","potentialAction":[{"@type":"SearchAction","target":{"@type":"EntryPoint","urlTemplate":"https:\/\/aronica.ch\/sq\/?s={search_term_string}"},"query-input":{"@type":"PropertyValueSpecification","valueRequired":true,"valueName":"search_term_string"}}],"inLanguage":"sq"}]}},"_links":{"self":[{"href":"https:\/\/aronica.ch\/sq\/wp-json\/wp\/v2\/product\/21156","targetHints":{"allow":["GET"]}}],"collection":[{"href":"https:\/\/aronica.ch\/sq\/wp-json\/wp\/v2\/product"}],"about":[{"href":"https:\/\/aronica.ch\/sq\/wp-json\/wp\/v2\/types\/product"}],"wp:featuredmedia":[{"embeddable":true,"href":"https:\/\/aronica.ch\/sq\/wp-json\/wp\/v2\/media\/21154"}],"wp:attachment":[{"href":"https:\/\/aronica.ch\/sq\/wp-json\/wp\/v2\/media?parent=21156"}],"wp:term":[{"taxonomy":"product_brand","embeddable":true,"href":"https:\/\/aronica.ch\/sq\/wp-json\/wp\/v2\/product_brand?post=21156"},{"taxonomy":"product_cat","embeddable":true,"href":"https:\/\/aronica.ch\/sq\/wp-json\/wp\/v2\/product_cat?post=21156"},{"taxonomy":"product_tag","embeddable":true,"href":"https:\/\/aronica.ch\/sq\/wp-json\/wp\/v2\/product_tag?post=21156"}],"curies":[{"name":"wp","href":"https:\/\/api.w.org\/{rel}","templated":true}]}}