{"id":21153,"date":"2026-01-30T10:25:00","date_gmt":"2026-01-30T10:25:00","guid":{"rendered":"https:\/\/aronica.ch\/?post_type=product&#038;p=21153"},"modified":"2026-04-10T08:43:00","modified_gmt":"2026-04-10T08:43:00","slug":"caj-aronie-kanelle-40-gr","status":"publish","type":"product","link":"https:\/\/aronica.ch\/sq\/produkt\/caj-aronie-kanelle-40-gr\/","title":{"rendered":"\u00c7aj Aronie &#038; Kanell\u00eb 40 gr"},"content":{"rendered":"<p data-start=\"86\" data-end=\"342\">Shijoni kombinimin perfekt t\u00eb aronis\u00eb s\u00eb pasur me antioksidant\u00eb dhe arom\u00ebs s\u00eb ngroht\u00eb t\u00eb kanell\u00ebs! Ky \u00e7aj 100% natyral ofron nj\u00eb shije t\u00eb plot\u00eb dhe nj\u00eb p\u00ebrvoj\u00eb relaksuese \u2013 ideal p\u00ebr dit\u00ebt e ftohta ose p\u00ebr momentet kur keni nevoj\u00eb p\u00ebr qet\u00ebsi dhe ngroht\u00ebsi.<\/p>\n<p data-start=\"344\" data-end=\"361\"><strong data-start=\"344\" data-end=\"354\">Pesha:<\/strong> 40 g<\/p>\n<p data-start=\"363\" data-end=\"438\"><strong data-start=\"363\" data-end=\"389\">\u00c7aj aronie me kanell\u00eb:<\/strong> 87% fruta t\u00eb thata t\u00eb aronis\u00eb dhe 13% kanell\u00eb.<\/p>\n<p data-start=\"440\" data-end=\"493\"><strong data-start=\"440\" data-end=\"463\">Afati i p\u00ebrdorimit:<\/strong> 2 vite nga data e prodhimit<\/p>\n<p data-start=\"495\" data-end=\"550\"><strong data-start=\"495\" data-end=\"515\">Paketimi (cop\u00eb):<\/strong> 16<\/p>\n<p data-start=\"495\" data-end=\"550\"><strong data-start=\"521\" data-end=\"545\">Paketime p\u00ebr palet\u00eb:<\/strong> 66<\/p>\n<p data-start=\"552\" data-end=\"807\">Nj\u00eb kombinim harmonik i shijes unike t\u00eb aronis\u00eb me arom\u00ebn e ngroht\u00eb t\u00eb kanell\u00ebs. Ky \u00e7aj natyral ofron nj\u00eb p\u00ebrvoj\u00eb t\u00eb pasur dhe qet\u00ebsuese, duke bashkuar vetit\u00eb e fuqishme antioksiduese t\u00eb aronis\u00eb me efektet relaksuese dhe ndihmuese p\u00ebr tretjen t\u00eb kanell\u00ebs.<\/p>\n","protected":false},"excerpt":{"rendered":"<p>Shijoje kombinimin perfekt t\u00eb aronis\u00eb s\u00eb pasur me antioksidant\u00eb dhe arom\u00ebs s\u00eb ngroht\u00eb t\u00eb kanell\u00ebs! Ky \u00e7aj 100% natyral ofron nj\u00eb shije t\u00eb pasur dhe nj\u00eb p\u00ebrvoj\u00eb relaksuese, duke e b\u00ebr\u00eb ideal p\u00ebr dit\u00ebt e ftohta ose momentet kur ke nevoj\u00eb p\u00ebr qet\u00ebsi dhe ngroht\u00ebsi.<\/p>\n","protected":false},"featured_media":21597,"template":"","meta":{"_acf_changed":false},"product_brand":[],"product_cat":[150],"product_tag":[],"class_list":{"0":"post-21153","1":"product","2":"type-product","3":"status-publish","4":"has-post-thumbnail","6":"product_cat-cajra","8":"first","9":"instock","10":"shipping-taxable","11":"purchasable","12":"product-type-variable","13":"has-default-attributes"},"acf":[],"yoast_head":"<!-- This site is optimized with the Yoast SEO plugin v27.4 - https:\/\/yoast.com\/product\/yoast-seo-wordpress\/ -->\n<title>\u00c7aj Aronie &amp; Kanell\u00eb 40 gr - Aronica<\/title>\n<meta name=\"robots\" content=\"index, follow, max-snippet:-1, max-image-preview:large, max-video-preview:-1\" \/>\n<link rel=\"canonical\" href=\"https:\/\/aronica.ch\/sq\/produkt\/caj-aronie-kanelle-40-gr\/\" \/>\n<meta property=\"og:locale\" content=\"sq_AL\" \/>\n<meta property=\"og:type\" content=\"article\" \/>\n<meta property=\"og:title\" content=\"\u00c7aj Aronie &amp; Kanell\u00eb 40 gr - Aronica\" \/>\n<meta property=\"og:description\" content=\"Shijoje kombinimin perfekt t\u00eb aronis\u00eb s\u00eb pasur me antioksidant\u00eb dhe arom\u00ebs s\u00eb ngroht\u00eb t\u00eb kanell\u00ebs! Ky \u00e7aj 100% natyral ofron nj\u00eb shije t\u00eb pasur dhe nj\u00eb p\u00ebrvoj\u00eb relaksuese, duke e b\u00ebr\u00eb ideal p\u00ebr dit\u00ebt e ftohta ose momentet kur ke nevoj\u00eb p\u00ebr qet\u00ebsi dhe ngroht\u00ebsi.\" \/>\n<meta property=\"og:url\" content=\"https:\/\/aronica.ch\/sq\/produkt\/caj-aronie-kanelle-40-gr\/\" \/>\n<meta property=\"og:site_name\" content=\"Aronica\" \/>\n<meta property=\"article:modified_time\" content=\"2026-04-10T08:43:00+00:00\" \/>\n<meta property=\"og:image\" content=\"https:\/\/aronica.ch\/wp-content\/uploads\/2026\/01\/Artboard-3-2-1-1024x1024.png\" \/>\n\t<meta property=\"og:image:width\" content=\"1024\" \/>\n\t<meta property=\"og:image:height\" content=\"1024\" \/>\n\t<meta property=\"og:image:type\" content=\"image\/png\" \/>\n<meta name=\"twitter:card\" content=\"summary_large_image\" \/>\n<meta name=\"twitter:label1\" content=\"Est. reading time\" \/>\n\t<meta name=\"twitter:data1\" content=\"1 minut\u00eb\" \/>\n<script type=\"application\/ld+json\" class=\"yoast-schema-graph\">{\"@context\":\"https:\\\/\\\/schema.org\",\"@graph\":[{\"@type\":\"WebPage\",\"@id\":\"https:\\\/\\\/aronica.ch\\\/sq\\\/produkt\\\/caj-aronie-kanelle-40-gr\\\/\",\"url\":\"https:\\\/\\\/aronica.ch\\\/sq\\\/produkt\\\/caj-aronie-kanelle-40-gr\\\/\",\"name\":\"\u00c7aj Aronie & Kanell\u00eb 40 gr - Aronica\",\"isPartOf\":{\"@id\":\"https:\\\/\\\/aronica.ch\\\/sq\\\/#website\"},\"primaryImageOfPage\":{\"@id\":\"https:\\\/\\\/aronica.ch\\\/sq\\\/produkt\\\/caj-aronie-kanelle-40-gr\\\/#primaryimage\"},\"image\":{\"@id\":\"https:\\\/\\\/aronica.ch\\\/sq\\\/produkt\\\/caj-aronie-kanelle-40-gr\\\/#primaryimage\"},\"thumbnailUrl\":\"https:\\\/\\\/aronica.ch\\\/wp-content\\\/uploads\\\/2026\\\/01\\\/Artboard-3-2-1.png\",\"datePublished\":\"2026-01-30T10:25:00+00:00\",\"dateModified\":\"2026-04-10T08:43:00+00:00\",\"breadcrumb\":{\"@id\":\"https:\\\/\\\/aronica.ch\\\/sq\\\/produkt\\\/caj-aronie-kanelle-40-gr\\\/#breadcrumb\"},\"inLanguage\":\"sq\",\"potentialAction\":[{\"@type\":\"ReadAction\",\"target\":[\"https:\\\/\\\/aronica.ch\\\/sq\\\/produkt\\\/caj-aronie-kanelle-40-gr\\\/\"]}]},{\"@type\":\"ImageObject\",\"inLanguage\":\"sq\",\"@id\":\"https:\\\/\\\/aronica.ch\\\/sq\\\/produkt\\\/caj-aronie-kanelle-40-gr\\\/#primaryimage\",\"url\":\"https:\\\/\\\/aronica.ch\\\/wp-content\\\/uploads\\\/2026\\\/01\\\/Artboard-3-2-1.png\",\"contentUrl\":\"https:\\\/\\\/aronica.ch\\\/wp-content\\\/uploads\\\/2026\\\/01\\\/Artboard-3-2-1.png\",\"width\":2000,\"height\":2000},{\"@type\":\"BreadcrumbList\",\"@id\":\"https:\\\/\\\/aronica.ch\\\/sq\\\/produkt\\\/caj-aronie-kanelle-40-gr\\\/#breadcrumb\",\"itemListElement\":[{\"@type\":\"ListItem\",\"position\":1,\"name\":\"Start\",\"item\":\"https:\\\/\\\/aronica.ch\\\/sq\\\/\"},{\"@type\":\"ListItem\",\"position\":2,\"name\":\"Products\",\"item\":\"https:\\\/\\\/aronica.ch\\\/products\\\/\"},{\"@type\":\"ListItem\",\"position\":3,\"name\":\"\u00c7aj Aronie &#038; Kanell\u00eb 40 gr\"}]},{\"@type\":\"WebSite\",\"@id\":\"https:\\\/\\\/aronica.ch\\\/sq\\\/#website\",\"url\":\"https:\\\/\\\/aronica.ch\\\/sq\\\/\",\"name\":\"Aronica\",\"description\":\"Startseite\",\"potentialAction\":[{\"@type\":\"SearchAction\",\"target\":{\"@type\":\"EntryPoint\",\"urlTemplate\":\"https:\\\/\\\/aronica.ch\\\/sq\\\/?s={search_term_string}\"},\"query-input\":{\"@type\":\"PropertyValueSpecification\",\"valueRequired\":true,\"valueName\":\"search_term_string\"}}],\"inLanguage\":\"sq\"}]}<\/script>\n<!-- \/ Yoast SEO plugin. -->","yoast_head_json":{"title":"\u00c7aj Aronie & Kanell\u00eb 40 gr - Aronica","robots":{"index":"index","follow":"follow","max-snippet":"max-snippet:-1","max-image-preview":"max-image-preview:large","max-video-preview":"max-video-preview:-1"},"canonical":"https:\/\/aronica.ch\/sq\/produkt\/caj-aronie-kanelle-40-gr\/","og_locale":"sq_AL","og_type":"article","og_title":"\u00c7aj Aronie & Kanell\u00eb 40 gr - Aronica","og_description":"Shijoje kombinimin perfekt t\u00eb aronis\u00eb s\u00eb pasur me antioksidant\u00eb dhe arom\u00ebs s\u00eb ngroht\u00eb t\u00eb kanell\u00ebs! Ky \u00e7aj 100% natyral ofron nj\u00eb shije t\u00eb pasur dhe nj\u00eb p\u00ebrvoj\u00eb relaksuese, duke e b\u00ebr\u00eb ideal p\u00ebr dit\u00ebt e ftohta ose momentet kur ke nevoj\u00eb p\u00ebr qet\u00ebsi dhe ngroht\u00ebsi.","og_url":"https:\/\/aronica.ch\/sq\/produkt\/caj-aronie-kanelle-40-gr\/","og_site_name":"Aronica","article_modified_time":"2026-04-10T08:43:00+00:00","og_image":[{"width":1024,"height":1024,"url":"https:\/\/aronica.ch\/wp-content\/uploads\/2026\/01\/Artboard-3-2-1-1024x1024.png","type":"image\/png"}],"twitter_card":"summary_large_image","twitter_misc":{"Est. reading time":"1 minut\u00eb"},"schema":{"@context":"https:\/\/schema.org","@graph":[{"@type":"WebPage","@id":"https:\/\/aronica.ch\/sq\/produkt\/caj-aronie-kanelle-40-gr\/","url":"https:\/\/aronica.ch\/sq\/produkt\/caj-aronie-kanelle-40-gr\/","name":"\u00c7aj Aronie & Kanell\u00eb 40 gr - Aronica","isPartOf":{"@id":"https:\/\/aronica.ch\/sq\/#website"},"primaryImageOfPage":{"@id":"https:\/\/aronica.ch\/sq\/produkt\/caj-aronie-kanelle-40-gr\/#primaryimage"},"image":{"@id":"https:\/\/aronica.ch\/sq\/produkt\/caj-aronie-kanelle-40-gr\/#primaryimage"},"thumbnailUrl":"https:\/\/aronica.ch\/wp-content\/uploads\/2026\/01\/Artboard-3-2-1.png","datePublished":"2026-01-30T10:25:00+00:00","dateModified":"2026-04-10T08:43:00+00:00","breadcrumb":{"@id":"https:\/\/aronica.ch\/sq\/produkt\/caj-aronie-kanelle-40-gr\/#breadcrumb"},"inLanguage":"sq","potentialAction":[{"@type":"ReadAction","target":["https:\/\/aronica.ch\/sq\/produkt\/caj-aronie-kanelle-40-gr\/"]}]},{"@type":"ImageObject","inLanguage":"sq","@id":"https:\/\/aronica.ch\/sq\/produkt\/caj-aronie-kanelle-40-gr\/#primaryimage","url":"https:\/\/aronica.ch\/wp-content\/uploads\/2026\/01\/Artboard-3-2-1.png","contentUrl":"https:\/\/aronica.ch\/wp-content\/uploads\/2026\/01\/Artboard-3-2-1.png","width":2000,"height":2000},{"@type":"BreadcrumbList","@id":"https:\/\/aronica.ch\/sq\/produkt\/caj-aronie-kanelle-40-gr\/#breadcrumb","itemListElement":[{"@type":"ListItem","position":1,"name":"Start","item":"https:\/\/aronica.ch\/sq\/"},{"@type":"ListItem","position":2,"name":"Products","item":"https:\/\/aronica.ch\/products\/"},{"@type":"ListItem","position":3,"name":"\u00c7aj Aronie &#038; Kanell\u00eb 40 gr"}]},{"@type":"WebSite","@id":"https:\/\/aronica.ch\/sq\/#website","url":"https:\/\/aronica.ch\/sq\/","name":"Aronica","description":"Startseite","potentialAction":[{"@type":"SearchAction","target":{"@type":"EntryPoint","urlTemplate":"https:\/\/aronica.ch\/sq\/?s={search_term_string}"},"query-input":{"@type":"PropertyValueSpecification","valueRequired":true,"valueName":"search_term_string"}}],"inLanguage":"sq"}]}},"_links":{"self":[{"href":"https:\/\/aronica.ch\/sq\/wp-json\/wp\/v2\/product\/21153","targetHints":{"allow":["GET"]}}],"collection":[{"href":"https:\/\/aronica.ch\/sq\/wp-json\/wp\/v2\/product"}],"about":[{"href":"https:\/\/aronica.ch\/sq\/wp-json\/wp\/v2\/types\/product"}],"wp:featuredmedia":[{"embeddable":true,"href":"https:\/\/aronica.ch\/sq\/wp-json\/wp\/v2\/media\/21597"}],"wp:attachment":[{"href":"https:\/\/aronica.ch\/sq\/wp-json\/wp\/v2\/media?parent=21153"}],"wp:term":[{"taxonomy":"product_brand","embeddable":true,"href":"https:\/\/aronica.ch\/sq\/wp-json\/wp\/v2\/product_brand?post=21153"},{"taxonomy":"product_cat","embeddable":true,"href":"https:\/\/aronica.ch\/sq\/wp-json\/wp\/v2\/product_cat?post=21153"},{"taxonomy":"product_tag","embeddable":true,"href":"https:\/\/aronica.ch\/sq\/wp-json\/wp\/v2\/product_tag?post=21153"}],"curies":[{"name":"wp","href":"https:\/\/api.w.org\/{rel}","templated":true}]}}