{"id":21151,"date":"2026-01-30T10:26:56","date_gmt":"2026-01-30T10:26:56","guid":{"rendered":"https:\/\/aronica.ch\/product\/aroniatee-250gr\/"},"modified":"2026-04-09T15:26:07","modified_gmt":"2026-04-09T15:26:07","slug":"aroniatee-250gr","status":"publish","type":"product","link":"https:\/\/aronica.ch\/sq\/produkt\/aroniatee-250gr\/","title":{"rendered":"Aroniatee 250gr"},"content":{"rendered":"<p data-start=\"86\" data-end=\"241\">\u00c7aji i aronis\u00eb prodhohet nga fruta t\u00eb thata t\u00eb aronis\u00eb dhe ofron nj\u00eb shije t\u00eb pasur dhe frutore. Paketa prej 250 g \u00ebsht\u00eb ideale p\u00ebr p\u00ebrdorim t\u00eb p\u00ebrditsh\u00ebm.<\/p>\n<p data-start=\"243\" data-end=\"257\"><strong data-start=\"243\" data-end=\"257\">P\u00ebrb\u00ebr\u00ebsit<\/strong><\/p>\n<ul data-start=\"259\" data-end=\"288\">\n<li data-section-id=\"odtgon\" data-start=\"259\" data-end=\"288\">Fruta t\u00eb thata t\u00eb aronis\u00eb<\/li>\n<\/ul>\n<p data-start=\"290\" data-end=\"309\"><strong data-start=\"290\" data-end=\"309\">Karakteristikat<\/strong><\/p>\n<ul data-start=\"311\" data-end=\"425\">\n<li data-section-id=\"jtj6ms\" data-start=\"311\" data-end=\"348\">Burim natyral i p\u00ebrb\u00ebr\u00ebsve bimor\u00eb<\/li>\n<li data-section-id=\"lqliyo\" data-start=\"349\" data-end=\"381\">Shije karakteristike frutore<\/li>\n<li data-section-id=\"1uujo2d\" data-start=\"382\" data-end=\"425\">I p\u00ebrshtatsh\u00ebm p\u00ebr konsum t\u00eb p\u00ebrditsh\u00ebm<\/li>\n<\/ul>\n<p data-start=\"427\" data-end=\"441\"><strong data-start=\"427\" data-end=\"441\">P\u00ebrgatitja<\/strong><\/p>\n<p data-start=\"443\" data-end=\"560\">1 lug\u00eb gjelle p\u00ebr 200\u2013250 ml uj\u00eb t\u00eb val\u00eb<br data-start=\"483\" data-end=\"486\" \/>L\u00ebreni t\u00eb q\u00ebndroj\u00eb p\u00ebr 10\u201315 minuta<br data-start=\"521\" data-end=\"524\" \/>Shijojeni t\u00eb ngroht\u00eb ose t\u00eb ftoht\u00eb<\/p>\n<p data-start=\"562\" data-end=\"580\"><strong data-start=\"562\" data-end=\"572\">Pesha:<\/strong> 250 g<\/p>\n<p data-start=\"582\" data-end=\"631\"><strong data-start=\"582\" data-end=\"597\">\u00c7aj aronie:<\/strong> 100% fruta t\u00eb thata t\u00eb aronis\u00eb.<\/p>\n<p data-start=\"633\" data-end=\"686\"><strong data-start=\"633\" data-end=\"656\">Afati i p\u00ebrdorimit:<\/strong> 2 vite nga data e prodhimit<\/p>\n<p data-start=\"688\" data-end=\"743\"><strong data-start=\"688\" data-end=\"708\">Paketimi (cop\u00eb):<\/strong> 11<\/p>\n<p data-start=\"688\" data-end=\"743\"><strong data-start=\"714\" data-end=\"738\">Paketime p\u00ebr palet\u00eb:<\/strong> 66<\/p>\n<p data-start=\"745\" data-end=\"877\">\u00c7aj natyral aronie, i prodhuar nga p\u00ebrb\u00ebr\u00ebs natyral\u00eb, me nj\u00eb shije t\u00eb pasur dhe relaksuese. I pasur me antioksidant\u00eb dhe vitamin\u00eb C.<\/p>\n","protected":false},"excerpt":{"rendered":"<p>\u00c7aji i aronis\u00eb p\u00ebrgatitet nga frutat e thata t\u00eb aronis\u00eb dhe ofron nj\u00eb shije t\u00eb pasur frutore. Paketimi 250 g \u00ebsht\u00eb i p\u00ebrshtatsh\u00ebm p\u00ebr p\u00ebrdorim t\u00eb p\u00ebrditsh\u00ebm.<\/p>\n","protected":false},"featured_media":21149,"template":"","meta":{"_acf_changed":false},"product_brand":[],"product_cat":[150],"product_tag":[],"class_list":{"0":"post-21151","1":"product","2":"type-product","3":"status-publish","4":"has-post-thumbnail","6":"product_cat-cajra","8":"first","9":"instock","10":"shipping-taxable","11":"purchasable","12":"product-type-variable","13":"has-default-attributes"},"acf":[],"yoast_head":"<!-- This site is optimized with the Yoast SEO plugin v27.4 - https:\/\/yoast.com\/product\/yoast-seo-wordpress\/ -->\n<title>Aroniatee 250gr - Aronica<\/title>\n<meta name=\"robots\" content=\"index, follow, max-snippet:-1, max-image-preview:large, max-video-preview:-1\" \/>\n<link rel=\"canonical\" href=\"https:\/\/aronica.ch\/sq\/produkt\/aroniatee-250gr\/\" \/>\n<meta property=\"og:locale\" content=\"sq_AL\" \/>\n<meta property=\"og:type\" content=\"article\" \/>\n<meta property=\"og:title\" content=\"Aroniatee 250gr - Aronica\" \/>\n<meta property=\"og:description\" content=\"\u00c7aji i aronis\u00eb p\u00ebrgatitet nga frutat e thata t\u00eb aronis\u00eb dhe ofron nj\u00eb shije t\u00eb pasur frutore. Paketimi 250 g \u00ebsht\u00eb i p\u00ebrshtatsh\u00ebm p\u00ebr p\u00ebrdorim t\u00eb p\u00ebrditsh\u00ebm.\" \/>\n<meta property=\"og:url\" content=\"https:\/\/aronica.ch\/sq\/produkt\/aroniatee-250gr\/\" \/>\n<meta property=\"og:site_name\" content=\"Aronica\" \/>\n<meta property=\"article:modified_time\" content=\"2026-04-09T15:26:07+00:00\" \/>\n<meta property=\"og:image\" content=\"https:\/\/aronica.ch\/wp-content\/uploads\/2026\/01\/Aronia-refuz.png\" \/>\n\t<meta property=\"og:image:width\" content=\"520\" \/>\n\t<meta property=\"og:image:height\" content=\"520\" \/>\n\t<meta property=\"og:image:type\" content=\"image\/png\" \/>\n<meta name=\"twitter:card\" content=\"summary_large_image\" \/>\n<meta name=\"twitter:label1\" content=\"Est. reading time\" \/>\n\t<meta name=\"twitter:data1\" content=\"1 minut\u00eb\" \/>\n<script type=\"application\/ld+json\" class=\"yoast-schema-graph\">{\"@context\":\"https:\\\/\\\/schema.org\",\"@graph\":[{\"@type\":\"WebPage\",\"@id\":\"https:\\\/\\\/aronica.ch\\\/sq\\\/produkt\\\/aroniatee-250gr\\\/\",\"url\":\"https:\\\/\\\/aronica.ch\\\/sq\\\/produkt\\\/aroniatee-250gr\\\/\",\"name\":\"Aroniatee 250gr - Aronica\",\"isPartOf\":{\"@id\":\"https:\\\/\\\/aronica.ch\\\/sq\\\/#website\"},\"primaryImageOfPage\":{\"@id\":\"https:\\\/\\\/aronica.ch\\\/sq\\\/produkt\\\/aroniatee-250gr\\\/#primaryimage\"},\"image\":{\"@id\":\"https:\\\/\\\/aronica.ch\\\/sq\\\/produkt\\\/aroniatee-250gr\\\/#primaryimage\"},\"thumbnailUrl\":\"https:\\\/\\\/aronica.ch\\\/wp-content\\\/uploads\\\/2026\\\/01\\\/Aronia-refuz.png\",\"datePublished\":\"2026-01-30T10:26:56+00:00\",\"dateModified\":\"2026-04-09T15:26:07+00:00\",\"breadcrumb\":{\"@id\":\"https:\\\/\\\/aronica.ch\\\/sq\\\/produkt\\\/aroniatee-250gr\\\/#breadcrumb\"},\"inLanguage\":\"sq\",\"potentialAction\":[{\"@type\":\"ReadAction\",\"target\":[\"https:\\\/\\\/aronica.ch\\\/sq\\\/produkt\\\/aroniatee-250gr\\\/\"]}]},{\"@type\":\"ImageObject\",\"inLanguage\":\"sq\",\"@id\":\"https:\\\/\\\/aronica.ch\\\/sq\\\/produkt\\\/aroniatee-250gr\\\/#primaryimage\",\"url\":\"https:\\\/\\\/aronica.ch\\\/wp-content\\\/uploads\\\/2026\\\/01\\\/Aronia-refuz.png\",\"contentUrl\":\"https:\\\/\\\/aronica.ch\\\/wp-content\\\/uploads\\\/2026\\\/01\\\/Aronia-refuz.png\",\"width\":520,\"height\":520},{\"@type\":\"BreadcrumbList\",\"@id\":\"https:\\\/\\\/aronica.ch\\\/sq\\\/produkt\\\/aroniatee-250gr\\\/#breadcrumb\",\"itemListElement\":[{\"@type\":\"ListItem\",\"position\":1,\"name\":\"Start\",\"item\":\"https:\\\/\\\/aronica.ch\\\/sq\\\/\"},{\"@type\":\"ListItem\",\"position\":2,\"name\":\"Products\",\"item\":\"https:\\\/\\\/aronica.ch\\\/products\\\/\"},{\"@type\":\"ListItem\",\"position\":3,\"name\":\"Aroniatee 250gr\"}]},{\"@type\":\"WebSite\",\"@id\":\"https:\\\/\\\/aronica.ch\\\/sq\\\/#website\",\"url\":\"https:\\\/\\\/aronica.ch\\\/sq\\\/\",\"name\":\"Aronica\",\"description\":\"Startseite\",\"potentialAction\":[{\"@type\":\"SearchAction\",\"target\":{\"@type\":\"EntryPoint\",\"urlTemplate\":\"https:\\\/\\\/aronica.ch\\\/sq\\\/?s={search_term_string}\"},\"query-input\":{\"@type\":\"PropertyValueSpecification\",\"valueRequired\":true,\"valueName\":\"search_term_string\"}}],\"inLanguage\":\"sq\"}]}<\/script>\n<!-- \/ Yoast SEO plugin. -->","yoast_head_json":{"title":"Aroniatee 250gr - Aronica","robots":{"index":"index","follow":"follow","max-snippet":"max-snippet:-1","max-image-preview":"max-image-preview:large","max-video-preview":"max-video-preview:-1"},"canonical":"https:\/\/aronica.ch\/sq\/produkt\/aroniatee-250gr\/","og_locale":"sq_AL","og_type":"article","og_title":"Aroniatee 250gr - Aronica","og_description":"\u00c7aji i aronis\u00eb p\u00ebrgatitet nga frutat e thata t\u00eb aronis\u00eb dhe ofron nj\u00eb shije t\u00eb pasur frutore. Paketimi 250 g \u00ebsht\u00eb i p\u00ebrshtatsh\u00ebm p\u00ebr p\u00ebrdorim t\u00eb p\u00ebrditsh\u00ebm.","og_url":"https:\/\/aronica.ch\/sq\/produkt\/aroniatee-250gr\/","og_site_name":"Aronica","article_modified_time":"2026-04-09T15:26:07+00:00","og_image":[{"width":520,"height":520,"url":"https:\/\/aronica.ch\/wp-content\/uploads\/2026\/01\/Aronia-refuz.png","type":"image\/png"}],"twitter_card":"summary_large_image","twitter_misc":{"Est. reading time":"1 minut\u00eb"},"schema":{"@context":"https:\/\/schema.org","@graph":[{"@type":"WebPage","@id":"https:\/\/aronica.ch\/sq\/produkt\/aroniatee-250gr\/","url":"https:\/\/aronica.ch\/sq\/produkt\/aroniatee-250gr\/","name":"Aroniatee 250gr - Aronica","isPartOf":{"@id":"https:\/\/aronica.ch\/sq\/#website"},"primaryImageOfPage":{"@id":"https:\/\/aronica.ch\/sq\/produkt\/aroniatee-250gr\/#primaryimage"},"image":{"@id":"https:\/\/aronica.ch\/sq\/produkt\/aroniatee-250gr\/#primaryimage"},"thumbnailUrl":"https:\/\/aronica.ch\/wp-content\/uploads\/2026\/01\/Aronia-refuz.png","datePublished":"2026-01-30T10:26:56+00:00","dateModified":"2026-04-09T15:26:07+00:00","breadcrumb":{"@id":"https:\/\/aronica.ch\/sq\/produkt\/aroniatee-250gr\/#breadcrumb"},"inLanguage":"sq","potentialAction":[{"@type":"ReadAction","target":["https:\/\/aronica.ch\/sq\/produkt\/aroniatee-250gr\/"]}]},{"@type":"ImageObject","inLanguage":"sq","@id":"https:\/\/aronica.ch\/sq\/produkt\/aroniatee-250gr\/#primaryimage","url":"https:\/\/aronica.ch\/wp-content\/uploads\/2026\/01\/Aronia-refuz.png","contentUrl":"https:\/\/aronica.ch\/wp-content\/uploads\/2026\/01\/Aronia-refuz.png","width":520,"height":520},{"@type":"BreadcrumbList","@id":"https:\/\/aronica.ch\/sq\/produkt\/aroniatee-250gr\/#breadcrumb","itemListElement":[{"@type":"ListItem","position":1,"name":"Start","item":"https:\/\/aronica.ch\/sq\/"},{"@type":"ListItem","position":2,"name":"Products","item":"https:\/\/aronica.ch\/products\/"},{"@type":"ListItem","position":3,"name":"Aroniatee 250gr"}]},{"@type":"WebSite","@id":"https:\/\/aronica.ch\/sq\/#website","url":"https:\/\/aronica.ch\/sq\/","name":"Aronica","description":"Startseite","potentialAction":[{"@type":"SearchAction","target":{"@type":"EntryPoint","urlTemplate":"https:\/\/aronica.ch\/sq\/?s={search_term_string}"},"query-input":{"@type":"PropertyValueSpecification","valueRequired":true,"valueName":"search_term_string"}}],"inLanguage":"sq"}]}},"_links":{"self":[{"href":"https:\/\/aronica.ch\/sq\/wp-json\/wp\/v2\/product\/21151","targetHints":{"allow":["GET"]}}],"collection":[{"href":"https:\/\/aronica.ch\/sq\/wp-json\/wp\/v2\/product"}],"about":[{"href":"https:\/\/aronica.ch\/sq\/wp-json\/wp\/v2\/types\/product"}],"wp:featuredmedia":[{"embeddable":true,"href":"https:\/\/aronica.ch\/sq\/wp-json\/wp\/v2\/media\/21149"}],"wp:attachment":[{"href":"https:\/\/aronica.ch\/sq\/wp-json\/wp\/v2\/media?parent=21151"}],"wp:term":[{"taxonomy":"product_brand","embeddable":true,"href":"https:\/\/aronica.ch\/sq\/wp-json\/wp\/v2\/product_brand?post=21151"},{"taxonomy":"product_cat","embeddable":true,"href":"https:\/\/aronica.ch\/sq\/wp-json\/wp\/v2\/product_cat?post=21151"},{"taxonomy":"product_tag","embeddable":true,"href":"https:\/\/aronica.ch\/sq\/wp-json\/wp\/v2\/product_tag?post=21151"}],"curies":[{"name":"wp","href":"https:\/\/api.w.org\/{rel}","templated":true}]}}