{"id":21148,"date":"2026-01-30T10:32:22","date_gmt":"2026-01-30T10:32:22","guid":{"rendered":"https:\/\/aronica.ch\/product\/aronia-minz-tee-250gr\/"},"modified":"2026-04-09T15:30:03","modified_gmt":"2026-04-09T15:30:03","slug":"aronia-minz-tee-250gr","status":"publish","type":"product","link":"https:\/\/aronica.ch\/sq\/produkt\/aronia-minz-tee-250gr\/","title":{"rendered":"Aronia-Minz-Tee 250gr"},"content":{"rendered":"<p data-start=\"86\" data-end=\"621\">Shijoni kombinimin e mrekulluesh\u00ebm t\u00eb fuqis\u00eb s\u00eb aronis\u00eb dhe freskis\u00eb s\u00eb ment\u00ebs me \u00e7ajin ton\u00eb 100% natyral! Ky \u00e7aj ofron nj\u00eb p\u00ebrvoj\u00eb t\u00eb shijshme dhe relaksuese, i pasur me antioksidant\u00eb dhe vitamina q\u00eb forcojn\u00eb sistemin imunitar dhe p\u00ebrmir\u00ebsojn\u00eb sh\u00ebndetin e p\u00ebrgjithsh\u00ebm. Ideal p\u00ebr p\u00ebrmir\u00ebsimin e qarkullimit t\u00eb gjakut, mb\u00ebshtetjen e tretjes dhe p\u00ebr freski n\u00eb \u00e7do koh\u00eb t\u00eb dit\u00ebs. Aronia dhe menta mbrojn\u00eb nga radikalet e lira dhe forcojn\u00eb sistemin imunitar. Paketimi 250 g \u2013 sasia ideale p\u00ebr p\u00ebrdorim t\u00eb p\u00ebrditsh\u00ebm dhe ruajtje afatgjat\u00eb.<\/p>\n<p data-start=\"623\" data-end=\"638\"><strong data-start=\"623\" data-end=\"638\">P\u00ebrb\u00ebr\u00ebsit:<\/strong><\/p>\n<ul data-start=\"640\" data-end=\"674\">\n<li data-section-id=\"136nnh9\" data-start=\"640\" data-end=\"674\">Aroni e thar\u00eb dhe gjethe mente<\/li>\n<\/ul>\n<p data-start=\"676\" data-end=\"691\"><strong data-start=\"676\" data-end=\"691\">P\u00ebrfitimet:<\/strong><\/p>\n<ul data-start=\"693\" data-end=\"794\">\n<li data-section-id=\"yxd5d5\" data-start=\"693\" data-end=\"724\">Efekt freskues dhe qet\u00ebsues<\/li>\n<li data-section-id=\"11gs17m\" data-start=\"725\" data-end=\"765\">Ndihmon tretjen dhe leht\u00ebson fryrjen<\/li>\n<li data-section-id=\"1obiv6f\" data-start=\"766\" data-end=\"794\">Rekomandohet pas vakteve<\/li>\n<\/ul>\n<p data-start=\"796\" data-end=\"824\"><strong data-start=\"796\" data-end=\"824\">Udh\u00ebzimi p\u00ebr p\u00ebrgatitje:<\/strong><\/p>\n<p data-start=\"826\" data-end=\"1014\">1 lug\u00eb gjelle p\u00ebr 200\u2013250 ml uj\u00eb t\u00eb val\u00eb<br data-start=\"866\" data-end=\"869\" \/>L\u00ebreni t\u00eb q\u00ebndroj\u00eb ose t\u00eb vloj\u00eb p\u00ebr 10\u201315 minuta<br data-start=\"917\" data-end=\"920\" \/>Mund t\u00eb konsumohet i ngroht\u00eb ose i ftoht\u00eb<br data-start=\"961\" data-end=\"964\" \/>Sipas d\u00ebshir\u00ebs, shtoni mjalt\u00eb p\u00ebr m\u00eb shum\u00eb shije<\/p>\n<p data-start=\"1016\" data-end=\"1034\"><strong data-start=\"1016\" data-end=\"1026\">Pesha:<\/strong> 250 g<\/p>\n<p data-start=\"1036\" data-end=\"1115\"><strong data-start=\"1036\" data-end=\"1061\">\u00c7aj aronie dhe mente:<\/strong> 60% fruta t\u00eb thata t\u00eb aronis\u00eb dhe 40% gjethe mente.<\/p>\n<p data-start=\"1117\" data-end=\"1170\"><strong data-start=\"1117\" data-end=\"1140\">Afati i p\u00ebrdorimit:<\/strong> 2 vite nga data e prodhimit<\/p>\n<p data-start=\"1172\" data-end=\"1227\"><strong data-start=\"1172\" data-end=\"1192\">Paketimi (cop\u00eb):<\/strong> 11<\/p>\n<p data-start=\"1172\" data-end=\"1227\"><strong data-start=\"1198\" data-end=\"1222\">Paketime p\u00ebr palet\u00eb:<\/strong> 66<\/p>\n<p data-start=\"1229\" data-end=\"1555\">Nj\u00eb kombinim i fresk\u00ebt dhe i balancuar i shijes natyrale t\u00eb aronis\u00eb me arom\u00ebn gjall\u00ebruese t\u00eb ment\u00ebs. Ky \u00e7aj unik ofron nj\u00eb p\u00ebrvoj\u00eb relaksuese, duke bashkuar vetit\u00eb e fuqishme antioksiduese t\u00eb aronis\u00eb me efektet freskuese dhe qet\u00ebsuese t\u00eb ment\u00ebs. Nj\u00eb zgjedhje ideale p\u00ebr ta shijuar gjat\u00eb gjith\u00eb vitit, t\u00eb ngroht\u00eb ose t\u00eb ftoht\u00eb.<\/p>\n","protected":false},"excerpt":{"rendered":"<p>Nj\u00eb kombinim i fresk\u00ebt i aronis\u00eb dhe ment\u00ebs q\u00eb ofron nj\u00eb shije t\u00eb leht\u00eb dhe aromatike. Ky \u00e7aj \u00ebsht\u00eb i p\u00ebrshtatsh\u00ebm p\u00ebr konsum gjat\u00eb dit\u00ebs dhe mund t\u00eb shijohet i ngroht\u00eb ose i ftoht\u00eb.<\/p>\n","protected":false},"featured_media":21146,"template":"","meta":{"_acf_changed":false},"product_brand":[],"product_cat":[150],"product_tag":[],"class_list":{"0":"post-21148","1":"product","2":"type-product","3":"status-publish","4":"has-post-thumbnail","6":"product_cat-cajra","8":"first","9":"instock","10":"shipping-taxable","11":"purchasable","12":"product-type-variable","13":"has-default-attributes"},"acf":[],"yoast_head":"<!-- This site is optimized with the Yoast SEO plugin v27.4 - https:\/\/yoast.com\/product\/yoast-seo-wordpress\/ -->\n<title>Aronia-Minz-Tee 250gr - Aronica<\/title>\n<meta name=\"robots\" content=\"index, follow, max-snippet:-1, max-image-preview:large, max-video-preview:-1\" \/>\n<link rel=\"canonical\" href=\"https:\/\/aronica.ch\/sq\/produkt\/aronia-minz-tee-250gr\/\" \/>\n<meta property=\"og:locale\" content=\"sq_AL\" \/>\n<meta property=\"og:type\" content=\"article\" \/>\n<meta property=\"og:title\" content=\"Aronia-Minz-Tee 250gr - Aronica\" \/>\n<meta property=\"og:description\" content=\"Nj\u00eb kombinim i fresk\u00ebt i aronis\u00eb dhe ment\u00ebs q\u00eb ofron nj\u00eb shije t\u00eb leht\u00eb dhe aromatike. Ky \u00e7aj \u00ebsht\u00eb i p\u00ebrshtatsh\u00ebm p\u00ebr konsum gjat\u00eb dit\u00ebs dhe mund t\u00eb shijohet i ngroht\u00eb ose i ftoht\u00eb.\" \/>\n<meta property=\"og:url\" content=\"https:\/\/aronica.ch\/sq\/produkt\/aronia-minz-tee-250gr\/\" \/>\n<meta property=\"og:site_name\" content=\"Aronica\" \/>\n<meta property=\"article:modified_time\" content=\"2026-04-09T15:30:03+00:00\" \/>\n<meta property=\"og:image\" content=\"https:\/\/aronica.ch\/wp-content\/uploads\/2026\/01\/Mint-refuz.png\" \/>\n\t<meta property=\"og:image:width\" content=\"520\" \/>\n\t<meta property=\"og:image:height\" content=\"520\" \/>\n\t<meta property=\"og:image:type\" content=\"image\/png\" \/>\n<meta name=\"twitter:card\" content=\"summary_large_image\" \/>\n<meta name=\"twitter:label1\" content=\"Est. reading time\" \/>\n\t<meta name=\"twitter:data1\" content=\"2 minuta\" \/>\n<script type=\"application\/ld+json\" class=\"yoast-schema-graph\">{\"@context\":\"https:\\\/\\\/schema.org\",\"@graph\":[{\"@type\":\"WebPage\",\"@id\":\"https:\\\/\\\/aronica.ch\\\/sq\\\/produkt\\\/aronia-minz-tee-250gr\\\/\",\"url\":\"https:\\\/\\\/aronica.ch\\\/sq\\\/produkt\\\/aronia-minz-tee-250gr\\\/\",\"name\":\"Aronia-Minz-Tee 250gr - Aronica\",\"isPartOf\":{\"@id\":\"https:\\\/\\\/aronica.ch\\\/sq\\\/#website\"},\"primaryImageOfPage\":{\"@id\":\"https:\\\/\\\/aronica.ch\\\/sq\\\/produkt\\\/aronia-minz-tee-250gr\\\/#primaryimage\"},\"image\":{\"@id\":\"https:\\\/\\\/aronica.ch\\\/sq\\\/produkt\\\/aronia-minz-tee-250gr\\\/#primaryimage\"},\"thumbnailUrl\":\"https:\\\/\\\/aronica.ch\\\/wp-content\\\/uploads\\\/2026\\\/01\\\/Mint-refuz.png\",\"datePublished\":\"2026-01-30T10:32:22+00:00\",\"dateModified\":\"2026-04-09T15:30:03+00:00\",\"breadcrumb\":{\"@id\":\"https:\\\/\\\/aronica.ch\\\/sq\\\/produkt\\\/aronia-minz-tee-250gr\\\/#breadcrumb\"},\"inLanguage\":\"sq\",\"potentialAction\":[{\"@type\":\"ReadAction\",\"target\":[\"https:\\\/\\\/aronica.ch\\\/sq\\\/produkt\\\/aronia-minz-tee-250gr\\\/\"]}]},{\"@type\":\"ImageObject\",\"inLanguage\":\"sq\",\"@id\":\"https:\\\/\\\/aronica.ch\\\/sq\\\/produkt\\\/aronia-minz-tee-250gr\\\/#primaryimage\",\"url\":\"https:\\\/\\\/aronica.ch\\\/wp-content\\\/uploads\\\/2026\\\/01\\\/Mint-refuz.png\",\"contentUrl\":\"https:\\\/\\\/aronica.ch\\\/wp-content\\\/uploads\\\/2026\\\/01\\\/Mint-refuz.png\",\"width\":520,\"height\":520},{\"@type\":\"BreadcrumbList\",\"@id\":\"https:\\\/\\\/aronica.ch\\\/sq\\\/produkt\\\/aronia-minz-tee-250gr\\\/#breadcrumb\",\"itemListElement\":[{\"@type\":\"ListItem\",\"position\":1,\"name\":\"Start\",\"item\":\"https:\\\/\\\/aronica.ch\\\/sq\\\/\"},{\"@type\":\"ListItem\",\"position\":2,\"name\":\"Products\",\"item\":\"https:\\\/\\\/aronica.ch\\\/products\\\/\"},{\"@type\":\"ListItem\",\"position\":3,\"name\":\"Aronia-Minz-Tee 250gr\"}]},{\"@type\":\"WebSite\",\"@id\":\"https:\\\/\\\/aronica.ch\\\/sq\\\/#website\",\"url\":\"https:\\\/\\\/aronica.ch\\\/sq\\\/\",\"name\":\"Aronica\",\"description\":\"Startseite\",\"potentialAction\":[{\"@type\":\"SearchAction\",\"target\":{\"@type\":\"EntryPoint\",\"urlTemplate\":\"https:\\\/\\\/aronica.ch\\\/sq\\\/?s={search_term_string}\"},\"query-input\":{\"@type\":\"PropertyValueSpecification\",\"valueRequired\":true,\"valueName\":\"search_term_string\"}}],\"inLanguage\":\"sq\"}]}<\/script>\n<!-- \/ Yoast SEO plugin. -->","yoast_head_json":{"title":"Aronia-Minz-Tee 250gr - Aronica","robots":{"index":"index","follow":"follow","max-snippet":"max-snippet:-1","max-image-preview":"max-image-preview:large","max-video-preview":"max-video-preview:-1"},"canonical":"https:\/\/aronica.ch\/sq\/produkt\/aronia-minz-tee-250gr\/","og_locale":"sq_AL","og_type":"article","og_title":"Aronia-Minz-Tee 250gr - Aronica","og_description":"Nj\u00eb kombinim i fresk\u00ebt i aronis\u00eb dhe ment\u00ebs q\u00eb ofron nj\u00eb shije t\u00eb leht\u00eb dhe aromatike. Ky \u00e7aj \u00ebsht\u00eb i p\u00ebrshtatsh\u00ebm p\u00ebr konsum gjat\u00eb dit\u00ebs dhe mund t\u00eb shijohet i ngroht\u00eb ose i ftoht\u00eb.","og_url":"https:\/\/aronica.ch\/sq\/produkt\/aronia-minz-tee-250gr\/","og_site_name":"Aronica","article_modified_time":"2026-04-09T15:30:03+00:00","og_image":[{"width":520,"height":520,"url":"https:\/\/aronica.ch\/wp-content\/uploads\/2026\/01\/Mint-refuz.png","type":"image\/png"}],"twitter_card":"summary_large_image","twitter_misc":{"Est. reading time":"2 minuta"},"schema":{"@context":"https:\/\/schema.org","@graph":[{"@type":"WebPage","@id":"https:\/\/aronica.ch\/sq\/produkt\/aronia-minz-tee-250gr\/","url":"https:\/\/aronica.ch\/sq\/produkt\/aronia-minz-tee-250gr\/","name":"Aronia-Minz-Tee 250gr - Aronica","isPartOf":{"@id":"https:\/\/aronica.ch\/sq\/#website"},"primaryImageOfPage":{"@id":"https:\/\/aronica.ch\/sq\/produkt\/aronia-minz-tee-250gr\/#primaryimage"},"image":{"@id":"https:\/\/aronica.ch\/sq\/produkt\/aronia-minz-tee-250gr\/#primaryimage"},"thumbnailUrl":"https:\/\/aronica.ch\/wp-content\/uploads\/2026\/01\/Mint-refuz.png","datePublished":"2026-01-30T10:32:22+00:00","dateModified":"2026-04-09T15:30:03+00:00","breadcrumb":{"@id":"https:\/\/aronica.ch\/sq\/produkt\/aronia-minz-tee-250gr\/#breadcrumb"},"inLanguage":"sq","potentialAction":[{"@type":"ReadAction","target":["https:\/\/aronica.ch\/sq\/produkt\/aronia-minz-tee-250gr\/"]}]},{"@type":"ImageObject","inLanguage":"sq","@id":"https:\/\/aronica.ch\/sq\/produkt\/aronia-minz-tee-250gr\/#primaryimage","url":"https:\/\/aronica.ch\/wp-content\/uploads\/2026\/01\/Mint-refuz.png","contentUrl":"https:\/\/aronica.ch\/wp-content\/uploads\/2026\/01\/Mint-refuz.png","width":520,"height":520},{"@type":"BreadcrumbList","@id":"https:\/\/aronica.ch\/sq\/produkt\/aronia-minz-tee-250gr\/#breadcrumb","itemListElement":[{"@type":"ListItem","position":1,"name":"Start","item":"https:\/\/aronica.ch\/sq\/"},{"@type":"ListItem","position":2,"name":"Products","item":"https:\/\/aronica.ch\/products\/"},{"@type":"ListItem","position":3,"name":"Aronia-Minz-Tee 250gr"}]},{"@type":"WebSite","@id":"https:\/\/aronica.ch\/sq\/#website","url":"https:\/\/aronica.ch\/sq\/","name":"Aronica","description":"Startseite","potentialAction":[{"@type":"SearchAction","target":{"@type":"EntryPoint","urlTemplate":"https:\/\/aronica.ch\/sq\/?s={search_term_string}"},"query-input":{"@type":"PropertyValueSpecification","valueRequired":true,"valueName":"search_term_string"}}],"inLanguage":"sq"}]}},"_links":{"self":[{"href":"https:\/\/aronica.ch\/sq\/wp-json\/wp\/v2\/product\/21148","targetHints":{"allow":["GET"]}}],"collection":[{"href":"https:\/\/aronica.ch\/sq\/wp-json\/wp\/v2\/product"}],"about":[{"href":"https:\/\/aronica.ch\/sq\/wp-json\/wp\/v2\/types\/product"}],"wp:featuredmedia":[{"embeddable":true,"href":"https:\/\/aronica.ch\/sq\/wp-json\/wp\/v2\/media\/21146"}],"wp:attachment":[{"href":"https:\/\/aronica.ch\/sq\/wp-json\/wp\/v2\/media?parent=21148"}],"wp:term":[{"taxonomy":"product_brand","embeddable":true,"href":"https:\/\/aronica.ch\/sq\/wp-json\/wp\/v2\/product_brand?post=21148"},{"taxonomy":"product_cat","embeddable":true,"href":"https:\/\/aronica.ch\/sq\/wp-json\/wp\/v2\/product_cat?post=21148"},{"taxonomy":"product_tag","embeddable":true,"href":"https:\/\/aronica.ch\/sq\/wp-json\/wp\/v2\/product_tag?post=21148"}],"curies":[{"name":"wp","href":"https:\/\/api.w.org\/{rel}","templated":true}]}}