{"id":21145,"date":"2026-01-30T10:34:19","date_gmt":"2026-01-30T10:34:19","guid":{"rendered":"https:\/\/aronica.ch\/product\/aronia-apfel-hibiskus-tee-250gr\/"},"modified":"2026-04-10T08:59:12","modified_gmt":"2026-04-10T08:59:12","slug":"aronia-apfel-hibiskus-tee-250gr","status":"publish","type":"product","link":"https:\/\/aronica.ch\/sq\/produkt\/aronia-apfel-hibiskus-tee-250gr\/","title":{"rendered":"\u00c7aj Aronie Moll\u00eb &#038; Hibiskus 250gr"},"content":{"rendered":"<p data-start=\"86\" data-end=\"456\">Ky \u00e7aj i ve\u00e7ant\u00eb \u00ebsht\u00eb nj\u00eb kombinim perfekt i aronis\u00eb, moll\u00ebs dhe hibiskusit, duke ofruar nj\u00eb shije t\u00eb plot\u00eb dhe nj\u00eb p\u00ebrvoj\u00eb t\u00eb sh\u00ebndetshme. I pasuruar me antioksidant\u00eb dhe vitamina, ky \u00e7aj forcon sistemin imunitar, p\u00ebrmir\u00ebson sh\u00ebndetin e zemr\u00ebs dhe kontribuon n\u00eb ruajtjen e nj\u00eb presioni t\u00eb sh\u00ebndetsh\u00ebm t\u00eb gjakut. I fresk\u00ebt dhe i shijsh\u00ebm, perfekt p\u00ebr \u00e7do koh\u00eb t\u00eb dit\u00ebs.<\/p>\n<p data-start=\"458\" data-end=\"473\"><strong data-start=\"458\" data-end=\"473\">P\u00ebrb\u00ebr\u00ebsit:<\/strong><\/p>\n<ul data-start=\"475\" data-end=\"526\">\n<li data-section-id=\"1hvujzm\" data-start=\"475\" data-end=\"492\">Aroni e thar\u00eb<\/li>\n<li data-section-id=\"bgb7d1\" data-start=\"493\" data-end=\"511\">Lule hibiskusi<\/li>\n<li data-section-id=\"1kgn47m\" data-start=\"512\" data-end=\"526\">Copa molle<\/li>\n<\/ul>\n<p data-start=\"528\" data-end=\"543\"><strong data-start=\"528\" data-end=\"543\">P\u00ebrfitimet:<\/strong><\/p>\n<ul data-start=\"545\" data-end=\"705\">\n<li data-section-id=\"1fyftnz\" data-start=\"545\" data-end=\"591\">Ndihmon n\u00eb pastrimin e trupit nga toksinat<\/li>\n<li data-section-id=\"rf6ttv\" data-start=\"592\" data-end=\"640\">Ndihmon n\u00eb rregullimin e presionit t\u00eb gjakut<\/li>\n<li data-section-id=\"nztn98\" data-start=\"641\" data-end=\"705\">Shije frutore me aciditet t\u00eb balancuar dhe arom\u00eb t\u00eb k\u00ebndshme<\/li>\n<\/ul>\n<p data-start=\"707\" data-end=\"735\"><strong data-start=\"707\" data-end=\"735\">Udh\u00ebzimi p\u00ebr p\u00ebrgatitje:<\/strong><\/p>\n<ul>\n<li data-start=\"737\" data-end=\"925\">1 lug\u00eb gjelle p\u00ebr 200\u2013250 ml uj\u00eb t\u00eb val\u00eb<\/li>\n<li data-start=\"737\" data-end=\"925\">L\u00ebreni t\u00eb q\u00ebndroj\u00eb ose t\u00eb vloj\u00eb p\u00ebr 10\u201315 minuta<\/li>\n<li data-start=\"737\" data-end=\"925\">Mund t\u00eb konsumohet i ngroht\u00eb ose i ftoht\u00eb<\/li>\n<li data-start=\"737\" data-end=\"925\">Sipas d\u00ebshir\u00ebs, shtoni mjalt\u00eb p\u00ebr m\u00eb shum\u00eb shije<\/li>\n<\/ul>\n<p data-start=\"927\" data-end=\"945\"><strong data-start=\"927\" data-end=\"937\">Pesha:<\/strong> 250 g<\/p>\n<p data-start=\"947\" data-end=\"1002\"><strong data-start=\"947\" data-end=\"967\">Paketimi (cop\u00eb):<\/strong> 11<\/p>\n<p data-start=\"947\" data-end=\"1002\"><strong data-start=\"973\" data-end=\"997\">Paketime p\u00ebr palet\u00eb:<\/strong> 66<\/p>\n<p data-start=\"1004\" data-end=\"1114\"><strong data-start=\"1004\" data-end=\"1040\">\u00c7aj aronie, hibiskusi dhe molle:<\/strong> 60% fruta t\u00eb thata t\u00eb aronis\u00eb, 25% moll\u00eb e eg\u00ebr dhe 15% lule hibiskusi.<\/p>\n<p data-start=\"1116\" data-end=\"1169\"><strong data-start=\"1116\" data-end=\"1139\">Afati i p\u00ebrdorimit:<\/strong> 2 vite nga data e prodhimit<\/p>\n<p data-start=\"1171\" data-end=\"1314\">Ky kombinim ka nj\u00eb efekt relaksues dhe nj\u00ebkoh\u00ebsisht gjall\u00ebrues, duke ofruar nj\u00eb balanc\u00eb t\u00eb shk\u00eblqyer midis shijes dhe p\u00ebrfitimeve sh\u00ebndet\u00ebsore.<\/p>\n","protected":false},"excerpt":{"rendered":"<p>Nj\u00eb p\u00ebrzierje aromatike e aronis\u00eb, moll\u00ebs dhe hibiskusit q\u00eb ofron nj\u00eb shije frutore t\u00eb balancuar dhe nj\u00eb arom\u00eb t\u00eb k\u00ebndshme. I p\u00ebrshtatsh\u00ebm p\u00ebr konsum gjat\u00eb gjith\u00eb dit\u00ebs.<\/p>\n","protected":false},"featured_media":21143,"template":"","meta":{"_acf_changed":false},"product_brand":[],"product_cat":[150],"product_tag":[],"class_list":{"0":"post-21145","1":"product","2":"type-product","3":"status-publish","4":"has-post-thumbnail","6":"product_cat-cajra","8":"first","9":"instock","10":"shipping-taxable","11":"purchasable","12":"product-type-variable","13":"has-default-attributes"},"acf":[],"yoast_head":"<!-- This site is optimized with the Yoast SEO plugin v27.4 - https:\/\/yoast.com\/product\/yoast-seo-wordpress\/ -->\n<title>\u00c7aj Aronie Moll\u00eb &amp; Hibiskus 250gr - Aronica<\/title>\n<meta name=\"robots\" content=\"index, follow, max-snippet:-1, max-image-preview:large, max-video-preview:-1\" \/>\n<link rel=\"canonical\" href=\"https:\/\/aronica.ch\/sq\/produkt\/aronia-apfel-hibiskus-tee-250gr\/\" \/>\n<meta property=\"og:locale\" content=\"sq_AL\" \/>\n<meta property=\"og:type\" content=\"article\" \/>\n<meta property=\"og:title\" content=\"\u00c7aj Aronie Moll\u00eb &amp; Hibiskus 250gr - Aronica\" \/>\n<meta property=\"og:description\" content=\"Nj\u00eb p\u00ebrzierje aromatike e aronis\u00eb, moll\u00ebs dhe hibiskusit q\u00eb ofron nj\u00eb shije frutore t\u00eb balancuar dhe nj\u00eb arom\u00eb t\u00eb k\u00ebndshme. I p\u00ebrshtatsh\u00ebm p\u00ebr konsum gjat\u00eb gjith\u00eb dit\u00ebs.\" \/>\n<meta property=\"og:url\" content=\"https:\/\/aronica.ch\/sq\/produkt\/aronia-apfel-hibiskus-tee-250gr\/\" \/>\n<meta property=\"og:site_name\" content=\"Aronica\" \/>\n<meta property=\"article:modified_time\" content=\"2026-04-10T08:59:12+00:00\" \/>\n<meta property=\"og:image\" content=\"https:\/\/aronica.ch\/wp-content\/uploads\/2026\/01\/Hibiskus-refuz.png\" \/>\n\t<meta property=\"og:image:width\" content=\"520\" \/>\n\t<meta property=\"og:image:height\" content=\"520\" \/>\n\t<meta property=\"og:image:type\" content=\"image\/png\" \/>\n<meta name=\"twitter:card\" content=\"summary_large_image\" \/>\n<meta name=\"twitter:label1\" content=\"Est. reading time\" \/>\n\t<meta name=\"twitter:data1\" content=\"2 minuta\" \/>\n<script type=\"application\/ld+json\" class=\"yoast-schema-graph\">{\"@context\":\"https:\\\/\\\/schema.org\",\"@graph\":[{\"@type\":\"WebPage\",\"@id\":\"https:\\\/\\\/aronica.ch\\\/sq\\\/produkt\\\/aronia-apfel-hibiskus-tee-250gr\\\/\",\"url\":\"https:\\\/\\\/aronica.ch\\\/sq\\\/produkt\\\/aronia-apfel-hibiskus-tee-250gr\\\/\",\"name\":\"\u00c7aj Aronie Moll\u00eb & Hibiskus 250gr - Aronica\",\"isPartOf\":{\"@id\":\"https:\\\/\\\/aronica.ch\\\/sq\\\/#website\"},\"primaryImageOfPage\":{\"@id\":\"https:\\\/\\\/aronica.ch\\\/sq\\\/produkt\\\/aronia-apfel-hibiskus-tee-250gr\\\/#primaryimage\"},\"image\":{\"@id\":\"https:\\\/\\\/aronica.ch\\\/sq\\\/produkt\\\/aronia-apfel-hibiskus-tee-250gr\\\/#primaryimage\"},\"thumbnailUrl\":\"https:\\\/\\\/aronica.ch\\\/wp-content\\\/uploads\\\/2026\\\/01\\\/Hibiskus-refuz.png\",\"datePublished\":\"2026-01-30T10:34:19+00:00\",\"dateModified\":\"2026-04-10T08:59:12+00:00\",\"breadcrumb\":{\"@id\":\"https:\\\/\\\/aronica.ch\\\/sq\\\/produkt\\\/aronia-apfel-hibiskus-tee-250gr\\\/#breadcrumb\"},\"inLanguage\":\"sq\",\"potentialAction\":[{\"@type\":\"ReadAction\",\"target\":[\"https:\\\/\\\/aronica.ch\\\/sq\\\/produkt\\\/aronia-apfel-hibiskus-tee-250gr\\\/\"]}]},{\"@type\":\"ImageObject\",\"inLanguage\":\"sq\",\"@id\":\"https:\\\/\\\/aronica.ch\\\/sq\\\/produkt\\\/aronia-apfel-hibiskus-tee-250gr\\\/#primaryimage\",\"url\":\"https:\\\/\\\/aronica.ch\\\/wp-content\\\/uploads\\\/2026\\\/01\\\/Hibiskus-refuz.png\",\"contentUrl\":\"https:\\\/\\\/aronica.ch\\\/wp-content\\\/uploads\\\/2026\\\/01\\\/Hibiskus-refuz.png\",\"width\":520,\"height\":520},{\"@type\":\"BreadcrumbList\",\"@id\":\"https:\\\/\\\/aronica.ch\\\/sq\\\/produkt\\\/aronia-apfel-hibiskus-tee-250gr\\\/#breadcrumb\",\"itemListElement\":[{\"@type\":\"ListItem\",\"position\":1,\"name\":\"Start\",\"item\":\"https:\\\/\\\/aronica.ch\\\/sq\\\/\"},{\"@type\":\"ListItem\",\"position\":2,\"name\":\"Products\",\"item\":\"https:\\\/\\\/aronica.ch\\\/products\\\/\"},{\"@type\":\"ListItem\",\"position\":3,\"name\":\"\u00c7aj Aronie Moll\u00eb &#038; Hibiskus 250gr\"}]},{\"@type\":\"WebSite\",\"@id\":\"https:\\\/\\\/aronica.ch\\\/sq\\\/#website\",\"url\":\"https:\\\/\\\/aronica.ch\\\/sq\\\/\",\"name\":\"Aronica\",\"description\":\"Startseite\",\"potentialAction\":[{\"@type\":\"SearchAction\",\"target\":{\"@type\":\"EntryPoint\",\"urlTemplate\":\"https:\\\/\\\/aronica.ch\\\/sq\\\/?s={search_term_string}\"},\"query-input\":{\"@type\":\"PropertyValueSpecification\",\"valueRequired\":true,\"valueName\":\"search_term_string\"}}],\"inLanguage\":\"sq\"}]}<\/script>\n<!-- \/ Yoast SEO plugin. -->","yoast_head_json":{"title":"\u00c7aj Aronie Moll\u00eb & Hibiskus 250gr - Aronica","robots":{"index":"index","follow":"follow","max-snippet":"max-snippet:-1","max-image-preview":"max-image-preview:large","max-video-preview":"max-video-preview:-1"},"canonical":"https:\/\/aronica.ch\/sq\/produkt\/aronia-apfel-hibiskus-tee-250gr\/","og_locale":"sq_AL","og_type":"article","og_title":"\u00c7aj Aronie Moll\u00eb & Hibiskus 250gr - Aronica","og_description":"Nj\u00eb p\u00ebrzierje aromatike e aronis\u00eb, moll\u00ebs dhe hibiskusit q\u00eb ofron nj\u00eb shije frutore t\u00eb balancuar dhe nj\u00eb arom\u00eb t\u00eb k\u00ebndshme. I p\u00ebrshtatsh\u00ebm p\u00ebr konsum gjat\u00eb gjith\u00eb dit\u00ebs.","og_url":"https:\/\/aronica.ch\/sq\/produkt\/aronia-apfel-hibiskus-tee-250gr\/","og_site_name":"Aronica","article_modified_time":"2026-04-10T08:59:12+00:00","og_image":[{"width":520,"height":520,"url":"https:\/\/aronica.ch\/wp-content\/uploads\/2026\/01\/Hibiskus-refuz.png","type":"image\/png"}],"twitter_card":"summary_large_image","twitter_misc":{"Est. reading time":"2 minuta"},"schema":{"@context":"https:\/\/schema.org","@graph":[{"@type":"WebPage","@id":"https:\/\/aronica.ch\/sq\/produkt\/aronia-apfel-hibiskus-tee-250gr\/","url":"https:\/\/aronica.ch\/sq\/produkt\/aronia-apfel-hibiskus-tee-250gr\/","name":"\u00c7aj Aronie Moll\u00eb & Hibiskus 250gr - Aronica","isPartOf":{"@id":"https:\/\/aronica.ch\/sq\/#website"},"primaryImageOfPage":{"@id":"https:\/\/aronica.ch\/sq\/produkt\/aronia-apfel-hibiskus-tee-250gr\/#primaryimage"},"image":{"@id":"https:\/\/aronica.ch\/sq\/produkt\/aronia-apfel-hibiskus-tee-250gr\/#primaryimage"},"thumbnailUrl":"https:\/\/aronica.ch\/wp-content\/uploads\/2026\/01\/Hibiskus-refuz.png","datePublished":"2026-01-30T10:34:19+00:00","dateModified":"2026-04-10T08:59:12+00:00","breadcrumb":{"@id":"https:\/\/aronica.ch\/sq\/produkt\/aronia-apfel-hibiskus-tee-250gr\/#breadcrumb"},"inLanguage":"sq","potentialAction":[{"@type":"ReadAction","target":["https:\/\/aronica.ch\/sq\/produkt\/aronia-apfel-hibiskus-tee-250gr\/"]}]},{"@type":"ImageObject","inLanguage":"sq","@id":"https:\/\/aronica.ch\/sq\/produkt\/aronia-apfel-hibiskus-tee-250gr\/#primaryimage","url":"https:\/\/aronica.ch\/wp-content\/uploads\/2026\/01\/Hibiskus-refuz.png","contentUrl":"https:\/\/aronica.ch\/wp-content\/uploads\/2026\/01\/Hibiskus-refuz.png","width":520,"height":520},{"@type":"BreadcrumbList","@id":"https:\/\/aronica.ch\/sq\/produkt\/aronia-apfel-hibiskus-tee-250gr\/#breadcrumb","itemListElement":[{"@type":"ListItem","position":1,"name":"Start","item":"https:\/\/aronica.ch\/sq\/"},{"@type":"ListItem","position":2,"name":"Products","item":"https:\/\/aronica.ch\/products\/"},{"@type":"ListItem","position":3,"name":"\u00c7aj Aronie Moll\u00eb &#038; Hibiskus 250gr"}]},{"@type":"WebSite","@id":"https:\/\/aronica.ch\/sq\/#website","url":"https:\/\/aronica.ch\/sq\/","name":"Aronica","description":"Startseite","potentialAction":[{"@type":"SearchAction","target":{"@type":"EntryPoint","urlTemplate":"https:\/\/aronica.ch\/sq\/?s={search_term_string}"},"query-input":{"@type":"PropertyValueSpecification","valueRequired":true,"valueName":"search_term_string"}}],"inLanguage":"sq"}]}},"_links":{"self":[{"href":"https:\/\/aronica.ch\/sq\/wp-json\/wp\/v2\/product\/21145","targetHints":{"allow":["GET"]}}],"collection":[{"href":"https:\/\/aronica.ch\/sq\/wp-json\/wp\/v2\/product"}],"about":[{"href":"https:\/\/aronica.ch\/sq\/wp-json\/wp\/v2\/types\/product"}],"wp:featuredmedia":[{"embeddable":true,"href":"https:\/\/aronica.ch\/sq\/wp-json\/wp\/v2\/media\/21143"}],"wp:attachment":[{"href":"https:\/\/aronica.ch\/sq\/wp-json\/wp\/v2\/media?parent=21145"}],"wp:term":[{"taxonomy":"product_brand","embeddable":true,"href":"https:\/\/aronica.ch\/sq\/wp-json\/wp\/v2\/product_brand?post=21145"},{"taxonomy":"product_cat","embeddable":true,"href":"https:\/\/aronica.ch\/sq\/wp-json\/wp\/v2\/product_cat?post=21145"},{"taxonomy":"product_tag","embeddable":true,"href":"https:\/\/aronica.ch\/sq\/wp-json\/wp\/v2\/product_tag?post=21145"}],"curies":[{"name":"wp","href":"https:\/\/api.w.org\/{rel}","templated":true}]}}