{"id":21142,"date":"2026-01-30T10:37:02","date_gmt":"2026-01-30T10:37:02","guid":{"rendered":"https:\/\/aronica.ch\/product\/aronia-und-zimttee-250gr\/"},"modified":"2026-04-09T15:37:42","modified_gmt":"2026-04-09T15:37:42","slug":"aronia-und-zimttee-250gr","status":"publish","type":"product","link":"https:\/\/aronica.ch\/sq\/produkt\/aronia-und-zimttee-250gr\/","title":{"rendered":"\u00c7aj Aronie &#038; Kanell\u00eb 250gr"},"content":{"rendered":"<p data-start=\"86\" data-end=\"474\">Ky \u00e7aj i ve\u00e7ant\u00eb bashkon fuqin\u00eb e aronis\u00eb me arom\u00ebn e ngroht\u00eb dhe t\u00eb k\u00ebndshme t\u00eb kanell\u00ebs, duke krijuar nj\u00eb pije t\u00eb shijshme dhe t\u00eb sh\u00ebndetshme. I pasuruar me antioksidant\u00eb dhe l\u00ebnd\u00eb ushqyese, ky \u00e7aj mb\u00ebshtet sistemin imunitar, p\u00ebrmir\u00ebson qarkullimin e gjakut dhe ka efekt qet\u00ebsues. Kombinimi i aronis\u00eb dhe kanell\u00ebs ofron nj\u00eb shije t\u00eb pasur dhe t\u00eb ngroht\u00eb, ideale p\u00ebr \u00e7do moment t\u00eb dit\u00ebs.<\/p>\n<p data-start=\"476\" data-end=\"491\"><strong data-start=\"476\" data-end=\"491\">P\u00ebrb\u00ebr\u00ebsit:<\/strong><\/p>\n<ul data-start=\"493\" data-end=\"543\">\n<li data-section-id=\"hsnuuf\" data-start=\"493\" data-end=\"543\">Fruta t\u00eb thata t\u00eb aronis\u00eb + kanell\u00eb e grimcuar<\/li>\n<\/ul>\n<p data-start=\"545\" data-end=\"560\"><strong data-start=\"545\" data-end=\"560\">P\u00ebrfitimet:<\/strong><\/p>\n<ul data-start=\"562\" data-end=\"691\">\n<li data-section-id=\"1kgsdxu\" data-start=\"562\" data-end=\"617\">Ndihmon n\u00eb balancimin e nivelit t\u00eb sheqerit n\u00eb gjak<\/li>\n<li data-section-id=\"1gcg4pg\" data-start=\"618\" data-end=\"659\">Ngrohje natyrale dhe arom\u00eb relaksuese<\/li>\n<li data-section-id=\"kgcm75\" data-start=\"660\" data-end=\"691\">Ideale p\u00ebr sezonin e dimrit<\/li>\n<\/ul>\n<p data-start=\"693\" data-end=\"721\"><strong data-start=\"693\" data-end=\"721\">Udh\u00ebzimi p\u00ebr p\u00ebrgatitje:<\/strong><\/p>\n<ul>\n<li data-start=\"723\" data-end=\"911\">1 lug\u00eb gjelle p\u00ebr 200\u2013250 ml uj\u00eb t\u00eb val\u00eb<\/li>\n<li data-start=\"723\" data-end=\"911\">L\u00ebreni t\u00eb q\u00ebndroj\u00eb ose t\u00eb vloj\u00eb p\u00ebr 10\u201315 minuta<\/li>\n<li data-start=\"723\" data-end=\"911\">Mund t\u00eb konsumohet i ngroht\u00eb ose i ftoht\u00eb<\/li>\n<li data-start=\"723\" data-end=\"911\">Sipas d\u00ebshir\u00ebs, shtoni mjalt\u00eb p\u00ebr m\u00eb shum\u00eb shije<\/li>\n<\/ul>\n<p data-start=\"913\" data-end=\"931\"><strong data-start=\"913\" data-end=\"923\">Pesha:<\/strong> 250 g<\/p>\n<p data-start=\"933\" data-end=\"987\"><strong data-start=\"933\" data-end=\"953\">Paketimi (cop\u00eb):<\/strong> 11<\/p>\n<p data-start=\"933\" data-end=\"987\"><strong data-start=\"958\" data-end=\"982\">Paketime p\u00ebr palet\u00eb:<\/strong> 66<\/p>\n<p data-start=\"989\" data-end=\"1064\"><strong data-start=\"989\" data-end=\"1015\">\u00c7aj aronie me kanell\u00eb:<\/strong> 87% fruta t\u00eb thata t\u00eb aronis\u00eb dhe 13% kanell\u00eb.<\/p>\n<p data-start=\"1066\" data-end=\"1119\"><strong data-start=\"1066\" data-end=\"1089\">Afati i p\u00ebrdorimit:<\/strong> 2 vite nga data e prodhimit<\/p>\n<p data-start=\"1121\" data-end=\"1376\">Nj\u00eb kombinim harmonik i shijes unike t\u00eb aronis\u00eb me arom\u00ebn e ngroht\u00eb t\u00eb kanell\u00ebs. Ky \u00e7aj natyral ofron nj\u00eb p\u00ebrvoj\u00eb t\u00eb pasur dhe qet\u00ebsuese, duke bashkuar vetit\u00eb e fuqishme antioksiduese t\u00eb aronis\u00eb me efektet relaksuese dhe ndihmuese p\u00ebr tretjen t\u00eb kanell\u00ebs.<\/p>\n","protected":false},"excerpt":{"rendered":"<p>Ky \u00e7aj kombinon arom\u00ebn frutore t\u00eb aronis\u00eb me notat e ngrohta t\u00eb kanell\u00ebs, duke krijuar nj\u00eb pije me shije t\u00eb pasur dhe aromatike, t\u00eb p\u00ebrshtatshme p\u00ebr \u00e7do moment t\u00eb dit\u00ebs.<\/p>\n","protected":false},"featured_media":21136,"template":"","meta":{"_acf_changed":false},"product_brand":[],"product_cat":[150],"product_tag":[],"class_list":{"0":"post-21142","1":"product","2":"type-product","3":"status-publish","4":"has-post-thumbnail","6":"product_cat-cajra","8":"first","9":"instock","10":"shipping-taxable","11":"purchasable","12":"product-type-variable","13":"has-default-attributes"},"acf":[],"yoast_head":"<!-- This site is optimized with the Yoast SEO plugin v27.4 - https:\/\/yoast.com\/product\/yoast-seo-wordpress\/ -->\n<title>\u00c7aj Aronie &amp; Kanell\u00eb 250gr - Aronica<\/title>\n<meta name=\"robots\" content=\"index, follow, max-snippet:-1, max-image-preview:large, max-video-preview:-1\" \/>\n<link rel=\"canonical\" href=\"https:\/\/aronica.ch\/sq\/produkt\/aronia-und-zimttee-250gr\/\" \/>\n<meta property=\"og:locale\" content=\"sq_AL\" \/>\n<meta property=\"og:type\" content=\"article\" \/>\n<meta property=\"og:title\" content=\"\u00c7aj Aronie &amp; Kanell\u00eb 250gr - Aronica\" \/>\n<meta property=\"og:description\" content=\"Ky \u00e7aj kombinon arom\u00ebn frutore t\u00eb aronis\u00eb me notat e ngrohta t\u00eb kanell\u00ebs, duke krijuar nj\u00eb pije me shije t\u00eb pasur dhe aromatike, t\u00eb p\u00ebrshtatshme p\u00ebr \u00e7do moment t\u00eb dit\u00ebs.\" \/>\n<meta property=\"og:url\" content=\"https:\/\/aronica.ch\/sq\/produkt\/aronia-und-zimttee-250gr\/\" \/>\n<meta property=\"og:site_name\" content=\"Aronica\" \/>\n<meta property=\"article:modified_time\" content=\"2026-04-09T15:37:42+00:00\" \/>\n<meta property=\"og:image\" content=\"https:\/\/aronica.ch\/wp-content\/uploads\/2026\/01\/Cinamon-refuz.png\" \/>\n\t<meta property=\"og:image:width\" content=\"520\" \/>\n\t<meta property=\"og:image:height\" content=\"520\" \/>\n\t<meta property=\"og:image:type\" content=\"image\/png\" \/>\n<meta name=\"twitter:card\" content=\"summary_large_image\" \/>\n<meta name=\"twitter:label1\" content=\"Est. reading time\" \/>\n\t<meta name=\"twitter:data1\" content=\"2 minuta\" \/>\n<script type=\"application\/ld+json\" class=\"yoast-schema-graph\">{\"@context\":\"https:\\\/\\\/schema.org\",\"@graph\":[{\"@type\":\"WebPage\",\"@id\":\"https:\\\/\\\/aronica.ch\\\/sq\\\/produkt\\\/aronia-und-zimttee-250gr\\\/\",\"url\":\"https:\\\/\\\/aronica.ch\\\/sq\\\/produkt\\\/aronia-und-zimttee-250gr\\\/\",\"name\":\"\u00c7aj Aronie & Kanell\u00eb 250gr - Aronica\",\"isPartOf\":{\"@id\":\"https:\\\/\\\/aronica.ch\\\/sq\\\/#website\"},\"primaryImageOfPage\":{\"@id\":\"https:\\\/\\\/aronica.ch\\\/sq\\\/produkt\\\/aronia-und-zimttee-250gr\\\/#primaryimage\"},\"image\":{\"@id\":\"https:\\\/\\\/aronica.ch\\\/sq\\\/produkt\\\/aronia-und-zimttee-250gr\\\/#primaryimage\"},\"thumbnailUrl\":\"https:\\\/\\\/aronica.ch\\\/wp-content\\\/uploads\\\/2026\\\/01\\\/Cinamon-refuz.png\",\"datePublished\":\"2026-01-30T10:37:02+00:00\",\"dateModified\":\"2026-04-09T15:37:42+00:00\",\"breadcrumb\":{\"@id\":\"https:\\\/\\\/aronica.ch\\\/sq\\\/produkt\\\/aronia-und-zimttee-250gr\\\/#breadcrumb\"},\"inLanguage\":\"sq\",\"potentialAction\":[{\"@type\":\"ReadAction\",\"target\":[\"https:\\\/\\\/aronica.ch\\\/sq\\\/produkt\\\/aronia-und-zimttee-250gr\\\/\"]}]},{\"@type\":\"ImageObject\",\"inLanguage\":\"sq\",\"@id\":\"https:\\\/\\\/aronica.ch\\\/sq\\\/produkt\\\/aronia-und-zimttee-250gr\\\/#primaryimage\",\"url\":\"https:\\\/\\\/aronica.ch\\\/wp-content\\\/uploads\\\/2026\\\/01\\\/Cinamon-refuz.png\",\"contentUrl\":\"https:\\\/\\\/aronica.ch\\\/wp-content\\\/uploads\\\/2026\\\/01\\\/Cinamon-refuz.png\",\"width\":520,\"height\":520},{\"@type\":\"BreadcrumbList\",\"@id\":\"https:\\\/\\\/aronica.ch\\\/sq\\\/produkt\\\/aronia-und-zimttee-250gr\\\/#breadcrumb\",\"itemListElement\":[{\"@type\":\"ListItem\",\"position\":1,\"name\":\"Start\",\"item\":\"https:\\\/\\\/aronica.ch\\\/sq\\\/\"},{\"@type\":\"ListItem\",\"position\":2,\"name\":\"Products\",\"item\":\"https:\\\/\\\/aronica.ch\\\/products\\\/\"},{\"@type\":\"ListItem\",\"position\":3,\"name\":\"\u00c7aj Aronie &#038; Kanell\u00eb 250gr\"}]},{\"@type\":\"WebSite\",\"@id\":\"https:\\\/\\\/aronica.ch\\\/sq\\\/#website\",\"url\":\"https:\\\/\\\/aronica.ch\\\/sq\\\/\",\"name\":\"Aronica\",\"description\":\"Startseite\",\"potentialAction\":[{\"@type\":\"SearchAction\",\"target\":{\"@type\":\"EntryPoint\",\"urlTemplate\":\"https:\\\/\\\/aronica.ch\\\/sq\\\/?s={search_term_string}\"},\"query-input\":{\"@type\":\"PropertyValueSpecification\",\"valueRequired\":true,\"valueName\":\"search_term_string\"}}],\"inLanguage\":\"sq\"}]}<\/script>\n<!-- \/ Yoast SEO plugin. -->","yoast_head_json":{"title":"\u00c7aj Aronie & Kanell\u00eb 250gr - Aronica","robots":{"index":"index","follow":"follow","max-snippet":"max-snippet:-1","max-image-preview":"max-image-preview:large","max-video-preview":"max-video-preview:-1"},"canonical":"https:\/\/aronica.ch\/sq\/produkt\/aronia-und-zimttee-250gr\/","og_locale":"sq_AL","og_type":"article","og_title":"\u00c7aj Aronie & Kanell\u00eb 250gr - Aronica","og_description":"Ky \u00e7aj kombinon arom\u00ebn frutore t\u00eb aronis\u00eb me notat e ngrohta t\u00eb kanell\u00ebs, duke krijuar nj\u00eb pije me shije t\u00eb pasur dhe aromatike, t\u00eb p\u00ebrshtatshme p\u00ebr \u00e7do moment t\u00eb dit\u00ebs.","og_url":"https:\/\/aronica.ch\/sq\/produkt\/aronia-und-zimttee-250gr\/","og_site_name":"Aronica","article_modified_time":"2026-04-09T15:37:42+00:00","og_image":[{"width":520,"height":520,"url":"https:\/\/aronica.ch\/wp-content\/uploads\/2026\/01\/Cinamon-refuz.png","type":"image\/png"}],"twitter_card":"summary_large_image","twitter_misc":{"Est. reading time":"2 minuta"},"schema":{"@context":"https:\/\/schema.org","@graph":[{"@type":"WebPage","@id":"https:\/\/aronica.ch\/sq\/produkt\/aronia-und-zimttee-250gr\/","url":"https:\/\/aronica.ch\/sq\/produkt\/aronia-und-zimttee-250gr\/","name":"\u00c7aj Aronie & Kanell\u00eb 250gr - Aronica","isPartOf":{"@id":"https:\/\/aronica.ch\/sq\/#website"},"primaryImageOfPage":{"@id":"https:\/\/aronica.ch\/sq\/produkt\/aronia-und-zimttee-250gr\/#primaryimage"},"image":{"@id":"https:\/\/aronica.ch\/sq\/produkt\/aronia-und-zimttee-250gr\/#primaryimage"},"thumbnailUrl":"https:\/\/aronica.ch\/wp-content\/uploads\/2026\/01\/Cinamon-refuz.png","datePublished":"2026-01-30T10:37:02+00:00","dateModified":"2026-04-09T15:37:42+00:00","breadcrumb":{"@id":"https:\/\/aronica.ch\/sq\/produkt\/aronia-und-zimttee-250gr\/#breadcrumb"},"inLanguage":"sq","potentialAction":[{"@type":"ReadAction","target":["https:\/\/aronica.ch\/sq\/produkt\/aronia-und-zimttee-250gr\/"]}]},{"@type":"ImageObject","inLanguage":"sq","@id":"https:\/\/aronica.ch\/sq\/produkt\/aronia-und-zimttee-250gr\/#primaryimage","url":"https:\/\/aronica.ch\/wp-content\/uploads\/2026\/01\/Cinamon-refuz.png","contentUrl":"https:\/\/aronica.ch\/wp-content\/uploads\/2026\/01\/Cinamon-refuz.png","width":520,"height":520},{"@type":"BreadcrumbList","@id":"https:\/\/aronica.ch\/sq\/produkt\/aronia-und-zimttee-250gr\/#breadcrumb","itemListElement":[{"@type":"ListItem","position":1,"name":"Start","item":"https:\/\/aronica.ch\/sq\/"},{"@type":"ListItem","position":2,"name":"Products","item":"https:\/\/aronica.ch\/products\/"},{"@type":"ListItem","position":3,"name":"\u00c7aj Aronie &#038; Kanell\u00eb 250gr"}]},{"@type":"WebSite","@id":"https:\/\/aronica.ch\/sq\/#website","url":"https:\/\/aronica.ch\/sq\/","name":"Aronica","description":"Startseite","potentialAction":[{"@type":"SearchAction","target":{"@type":"EntryPoint","urlTemplate":"https:\/\/aronica.ch\/sq\/?s={search_term_string}"},"query-input":{"@type":"PropertyValueSpecification","valueRequired":true,"valueName":"search_term_string"}}],"inLanguage":"sq"}]}},"_links":{"self":[{"href":"https:\/\/aronica.ch\/sq\/wp-json\/wp\/v2\/product\/21142","targetHints":{"allow":["GET"]}}],"collection":[{"href":"https:\/\/aronica.ch\/sq\/wp-json\/wp\/v2\/product"}],"about":[{"href":"https:\/\/aronica.ch\/sq\/wp-json\/wp\/v2\/types\/product"}],"wp:featuredmedia":[{"embeddable":true,"href":"https:\/\/aronica.ch\/sq\/wp-json\/wp\/v2\/media\/21136"}],"wp:attachment":[{"href":"https:\/\/aronica.ch\/sq\/wp-json\/wp\/v2\/media?parent=21142"}],"wp:term":[{"taxonomy":"product_brand","embeddable":true,"href":"https:\/\/aronica.ch\/sq\/wp-json\/wp\/v2\/product_brand?post=21142"},{"taxonomy":"product_cat","embeddable":true,"href":"https:\/\/aronica.ch\/sq\/wp-json\/wp\/v2\/product_cat?post=21142"},{"taxonomy":"product_tag","embeddable":true,"href":"https:\/\/aronica.ch\/sq\/wp-json\/wp\/v2\/product_tag?post=21142"}],"curies":[{"name":"wp","href":"https:\/\/api.w.org\/{rel}","templated":true}]}}