{"id":21562,"date":"2026-02-04T14:54:43","date_gmt":"2026-02-04T14:54:43","guid":{"rendered":"https:\/\/aronica.ch\/?page_id=21562"},"modified":"2026-03-16T10:52:38","modified_gmt":"2026-03-16T10:52:38","slug":"politika-e-privatesise","status":"publish","type":"page","link":"https:\/\/aronica.ch\/sq\/politika-e-privatesise\/","title":{"rendered":"Politika e privat\u00ebsis\u00eb"},"content":{"rendered":"<div class=\"fusion-fullwidth fullwidth-box fusion-builder-row-1 fusion-flex-container has-pattern-background has-mask-background nonhundred-percent-fullwidth non-hundred-percent-height-scrolling\" style=\"--link_hover_color: var(--awb-custom_color_1);--link_color: var(--awb-color4);--awb-border-radius-top-left:0px;--awb-border-radius-top-right:0px;--awb-border-radius-bottom-right:0px;--awb-border-radius-bottom-left:0px;--awb-flex-wrap:wrap;\" ><div class=\"fusion-builder-row fusion-row fusion-flex-align-items-flex-start fusion-flex-content-wrap\" style=\"max-width:1352px;margin-left: calc(-4% \/ 2 );margin-right: calc(-4% \/ 2 );\"><div class=\"fusion-layout-column fusion_builder_column fusion-builder-column-0 fusion_builder_column_1_1 1_1 fusion-flex-column\" style=\"--awb-bg-size:cover;--awb-width-large:100%;--awb-margin-top-large:0px;--awb-spacing-right-large:1.92%;--awb-margin-bottom-large:0px;--awb-spacing-left-large:1.92%;--awb-width-medium:100%;--awb-order-medium:0;--awb-spacing-right-medium:1.92%;--awb-spacing-left-medium:1.92%;--awb-width-small:100%;--awb-order-small:0;--awb-spacing-right-small:1.92%;--awb-spacing-left-small:1.92%;\"><div class=\"fusion-column-wrapper fusion-column-has-shadow fusion-flex-justify-content-flex-start fusion-content-layout-column\"><div class=\"fusion-text fusion-text-1\"><p><strong data-start=\"54\" data-end=\"91\">Data e hyrjes n\u00eb fuqi: 24\/04\/2025<\/strong><\/p>\n<p>Te&nbsp;<strong data-start=\"96\" data-end=\"107\">Aronica<\/strong>, e vler\u00ebsojm\u00eb privat\u00ebsin\u00eb tuaj dhe jemi t\u00eb p\u00ebrkushtuar p\u00ebr t\u00eb mbrojtur t\u00eb dh\u00ebnat tuaja personale. Kjo Politik\u00eb e Privat\u00ebsis\u00eb shpjegon se si i mbledhim, p\u00ebrdorim dhe mbrojm\u00eb t\u00eb dh\u00ebnat tuaja kur vizitoni faqen ton\u00eb t\u00eb internetit https:\/\/aronica.ch, p\u00ebrdorni sh\u00ebrbimet tona ose nd\u00ebrveproni me ne.<\/p>\n<\/div><div class=\"fusion-title title fusion-title-1 fusion-sep-none fusion-title-text fusion-title-size-four\" style=\"--awb-margin-top-small:10px;--awb-margin-right-small:0px;--awb-margin-bottom-small:10px;--awb-margin-left-small:0px;\"><h4 class=\"fusion-title-heading title-heading-left fusion-responsive-typography-calculated\" style=\"margin:0;--fontSize:35;line-height:1.37;\">1. T\u00eb dh\u00ebnat q\u00eb mbledhim<\/h4><\/div><div class=\"fusion-text fusion-text-2\"><p>Mund t\u00eb mbledhim k\u00ebto lloje t\u00eb t\u00eb dh\u00ebnave:<\/p>\n<p><strong>T\u00eb dh\u00ebna personale:<\/strong> si emri, adresa e email-it, numri i telefonit dhe t\u00eb dh\u00ebna t\u00eb faturimit kur plot\u00ebsoni nj\u00eb formular, abonoheni ose b\u00ebni nj\u00eb blerje.<\/p>\n<p><strong>T\u00eb dh\u00ebna p\u00ebrdorimi:<\/strong> p\u00ebrfshir\u00eb adres\u00ebn IP, llojin e shfletuesit, faqet e vizituara, koh\u00ebn e kaluar n\u00eb faqe dhe URL-t\u00eb referuese.<\/p>\n<p><strong>Cookies dhe teknologji gjurmimi:<\/strong> p\u00ebr t\u00eb p\u00ebrmir\u00ebsuar p\u00ebrvoj\u00ebn tuaj dhe p\u00ebr t\u00eb analizuar trafikun e faqes.<\/p>\n<\/div><div class=\"fusion-title title fusion-title-2 fusion-sep-none fusion-title-text fusion-title-size-four\" style=\"--awb-margin-top-small:10px;--awb-margin-right-small:0px;--awb-margin-bottom-small:10px;--awb-margin-left-small:0px;\"><h4 class=\"fusion-title-heading title-heading-left fusion-responsive-typography-calculated\" style=\"margin:0;--fontSize:35;line-height:1.37;\">2. Si i p\u00ebrdorim t\u00eb dh\u00ebnat tuaja<\/h4><\/div><div class=\"fusion-text fusion-text-3\"><p class=\"\" data-start=\"919\" data-end=\"959\"><strong>T\u00eb dh\u00ebnat q\u00eb mbledhim i p\u00ebrdorim p\u00ebr t\u00eb:<\/strong><\/p>\n<ul>\n<li class=\"\" data-start=\"961\" data-end=\"1014\">\n<p class=\"\" data-start=\"963\" data-end=\"1014\">Ofruar, mir\u00ebmbajtur dhe p\u00ebrmir\u00ebsuar sh\u00ebrbimet tona.<\/p>\n<\/li>\n<li class=\"\" data-start=\"1016\" data-end=\"1064\">\n<p class=\"\" data-start=\"1018\" data-end=\"1064\">P\u00ebrpunuar transaksione dhe d\u00ebrguar konfirmime.<\/p>\n<\/li>\n<li class=\"\" data-start=\"1066\" data-end=\"1150\">\n<p class=\"\" data-start=\"1068\" data-end=\"1150\">D\u00ebrguar p\u00ebrdit\u00ebsime, buletine ose materiale promocionale (vet\u00ebm me p\u00eblqimin tuaj).<\/p>\n<\/li>\n<li class=\"\" data-start=\"1152\" data-end=\"1215\">\n<p class=\"\" data-start=\"1154\" data-end=\"1215\">P\u00ebrgjigjur pyetjeve tuaja dhe ofruar mb\u00ebshtetje p\u00ebr klient\u00ebt.<\/p>\n<\/li>\n<li class=\"\" data-start=\"1217\" data-end=\"1288\">\n<p class=\"\" data-start=\"1219\" data-end=\"1288\">Monitoruar modelet e p\u00ebrdorimit dhe p\u00ebrmir\u00ebsuar performanc\u00ebn e faqes.<\/p>\n<\/li>\n<\/ul>\n<\/div><div class=\"fusion-title title fusion-title-3 fusion-sep-none fusion-title-text fusion-title-size-four\" style=\"--awb-margin-top-small:10px;--awb-margin-right-small:0px;--awb-margin-bottom-small:10px;--awb-margin-left-small:0px;\"><h4 class=\"fusion-title-heading title-heading-left fusion-responsive-typography-calculated\" style=\"margin:0;--fontSize:35;line-height:1.37;\">3. Si i ndajm\u00eb t\u00eb dh\u00ebnat tuaja<\/h4><\/div><div class=\"fusion-text fusion-text-4\"><p class=\"\" data-start=\"1326\" data-end=\"1410\">Ne&nbsp;<strong data-start=\"1329\" data-end=\"1336\">nuk<\/strong>&nbsp;i shesim apo japim me qira t\u00eb dh\u00ebnat tuaja personale. Mund t\u2019i ndajm\u00eb me:<\/p>\n<ul data-start=\"1412\" data-end=\"1567\">\n<li class=\"\" data-start=\"1412\" data-end=\"1485\">\n<p class=\"\" data-start=\"1414\" data-end=\"1485\">Ofrues sh\u00ebrbimesh q\u00eb na ndihmojn\u00eb t\u00eb operojm\u00eb faqen ton\u00eb dhe sh\u00ebrbimet.<\/p>\n<\/li>\n<li class=\"\" data-start=\"1487\" data-end=\"1567\">\n<p class=\"\" data-start=\"1489\" data-end=\"1567\">Autoritete ligjore, n\u00ebse k\u00ebrkohet me ligj ose p\u00ebr t\u00eb mbrojtur t\u00eb drejtat tona.<\/p>\n<\/li>\n<\/ul>\n<\/div><div class=\"fusion-title title fusion-title-4 fusion-sep-none fusion-title-text fusion-title-size-four\" style=\"--awb-margin-top-small:10px;--awb-margin-right-small:0px;--awb-margin-bottom-small:10px;--awb-margin-left-small:0px;\"><h4 class=\"fusion-title-heading title-heading-left fusion-responsive-typography-calculated\" style=\"margin:0;--fontSize:35;line-height:1.37;\">4. T\u00eb drejtat dhe zgjedhjet tuaja<\/h4><\/div><div class=\"fusion-text fusion-text-5\"><p class=\"\" data-start=\"1608\" data-end=\"1671\">N\u00eb var\u00ebsi t\u00eb vendndodhjes tuaj, mund t\u00eb keni t\u00eb drejt\u00ebn p\u00ebr t\u00eb:<\/p>\n<ul data-start=\"1673\" data-end=\"1862\">\n<li class=\"\" data-start=\"1673\" data-end=\"1730\">\n<p class=\"\" data-start=\"1675\" data-end=\"1730\">Hyr\u00eb, p\u00ebrdit\u00ebsuar ose fshir\u00eb t\u00eb dh\u00ebnat tuaja personale.<\/p>\n<\/li>\n<li class=\"\" data-start=\"1732\" data-end=\"1790\">\n<p class=\"\" data-start=\"1734\" data-end=\"1790\">Kund\u00ebrshtuar ose kufizuar p\u00ebrpunimin e t\u00eb dh\u00ebnave tuaja.<\/p>\n<\/li>\n<li class=\"\" data-start=\"1792\" data-end=\"1862\">\n<p class=\"\" data-start=\"1794\" data-end=\"1862\">T\u00ebrhequr p\u00eblqimin n\u00eb \u00e7do koh\u00eb (p.sh. p\u00ebr komunikimet e marketingut).<\/p>\n<\/li>\n<\/ul>\n<p class=\"\" data-start=\"1864\" data-end=\"1937\">P\u00ebr t\u00eb ushtruar k\u00ebto t\u00eb drejta, ju lutem na kontaktoni n\u00eb&nbsp;<a href=\"&#x6d;&#97;&#105;l&#x74;&#x6f;&#58;i&#x6e;&#x66;&#111;&#64;&#x61;&#x72;&#111;n&#x69;&#x63;&#97;&#46;&#x63;&#x68;\">&#105;n&#102;o&#64;a&#x72;o&#x6e;i&#x63;a&#x2e;c&#x68;<\/a>.<\/p>\n<\/div><div class=\"fusion-title title fusion-title-5 fusion-sep-none fusion-title-text fusion-title-size-four\" style=\"--awb-margin-top-small:10px;--awb-margin-right-small:0px;--awb-margin-bottom-small:10px;--awb-margin-left-small:0px;\"><h4 class=\"fusion-title-heading title-heading-left fusion-responsive-typography-calculated\" style=\"margin:0;--fontSize:35;line-height:1.37;\">5. Siguria e t\u00eb dh\u00ebnave<\/h4><\/div><div class=\"fusion-text fusion-text-6\"><p>Zbatojm\u00eb masa t\u00eb p\u00ebrshtatshme sigurie p\u00ebr t\u00eb mbrojtur t\u00eb dh\u00ebnat tuaja. Megjithat\u00eb, asnj\u00eb metod\u00eb transmetimi n\u00eb internet nuk \u00ebsht\u00eb 100% e sigurt.<\/p>\n<\/div><div class=\"fusion-title title fusion-title-6 fusion-sep-none fusion-title-text fusion-title-size-four\" style=\"--awb-margin-top-small:10px;--awb-margin-right-small:0px;--awb-margin-bottom-small:10px;--awb-margin-left-small:0px;\"><h4 class=\"fusion-title-heading title-heading-left fusion-responsive-typography-calculated\" style=\"margin:0;--fontSize:35;line-height:1.37;\">6. Cookies<\/h4><\/div><div class=\"fusion-text fusion-text-7\"><p class=\"\" data-start=\"2130\" data-end=\"2364\">P\u00ebrdorim cookies p\u00ebr t\u00eb personalizuar p\u00ebrmbajtjen, ofruar funksionalitete t\u00eb rrjeteve sociale dhe analizuar trafikun. Ju mund t\u00eb menaxhoni preferencat tuaja p\u00ebr cookies n\u00eb cil\u00ebsimet e shfletuesit ose p\u00ebrmes banderol\u00ebs son\u00eb t\u00eb cookies.<\/p>\n<\/div><div class=\"fusion-title title fusion-title-7 fusion-sep-none fusion-title-text fusion-title-size-four\" style=\"--awb-margin-top-small:10px;--awb-margin-right-small:0px;--awb-margin-bottom-small:10px;--awb-margin-left-small:0px;\"><h4 class=\"fusion-title-heading title-heading-left fusion-responsive-typography-calculated\" style=\"margin:0;--fontSize:35;line-height:1.37;\">7. Lidhje t\u00eb pal\u00ebve t\u00eb treta<\/h4><\/div><div class=\"fusion-text fusion-text-8\"><p>Faqja jon\u00eb mund t\u00eb p\u00ebrmbaj\u00eb lidhje me faqe t\u00eb tjera. Ne nuk mbajm\u00eb p\u00ebrgjegj\u00ebsi p\u00ebr p\u00ebrmbajtjen apo praktikat e tyre t\u00eb privat\u00ebsis\u00eb.<\/p>\n<\/div><div class=\"fusion-title title fusion-title-8 fusion-sep-none fusion-title-text fusion-title-size-four\" style=\"--awb-margin-top-small:10px;--awb-margin-right-small:0px;--awb-margin-bottom-small:10px;--awb-margin-left-small:0px;\"><h4 class=\"fusion-title-heading title-heading-left fusion-responsive-typography-calculated\" style=\"margin:0;--fontSize:35;line-height:1.37;\">8. Privat\u00ebsia e f\u00ebmij\u00ebve<\/h4><\/div><div class=\"fusion-text fusion-text-9\"><p class=\"\" data-start=\"2563\" data-end=\"2692\">Sh\u00ebrbimet tona&nbsp;<strong data-start=\"2578\" data-end=\"2634\">nuk jan\u00eb t\u00eb destinuara p\u00ebr f\u00ebmij\u00eb n\u00ebn mosh\u00ebn 13 vje\u00e7<\/strong>. Nuk mbledhim me vet\u00ebdije t\u00eb dh\u00ebna personale nga f\u00ebmij\u00ebt.<\/p>\n<\/div><div class=\"fusion-title title fusion-title-9 fusion-sep-none fusion-title-text fusion-title-size-four\" style=\"--awb-margin-top-small:10px;--awb-margin-right-small:0px;--awb-margin-bottom-small:10px;--awb-margin-left-small:0px;\"><h4 class=\"fusion-title-heading title-heading-left fusion-responsive-typography-calculated\" style=\"margin:0;--fontSize:35;line-height:1.37;\">9. Ndryshime n\u00eb k\u00ebt\u00eb Politik\u00eb Privat\u00ebsie<\/h4><\/div><div class=\"fusion-text fusion-text-10\"><p class=\"\" data-start=\"2740\" data-end=\"2921\">Mund ta p\u00ebrdit\u00ebsojm\u00eb k\u00ebt\u00eb politik\u00eb her\u00eb pas here. Kur ta b\u00ebjm\u00eb, do ta p\u00ebrdit\u00ebsojm\u00eb \u201cDat\u00ebn e hyrjes n\u00eb fuqi\u201d n\u00eb krye t\u00eb faqes. Ju inkurajojm\u00eb ta rishikoni k\u00ebt\u00eb politik\u00eb periodikisht.<\/p>\n<\/div><div class=\"fusion-title title fusion-title-10 fusion-sep-none fusion-title-text fusion-title-size-four\" style=\"--awb-margin-top-small:10px;--awb-margin-right-small:0px;--awb-margin-bottom-small:10px;--awb-margin-left-small:0px;\"><h4 class=\"fusion-title-heading title-heading-left fusion-responsive-typography-calculated\" style=\"margin:0;--fontSize:35;line-height:1.37;\">10. Na kontaktoni<\/h4><\/div><div class=\"fusion-text fusion-text-11\"><p>N\u00ebse keni pyetje apo shqet\u00ebsime lidhur me k\u00ebt\u00eb Politik\u00eb Privat\u00ebsie, ju lutem na kontaktoni n\u00eb:<\/p>\n<\/div><div class=\"fusion-text fusion-text-12\"><p><strong data-start=\"3042\" data-end=\"3053\">ARONICA<\/strong><br data-start=\"3053\" data-end=\"3056\">Email:&nbsp;<a class=\"cursor-pointer\" href=\"&#109;&#x61;i&#x6c;&#x74;&#111;&#x3a;i&#110;&#x66;&#111;&#x40;a&#114;&#x6f;n&#x69;c&#97;&#x2e;c&#x68;\" rel=\"noopener\" data-start=\"3063\" data-end=\"3078\">inf&#111;&#64;&#97;&#x72;&#x6f;&#x6e;&#x69;&#x63;&#x61;&#46;ch<\/a><br data-start=\"3078\" data-end=\"3081\">Adresa: Rruga Tranzitit, 20000 Prizren, Kosov\u00eb<\/p>\n<\/div><\/div><\/div><\/div><\/div>\n","protected":false},"excerpt":{"rendered":"","protected":false},"author":1,"featured_media":0,"parent":0,"menu_order":6,"comment_status":"closed","ping_status":"closed","template":"100-width.php","meta":{"_acf_changed":false,"footnotes":""},"class_list":["post-21562","page","type-page","status-publish","hentry"],"acf":[],"yoast_head":"<!-- This site is optimized with the Yoast SEO plugin v27.4 - https:\/\/yoast.com\/product\/yoast-seo-wordpress\/ -->\n<title>Politika e privat\u00ebsis\u00eb - Aronica<\/title>\n<meta name=\"robots\" content=\"index, follow, max-snippet:-1, max-image-preview:large, max-video-preview:-1\" \/>\n<link rel=\"canonical\" href=\"https:\/\/aronica.ch\/sq\/politika-e-privatesise\/\" \/>\n<meta property=\"og:locale\" content=\"sq_AL\" \/>\n<meta property=\"og:type\" content=\"article\" \/>\n<meta property=\"og:title\" content=\"Politika e privat\u00ebsis\u00eb - Aronica\" \/>\n<meta property=\"og:url\" content=\"https:\/\/aronica.ch\/sq\/politika-e-privatesise\/\" \/>\n<meta property=\"og:site_name\" content=\"Aronica\" \/>\n<meta property=\"article:modified_time\" content=\"2026-03-16T10:52:38+00:00\" \/>\n<meta name=\"twitter:card\" content=\"summary_large_image\" \/>\n<meta name=\"twitter:label1\" content=\"Est. reading time\" \/>\n\t<meta name=\"twitter:data1\" content=\"13 minuta\" \/>\n<script type=\"application\/ld+json\" class=\"yoast-schema-graph\">{\"@context\":\"https:\\\/\\\/schema.org\",\"@graph\":[{\"@type\":\"WebPage\",\"@id\":\"https:\\\/\\\/aronica.ch\\\/sq\\\/politika-e-privatesise\\\/\",\"url\":\"https:\\\/\\\/aronica.ch\\\/sq\\\/politika-e-privatesise\\\/\",\"name\":\"Politika e privat\u00ebsis\u00eb - Aronica\",\"isPartOf\":{\"@id\":\"https:\\\/\\\/aronica.ch\\\/sq\\\/#website\"},\"datePublished\":\"2026-02-04T14:54:43+00:00\",\"dateModified\":\"2026-03-16T10:52:38+00:00\",\"breadcrumb\":{\"@id\":\"https:\\\/\\\/aronica.ch\\\/sq\\\/politika-e-privatesise\\\/#breadcrumb\"},\"inLanguage\":\"sq\",\"potentialAction\":[{\"@type\":\"ReadAction\",\"target\":[\"https:\\\/\\\/aronica.ch\\\/sq\\\/politika-e-privatesise\\\/\"]}]},{\"@type\":\"BreadcrumbList\",\"@id\":\"https:\\\/\\\/aronica.ch\\\/sq\\\/politika-e-privatesise\\\/#breadcrumb\",\"itemListElement\":[{\"@type\":\"ListItem\",\"position\":1,\"name\":\"Start\",\"item\":\"https:\\\/\\\/aronica.ch\\\/sq\\\/\"},{\"@type\":\"ListItem\",\"position\":2,\"name\":\"Politika e privat\u00ebsis\u00eb\"}]},{\"@type\":\"WebSite\",\"@id\":\"https:\\\/\\\/aronica.ch\\\/sq\\\/#website\",\"url\":\"https:\\\/\\\/aronica.ch\\\/sq\\\/\",\"name\":\"Aronica\",\"description\":\"Startseite\",\"potentialAction\":[{\"@type\":\"SearchAction\",\"target\":{\"@type\":\"EntryPoint\",\"urlTemplate\":\"https:\\\/\\\/aronica.ch\\\/sq\\\/?s={search_term_string}\"},\"query-input\":{\"@type\":\"PropertyValueSpecification\",\"valueRequired\":true,\"valueName\":\"search_term_string\"}}],\"inLanguage\":\"sq\"}]}<\/script>\n<!-- \/ Yoast SEO plugin. -->","yoast_head_json":{"title":"Politika e privat\u00ebsis\u00eb - Aronica","robots":{"index":"index","follow":"follow","max-snippet":"max-snippet:-1","max-image-preview":"max-image-preview:large","max-video-preview":"max-video-preview:-1"},"canonical":"https:\/\/aronica.ch\/sq\/politika-e-privatesise\/","og_locale":"sq_AL","og_type":"article","og_title":"Politika e privat\u00ebsis\u00eb - Aronica","og_url":"https:\/\/aronica.ch\/sq\/politika-e-privatesise\/","og_site_name":"Aronica","article_modified_time":"2026-03-16T10:52:38+00:00","twitter_card":"summary_large_image","twitter_misc":{"Est. reading time":"13 minuta"},"schema":{"@context":"https:\/\/schema.org","@graph":[{"@type":"WebPage","@id":"https:\/\/aronica.ch\/sq\/politika-e-privatesise\/","url":"https:\/\/aronica.ch\/sq\/politika-e-privatesise\/","name":"Politika e privat\u00ebsis\u00eb - Aronica","isPartOf":{"@id":"https:\/\/aronica.ch\/sq\/#website"},"datePublished":"2026-02-04T14:54:43+00:00","dateModified":"2026-03-16T10:52:38+00:00","breadcrumb":{"@id":"https:\/\/aronica.ch\/sq\/politika-e-privatesise\/#breadcrumb"},"inLanguage":"sq","potentialAction":[{"@type":"ReadAction","target":["https:\/\/aronica.ch\/sq\/politika-e-privatesise\/"]}]},{"@type":"BreadcrumbList","@id":"https:\/\/aronica.ch\/sq\/politika-e-privatesise\/#breadcrumb","itemListElement":[{"@type":"ListItem","position":1,"name":"Start","item":"https:\/\/aronica.ch\/sq\/"},{"@type":"ListItem","position":2,"name":"Politika e privat\u00ebsis\u00eb"}]},{"@type":"WebSite","@id":"https:\/\/aronica.ch\/sq\/#website","url":"https:\/\/aronica.ch\/sq\/","name":"Aronica","description":"Startseite","potentialAction":[{"@type":"SearchAction","target":{"@type":"EntryPoint","urlTemplate":"https:\/\/aronica.ch\/sq\/?s={search_term_string}"},"query-input":{"@type":"PropertyValueSpecification","valueRequired":true,"valueName":"search_term_string"}}],"inLanguage":"sq"}]}},"_links":{"self":[{"href":"https:\/\/aronica.ch\/sq\/wp-json\/wp\/v2\/pages\/21562","targetHints":{"allow":["GET"]}}],"collection":[{"href":"https:\/\/aronica.ch\/sq\/wp-json\/wp\/v2\/pages"}],"about":[{"href":"https:\/\/aronica.ch\/sq\/wp-json\/wp\/v2\/types\/page"}],"author":[{"embeddable":true,"href":"https:\/\/aronica.ch\/sq\/wp-json\/wp\/v2\/users\/1"}],"replies":[{"embeddable":true,"href":"https:\/\/aronica.ch\/sq\/wp-json\/wp\/v2\/comments?post=21562"}],"version-history":[{"count":3,"href":"https:\/\/aronica.ch\/sq\/wp-json\/wp\/v2\/pages\/21562\/revisions"}],"predecessor-version":[{"id":21565,"href":"https:\/\/aronica.ch\/sq\/wp-json\/wp\/v2\/pages\/21562\/revisions\/21565"}],"wp:attachment":[{"href":"https:\/\/aronica.ch\/sq\/wp-json\/wp\/v2\/media?parent=21562"}],"curies":[{"name":"wp","href":"https:\/\/api.w.org\/{rel}","templated":true}]}}